{"id":16788,"date":"2020-12-15T11:45:38","date_gmt":"2020-12-15T03:45:38","guid":{"rendered":"https:\/\/www.fjpremium.com\/?post_type=product&#038;p=16788"},"modified":"2023-12-14T13:56:39","modified_gmt":"2023-12-14T05:56:39","slug":"per-terminated-cat6-copper-trunk-cables-6x-utp-male-female-network-cable-trunking","status":"publish","type":"product","link":"https:\/\/www.fjpremium.com\/pt\/product\/per-terminated-cat6-copper-trunk-cables-6x-utp-male-female-network-cable-trunking\/","title":{"rendered":"Cabo UTP Cat6, cabo de rede macho-f\u00eamea"},"content":{"rendered":"<p>O nosso cabo UTP cat6 \u00e9 um conjunto de cabos troncais pr\u00e9-terminados concebido para melhorar a efici\u00eancia e reduzir os custos de m\u00e3o de obra em grandes infra-estruturas de rede com liga\u00e7\u00f5es cruzadas de alta densidade e sistemas de corre\u00e7\u00e3o.<\/p>\n<p>Suporta uma velocidade de 1 Gigabit e tem 12 m\u00f3dulos de tomada soltos em ambas as extremidades, permitindo uma instala\u00e7\u00e3o plug-and-play simples.<\/p>\n<p>Uma das principais caracter\u00edsticas deste cabo UTP cat6 s\u00e3o os tipos de conectores personalizados, incluindo combina\u00e7\u00f5es de ficha-ficha, jack-jack e ficha-jack, que podem ser adaptados \u00e0s suas necessidades espec\u00edficas.<\/p>\n<p>Os conectores de alta qualidade garantem a fiabilidade e a estabilidade do sistema.<\/p>\n<p>Al\u00e9m disso, a manga de malha entran\u00e7ada mant\u00e9m o cabo limpo e promove um melhor fluxo de ar, contribuindo para um ambiente de rede mais organizado e eficiente.<\/p>\n<p>A instala\u00e7\u00e3o r\u00e1pida e f\u00e1cil \u00e9 outra vantagem do cabo. Cada conjunto de cabos \u00e9 testado rigorosamente para ajudar a garantir uma instala\u00e7\u00e3o suave e eficiente.<\/p>\n<p>E cada conjunto de troncos recebe um n\u00famero de identifica\u00e7\u00e3o individual, facilitando a gest\u00e3o e a manuten\u00e7\u00e3o da sua rede.<\/p>\n<p>Al\u00e9m disso, o nosso cabo UTP cat6 est\u00e1 dispon\u00edvel em diferentes cores e comprimentos, proporcionando flexibilidade para v\u00e1rios requisitos de rede.<\/p>\n<p>Tamb\u00e9m est\u00e1 em conformidade com as normas ROHS e REACH, garantindo que os nossos produtos cumprem as mais elevadas normas ambientais e de seguran\u00e7a.<\/p>\n<p>As especifica\u00e7\u00f5es deste cabo UTP cat6 incluem o seguinte:<\/p>\n<ul>\n<li>Condutor: Cobre nu<\/li>\n<li>Bitola do fio: 26AWG ou 24AWG<\/li>\n<li>Isolamento: PEAD<\/li>\n<li>Cores do isolamento: Azul\/Branco, Azul; Laranja\/Branco, Laranja; Verde\/Branco, Verde; Castanho\/Branco, Castanho<\/li>\n<li>Blindagem: Nenhuma<\/li>\n<li>Tran\u00e7a: Nenhum<\/li>\n<li>Revestimento: PVC<\/li>\n<li>Di\u00e2metro exterior: 6,0\u00b10,2mm<\/li>\n<li>Conector 1: RJ45 UTP<\/li>\n<li>Conector 1: RJ45 UTP<\/li>\n<li>Contacto: Banhado a ouro 3U<\/li>\n<li>Testes: Aparelho de teste Fluke<\/li>\n<\/ul>\n<p>Globalmente, este cabo oferece uma solu\u00e7\u00e3o de elevado desempenho, fi\u00e1vel e eficiente para grandes infra-estruturas de rede.<\/p>\n<p>Confie em n\u00f3s como seu fornecedor grossista de cabos, adaptadores e produtos electr\u00f3nicos de consumo de alta qualidade e experimente a efici\u00eancia e fiabilidade dos nossos produtos hoje mesmo.<\/p>\n<h2>Descarregar:<\/h2>\n<ul>\n<li>Folha de dados do cabo de tronco de cobre pr\u00e9-terminado Cat6<\/li>\n<\/ul>\n<h2>Informa\u00e7\u00f5es sobre a encomenda:<\/h2>\n<p>FS17402A**-xxx: Cabo de tronco de cobre pr\u00e9-terminado Cat6 U\/UTP, 6 fichas para 6 fichas<\/p>\n<p>FS17402B**-xxx: Cabo de tronco de cobre pr\u00e9-terminado Cat6 U\/UTP, 6 tomadas para 6 tomadas<\/p>\n<p>FS17402C**-xxx: Cabo de tronco de cobre pr\u00e9-terminado Cat6 U\/UTP, 6 tomadas para 6 tomadas<\/p>\n<ul>\n<li>**=cor: GY=CINZA, BK=PRETO, WT=BRANCO, BU=AZUL, RD=VERMELHO, YL=AMARELO, OG=LARanja, GN=VERDE<\/li>\n<li>xxx=Comprimento: 030=3,0M, 050=5,0M, 075=7,5M, 100=10M, 200=20M, 300=30M<\/li>\n<li>Por exemplo FS17402BBU-030= Cabo de tronco de cobre pr\u00e9-terminado Cat6 U\/UTP, 6 fichas para 6 tomadas, 3M de comprimento<\/li>\n<\/ul>","protected":false},"excerpt":{"rendered":"<p>Apresentamos o cabo UTP cat6 da Farsince, uma solu\u00e7\u00e3o fi\u00e1vel e eficiente para infra-estruturas de rede de alta densidade.<\/p>","protected":false},"featured_media":16832,"template":"","meta":{"_acf_changed":false,"_seopress_robots_primary_cat":"","_seopress_titles_title":"Best Cat6 UTP Cable - Farsince","_seopress_titles_desc":"","_seopress_robots_index":"","site-sidebar-layout":"default","site-content-layout":"default","ast-site-content-layout":"default","site-content-style":"default","site-sidebar-style":"default","ast-global-header-display":"","ast-banner-title-visibility":"","ast-main-header-display":"","ast-hfb-above-header-display":"","ast-hfb-below-header-display":"","ast-hfb-mobile-header-display":"","site-post-title":"","ast-breadcrumbs-content":"","ast-featured-img":"","footer-sml-layout":"","ast-disable-related-posts":"","theme-transparent-header-meta":"default","adv-header-id-meta":"","stick-header-meta":"","header-above-stick-meta":"","header-main-stick-meta":"","header-below-stick-meta":"","astra-migrate-meta-layouts":"default","ast-page-background-enabled":"default","ast-page-background-meta":{"desktop":{"background-color":"","background-image":"","background-repeat":"repeat","background-position":"center center","background-size":"auto","background-attachment":"scroll","background-type":"","background-media":"","overlay-type":"","overlay-color":"","overlay-opacity":"","overlay-gradient":""},"tablet":{"background-color":"","background-image":"","background-repeat":"repeat","background-position":"center center","background-size":"auto","background-attachment":"scroll","background-type":"","background-media":"","overlay-type":"","overlay-color":"","overlay-opacity":"","overlay-gradient":""},"mobile":{"background-color":"","background-image":"","background-repeat":"repeat","background-position":"center center","background-size":"auto","background-attachment":"scroll","background-type":"","background-media":"","overlay-type":"","overlay-color":"","overlay-opacity":"","overlay-gradient":""}},"ast-content-background-meta":{"desktop":{"background-color":"var(--ast-global-color-5)","background-image":"","background-repeat":"repeat","background-position":"center center","background-size":"auto","background-attachment":"scroll","background-type":"","background-media":"","overlay-type":"","overlay-color":"","overlay-opacity":"","overlay-gradient":""},"tablet":{"background-color":"var(--ast-global-color-5)","background-image":"","background-repeat":"repeat","background-position":"center center","background-size":"auto","background-attachment":"scroll","background-type":"","background-media":"","overlay-type":"","overlay-color":"","overlay-opacity":"","overlay-gradient":""},"mobile":{"background-color":"var(--ast-global-color-5)","background-image":"","background-repeat":"repeat","background-position":"center center","background-size":"auto","background-attachment":"scroll","background-type":"","background-media":"","overlay-type":"","overlay-color":"","overlay-opacity":"","overlay-gradient":""}},"iawp_total_views":15},"product_brand":[],"product_cat":[631,209],"product_tag":[],"class_list":{"0":"post-16788","1":"product","2":"type-product","3":"status-publish","4":"has-post-thumbnail","6":"product_cat-patch-cables","7":"product_cat-ethernet-cable","8":"desktop-align-left","9":"tablet-align-left","10":"mobile-align-left","12":"first","13":"instock","14":"shipping-taxable","15":"purchasable","16":"product-type-simple"},"acf":[],"_links":{"self":[{"href":"https:\/\/www.fjpremium.com\/pt\/wp-json\/wp\/v2\/product\/16788","targetHints":{"allow":["GET"]}}],"collection":[{"href":"https:\/\/www.fjpremium.com\/pt\/wp-json\/wp\/v2\/product"}],"about":[{"href":"https:\/\/www.fjpremium.com\/pt\/wp-json\/wp\/v2\/types\/product"}],"wp:featuredmedia":[{"embeddable":true,"href":"https:\/\/www.fjpremium.com\/pt\/wp-json\/wp\/v2\/media\/16832"}],"wp:attachment":[{"href":"https:\/\/www.fjpremium.com\/pt\/wp-json\/wp\/v2\/media?parent=16788"}],"wp:term":[{"taxonomy":"product_brand","embeddable":true,"href":"https:\/\/www.fjpremium.com\/pt\/wp-json\/wp\/v2\/product_brand?post=16788"},{"taxonomy":"product_cat","embeddable":true,"href":"https:\/\/www.fjpremium.com\/pt\/wp-json\/wp\/v2\/product_cat?post=16788"},{"taxonomy":"product_tag","embeddable":true,"href":"https:\/\/www.fjpremium.com\/pt\/wp-json\/wp\/v2\/product_tag?post=16788"}],"curies":[{"name":"wp","href":"https:\/\/api.w.org\/{rel}","templated":true}]}}