{"id":16787,"date":"2020-12-15T11:45:37","date_gmt":"2020-12-15T03:45:37","guid":{"rendered":"https:\/\/www.fjpremium.com\/?post_type=product&#038;p=16787"},"modified":"2023-12-14T13:56:40","modified_gmt":"2023-12-14T05:56:40","slug":"per-terminated-cat5e-copper-trunk-cables-6x-utp-male-female-network-cable-trunking","status":"publish","type":"product","link":"https:\/\/www.fjpremium.com\/pt\/product\/per-terminated-cat5e-copper-trunk-cables-6x-utp-male-female-network-cable-trunking\/","title":{"rendered":"Cabos UTP de tronco de cobre Cat5e terminados"},"content":{"rendered":"<p>Estes cabos UTP foram concebidos para suportar velocidades de 1000Base-T, garantindo um desempenho \u00f3timo em qualquer ambiente de rede.<\/p>\n<p>As suas principais caracter\u00edsticas incluem tipos de conectores personalizados (Plug-Plug, Jack-Jack e Plug-Jack) adaptados \u00e0s suas necessidades espec\u00edficas, conectores de alta qualidade para uma maior fiabilidade e estabilidade do sistema e uma manga de malha entran\u00e7ada para uma organiza\u00e7\u00e3o limpa e um melhor fluxo de ar.<\/p>\n<p>Os conjuntos de cabos s\u00e3o rigorosamente testados para garantir uma instala\u00e7\u00e3o eficiente, enquanto o processo de configura\u00e7\u00e3o r\u00e1pido e f\u00e1cil reduz os custos de m\u00e3o de obra.<\/p>\n<p>A cada conjunto de ba\u00fas \u00e9 atribu\u00eddo um n\u00famero de identifica\u00e7\u00e3o individual para facilitar o rastreio e a organiza\u00e7\u00e3o.<\/p>\n<p>E os cabos de tronco est\u00e3o dispon\u00edveis em v\u00e1rias cores e comprimentos, garantindo uma adapta\u00e7\u00e3o perfeita ao seu projeto.<\/p>\n<p>Al\u00e9m disso, em conformidade com as normas ROHS e REACH, estes cabos UTP s\u00e3o constitu\u00eddos por condutores de cobre nu, isolamento HDPE e um revestimento de PVC.<\/p>\n<p>O seu di\u00e2metro exterior mede 5,0\u00b10,2 mm e est\u00e1 equipado com conectores RJ45 UTP com contactos 3U banhados a ouro.<\/p>\n<p>Verificado pelo testador Fluke, o cabo tamb\u00e9m proporciona um desempenho e uma efici\u00eancia sem paralelo para as suas necessidades de liga\u00e7\u00e3o em rede.<\/p>\n<p>Em conclus\u00e3o, confie em n\u00f3s para fornecer a combina\u00e7\u00e3o perfeita de efici\u00eancia, desempenho e qualidade para todas as suas necessidades de rede.<\/p>\n<h2>Descarregar:<\/h2>\n<ul>\n<li>Folha de dados do cabo de tronco de cobre pr\u00e9-terminado Cat5e<\/li>\n<\/ul>\n<h2>Informa\u00e7\u00f5es sobre a encomenda:<\/h2>\n<p>FS17401A**-xxx: Cabo de tronco de cobre pr\u00e9-terminado Cat5e U\/UTP, 6 fichas para 6 fichas<\/p>\n<p>FS17401B**-xxx: Cabo de tronco de cobre pr\u00e9-terminado Cat5e U\/UTP, 6 fichas para 6 tomadas<\/p>\n<p>FS17401C**-xxx: Cabo de tronco de cobre pr\u00e9-terminado Cat5e U\/UTP, 6 tomadas para 6 tomadas<\/p>\n<ul>\n<li>**=cor: GY=CINZA, BK=PRETO, WT=BRANCO, BU=AZUL, RD=VERMELHO, YL=AMARELO, OG=LARanja, GN=VERDE<\/li>\n<li>xxx=Comprimento: 030=3,0M, 050=5,0M, 075=7,5M, 100=10M, 200=20M, 300=30M<\/li>\n<li>Por exemplo: FS17401BBU-030= Cabo de tronco de cobre pr\u00e9-terminado Cat5e U\/UTP, 6 tomadas para 6 tomadas, 3M de comprimento<\/li>\n<\/ul>","protected":false},"excerpt":{"rendered":"<p>Melhore os seus projectos com os nossos cabos UTP de tronco de cobre cat5e pr\u00e9-terminados, uma solu\u00e7\u00e3o altamente eficiente para sistemas de liga\u00e7\u00e3o cruzada e de liga\u00e7\u00e3o de patches de alta densidade.<\/p>","protected":false},"featured_media":16824,"template":"","meta":{"_acf_changed":false,"_seopress_robots_primary_cat":"","_seopress_titles_title":"Best Per-terminated Cat5e Copper Trunk UTP Cables - Farsince","_seopress_titles_desc":"","_seopress_robots_index":"","site-sidebar-layout":"default","site-content-layout":"default","ast-site-content-layout":"default","site-content-style":"default","site-sidebar-style":"default","ast-global-header-display":"","ast-banner-title-visibility":"","ast-main-header-display":"","ast-hfb-above-header-display":"","ast-hfb-below-header-display":"","ast-hfb-mobile-header-display":"","site-post-title":"","ast-breadcrumbs-content":"","ast-featured-img":"","footer-sml-layout":"","ast-disable-related-posts":"","theme-transparent-header-meta":"default","adv-header-id-meta":"","stick-header-meta":"","header-above-stick-meta":"","header-main-stick-meta":"","header-below-stick-meta":"","astra-migrate-meta-layouts":"default","ast-page-background-enabled":"default","ast-page-background-meta":{"desktop":{"background-color":"","background-image":"","background-repeat":"repeat","background-position":"center center","background-size":"auto","background-attachment":"scroll","background-type":"","background-media":"","overlay-type":"","overlay-color":"","overlay-opacity":"","overlay-gradient":""},"tablet":{"background-color":"","background-image":"","background-repeat":"repeat","background-position":"center center","background-size":"auto","background-attachment":"scroll","background-type":"","background-media":"","overlay-type":"","overlay-color":"","overlay-opacity":"","overlay-gradient":""},"mobile":{"background-color":"","background-image":"","background-repeat":"repeat","background-position":"center center","background-size":"auto","background-attachment":"scroll","background-type":"","background-media":"","overlay-type":"","overlay-color":"","overlay-opacity":"","overlay-gradient":""}},"ast-content-background-meta":{"desktop":{"background-color":"var(--ast-global-color-5)","background-image":"","background-repeat":"repeat","background-position":"center center","background-size":"auto","background-attachment":"scroll","background-type":"","background-media":"","overlay-type":"","overlay-color":"","overlay-opacity":"","overlay-gradient":""},"tablet":{"background-color":"var(--ast-global-color-5)","background-image":"","background-repeat":"repeat","background-position":"center center","background-size":"auto","background-attachment":"scroll","background-type":"","background-media":"","overlay-type":"","overlay-color":"","overlay-opacity":"","overlay-gradient":""},"mobile":{"background-color":"var(--ast-global-color-5)","background-image":"","background-repeat":"repeat","background-position":"center center","background-size":"auto","background-attachment":"scroll","background-type":"","background-media":"","overlay-type":"","overlay-color":"","overlay-opacity":"","overlay-gradient":""}},"iawp_total_views":2},"product_brand":[],"product_cat":[631,209],"product_tag":[],"class_list":{"0":"post-16787","1":"product","2":"type-product","3":"status-publish","4":"has-post-thumbnail","6":"product_cat-patch-cables","7":"product_cat-ethernet-cable","8":"desktop-align-left","9":"tablet-align-left","10":"mobile-align-left","12":"first","13":"instock","14":"shipping-taxable","15":"purchasable","16":"product-type-simple"},"acf":[],"_links":{"self":[{"href":"https:\/\/www.fjpremium.com\/pt\/wp-json\/wp\/v2\/product\/16787","targetHints":{"allow":["GET"]}}],"collection":[{"href":"https:\/\/www.fjpremium.com\/pt\/wp-json\/wp\/v2\/product"}],"about":[{"href":"https:\/\/www.fjpremium.com\/pt\/wp-json\/wp\/v2\/types\/product"}],"wp:featuredmedia":[{"embeddable":true,"href":"https:\/\/www.fjpremium.com\/pt\/wp-json\/wp\/v2\/media\/16824"}],"wp:attachment":[{"href":"https:\/\/www.fjpremium.com\/pt\/wp-json\/wp\/v2\/media?parent=16787"}],"wp:term":[{"taxonomy":"product_brand","embeddable":true,"href":"https:\/\/www.fjpremium.com\/pt\/wp-json\/wp\/v2\/product_brand?post=16787"},{"taxonomy":"product_cat","embeddable":true,"href":"https:\/\/www.fjpremium.com\/pt\/wp-json\/wp\/v2\/product_cat?post=16787"},{"taxonomy":"product_tag","embeddable":true,"href":"https:\/\/www.fjpremium.com\/pt\/wp-json\/wp\/v2\/product_tag?post=16787"}],"curies":[{"name":"wp","href":"https:\/\/api.w.org\/{rel}","templated":true}]}}