{"id":16785,"date":"2020-12-15T11:45:20","date_gmt":"2020-12-15T03:45:20","guid":{"rendered":"https:\/\/www.fjpremium.com\/?post_type=product&#038;p=16785"},"modified":"2023-12-14T13:56:41","modified_gmt":"2023-12-14T05:56:41","slug":"cat6-rj45-unshielded-field-termination-plug-with-plastic-boot","status":"publish","type":"product","link":"https:\/\/www.fjpremium.com\/pt\/product\/cat6-rj45-unshielded-field-termination-plug-with-plastic-boot\/","title":{"rendered":"Ficha de termina\u00e7\u00e3o de campo Cat6 n\u00e3o blindada com bota de pl\u00e1stico"},"content":{"rendered":"<p>Capaz de suportar aplica\u00e7\u00f5es Ethernet de 10 Gigabit e uma largura de banda at\u00e9 250MHz, a nossa ficha de termina\u00e7\u00e3o de campo cat6 com arranque de pl\u00e1stico garante que a sua rede funciona com o m\u00e1ximo desempenho.<\/p>\n<p>O design sem ferramentas desta ficha de termina\u00e7\u00e3o de campo cat6 permite uma instala\u00e7\u00e3o r\u00e1pida e sem esfor\u00e7o, sem necessidade de uma ferramenta de engaste. O seu inv\u00f3lucro dur\u00e1vel em liga de zinco fundido sob press\u00e3o contribui para a longevidade da ficha.<\/p>\n<p>E a ficha RJ45 \u00e9 fornecida com contactos banhados a ouro 50u e uma tampa protetora contra o p\u00f3, garantindo liga\u00e7\u00f5es fi\u00e1veis e consistentes em v\u00e1rios ambientes.<\/p>\n<p>A ficha \u00e9 compat\u00edvel com fios de cobre nu AWG24-23 com di\u00e2metros entre 0,50 e 0,58 mm e suporta as configura\u00e7\u00f5es de cablagem T568A e T568B.<\/p>\n<p>Com uma resist\u00eancia de contacto m\u00e1xima de 100M\u03a9 e uma resist\u00eancia de isolamento m\u00ednima de 500M\u03a9, garante uma transmiss\u00e3o de dados eficiente.<\/p>\n<p>Tamb\u00e9m tem uma perda de retorno de 5,9 dB e funciona em temperaturas que variam de -10 a 60 graus Celsius.<\/p>\n<p>Al\u00e9m disso, certificada pela ROHS, a nossa ficha cumpre as mais elevadas normas ambientais e de seguran\u00e7a.<\/p>\n<p>Cada embalagem inclui um saco com fecho de correr que cont\u00e9m a ficha de campo, a tampa do p\u00f3, a bra\u00e7adeira de nylon para cabos e um guia do utilizador para uma instala\u00e7\u00e3o f\u00e1cil.<\/p>\n<p>Por isso, confie em n\u00f3s como o seu principal fornecedor grossista de cabos, adaptadores e produtos electr\u00f3nicos de consumo excepcionais e eleve a sua infraestrutura de rede com a nossa ficha de termina\u00e7\u00e3o de campo cat6 de \u00faltima gera\u00e7\u00e3o.<\/p>\n<h2>Informa\u00e7\u00f5es sobre a encomenda:<\/h2>\n<ul>\n<li>FS7203-C6: Ficha de termina\u00e7\u00e3o de campo n\u00e3o blindada Cat6<\/li>\n<\/ul>","protected":false},"excerpt":{"rendered":"<p>Esta ficha de termina\u00e7\u00e3o de campo cat6 n\u00e3o blindada de n\u00edvel superior \u00e9 perfeita para configura\u00e7\u00f5es de rede exigentes, como centros de dados de alto desempenho e armazenamento em nuvem NAS.<\/p>","protected":false},"featured_media":16808,"template":"","meta":{"_acf_changed":false,"_seopress_robots_primary_cat":"","_seopress_titles_title":"Best Cat6 Field Termination Plug - Farsince","_seopress_titles_desc":"","_seopress_robots_index":"","site-sidebar-layout":"default","site-content-layout":"default","ast-site-content-layout":"default","site-content-style":"default","site-sidebar-style":"default","ast-global-header-display":"","ast-banner-title-visibility":"","ast-main-header-display":"","ast-hfb-above-header-display":"","ast-hfb-below-header-display":"","ast-hfb-mobile-header-display":"","site-post-title":"","ast-breadcrumbs-content":"","ast-featured-img":"","footer-sml-layout":"","ast-disable-related-posts":"","theme-transparent-header-meta":"default","adv-header-id-meta":"","stick-header-meta":"","header-above-stick-meta":"","header-main-stick-meta":"","header-below-stick-meta":"","astra-migrate-meta-layouts":"default","ast-page-background-enabled":"default","ast-page-background-meta":{"desktop":{"background-color":"","background-image":"","background-repeat":"repeat","background-position":"center center","background-size":"auto","background-attachment":"scroll","background-type":"","background-media":"","overlay-type":"","overlay-color":"","overlay-opacity":"","overlay-gradient":""},"tablet":{"background-color":"","background-image":"","background-repeat":"repeat","background-position":"center center","background-size":"auto","background-attachment":"scroll","background-type":"","background-media":"","overlay-type":"","overlay-color":"","overlay-opacity":"","overlay-gradient":""},"mobile":{"background-color":"","background-image":"","background-repeat":"repeat","background-position":"center center","background-size":"auto","background-attachment":"scroll","background-type":"","background-media":"","overlay-type":"","overlay-color":"","overlay-opacity":"","overlay-gradient":""}},"ast-content-background-meta":{"desktop":{"background-color":"var(--ast-global-color-5)","background-image":"","background-repeat":"repeat","background-position":"center center","background-size":"auto","background-attachment":"scroll","background-type":"","background-media":"","overlay-type":"","overlay-color":"","overlay-opacity":"","overlay-gradient":""},"tablet":{"background-color":"var(--ast-global-color-5)","background-image":"","background-repeat":"repeat","background-position":"center center","background-size":"auto","background-attachment":"scroll","background-type":"","background-media":"","overlay-type":"","overlay-color":"","overlay-opacity":"","overlay-gradient":""},"mobile":{"background-color":"var(--ast-global-color-5)","background-image":"","background-repeat":"repeat","background-position":"center center","background-size":"auto","background-attachment":"scroll","background-type":"","background-media":"","overlay-type":"","overlay-color":"","overlay-opacity":"","overlay-gradient":""}},"iawp_total_views":14},"product_brand":[],"product_cat":[631,209],"product_tag":[],"class_list":{"0":"post-16785","1":"product","2":"type-product","3":"status-publish","4":"has-post-thumbnail","6":"product_cat-patch-cables","7":"product_cat-ethernet-cable","8":"desktop-align-left","9":"tablet-align-left","10":"mobile-align-left","12":"first","13":"instock","14":"shipping-taxable","15":"purchasable","16":"product-type-simple"},"acf":[],"_links":{"self":[{"href":"https:\/\/www.fjpremium.com\/pt\/wp-json\/wp\/v2\/product\/16785","targetHints":{"allow":["GET"]}}],"collection":[{"href":"https:\/\/www.fjpremium.com\/pt\/wp-json\/wp\/v2\/product"}],"about":[{"href":"https:\/\/www.fjpremium.com\/pt\/wp-json\/wp\/v2\/types\/product"}],"wp:featuredmedia":[{"embeddable":true,"href":"https:\/\/www.fjpremium.com\/pt\/wp-json\/wp\/v2\/media\/16808"}],"wp:attachment":[{"href":"https:\/\/www.fjpremium.com\/pt\/wp-json\/wp\/v2\/media?parent=16785"}],"wp:term":[{"taxonomy":"product_brand","embeddable":true,"href":"https:\/\/www.fjpremium.com\/pt\/wp-json\/wp\/v2\/product_brand?post=16785"},{"taxonomy":"product_cat","embeddable":true,"href":"https:\/\/www.fjpremium.com\/pt\/wp-json\/wp\/v2\/product_cat?post=16785"},{"taxonomy":"product_tag","embeddable":true,"href":"https:\/\/www.fjpremium.com\/pt\/wp-json\/wp\/v2\/product_tag?post=16785"}],"curies":[{"name":"wp","href":"https:\/\/api.w.org\/{rel}","templated":true}]}}