{"id":16783,"date":"2020-12-15T11:45:18","date_gmt":"2020-12-15T03:45:18","guid":{"rendered":"https:\/\/www.fjpremium.com\/?post_type=product&#038;p=16783"},"modified":"2023-12-14T13:56:42","modified_gmt":"2023-12-14T05:56:42","slug":"industrial-first-class-cat7-6a-rj45-shielded-field-termination-plug-with-plastic-boot","status":"publish","type":"product","link":"https:\/\/www.fjpremium.com\/pt\/product\/industrial-first-class-cat7-6a-rj45-shielded-field-termination-plug-with-plastic-boot\/","title":{"rendered":"Ficha de termina\u00e7\u00e3o de campo RJ45 Cat6A\/7 blindada com bota de pl\u00e1stico"},"content":{"rendered":"<p>Com a capacidade de suportar aplica\u00e7\u00f5es 10 Gigabit Ethernet e uma largura de banda at\u00e9 600MHz, esta ficha RJ45 cat6A garante uma efici\u00eancia de rede \u00f3ptima.<\/p>\n<p>Uma das caracter\u00edsticas distintivas da ficha \u00e9 a sua conce\u00e7\u00e3o sem ferramentas, permitindo uma instala\u00e7\u00e3o r\u00e1pida e sem esfor\u00e7o, sem necessidade de uma ferramenta de engaste.<\/p>\n<p>A sua caixa de fundi\u00e7\u00e3o injectada em liga de zinco proporciona uma maior durabilidade e longevidade.<\/p>\n<p>Al\u00e9m disso, est\u00e1 equipado com contactos banhados a ouro 50u e uma tampa anti-p\u00f3, garantindo liga\u00e7\u00f5es est\u00e1veis e fi\u00e1veis em v\u00e1rias condi\u00e7\u00f5es.<\/p>\n<p>A nossa ficha acomoda fios de cobre nu AWG24-22 com di\u00e2metros que variam entre 0,50 e 0,64 mm e suporta os esquemas de cablagem T568A e T568B.<\/p>\n<p>Com uma resist\u00eancia de contacto m\u00e1xima de 100M\u03a9 e uma resist\u00eancia de isolamento m\u00ednima de 500M\u03a9, garante uma transmiss\u00e3o de dados eficiente.<\/p>\n<p>Al\u00e9m disso, apresenta uma perda de retorno de 5,9 dB e uma gama de temperaturas de funcionamento de -10 a 60 graus Celsius.<\/p>\n<p>Al\u00e9m disso, em conformidade com a certifica\u00e7\u00e3o ROHS, esta ficha RJ45 cat6A cumpre as mais elevadas normas ambientais e de seguran\u00e7a.<\/p>\n<p>Cada embalagem \u00e9 acondicionada num saco com fecho de correr e inclui o seguinte<\/p>\n<ul>\n<li>Uma ficha de campo<\/li>\n<li>Uma tampa de prote\u00e7\u00e3o contra o p\u00f3<\/li>\n<li>Uma bra\u00e7adeira de nylon para cabos<\/li>\n<li>Guia do utilizador<\/li>\n<\/ul>\n<p>Em conclus\u00e3o, a nossa ficha de termina\u00e7\u00e3o de campo RJ45 cat6A\/7 blindada com bota de pl\u00e1stico oferece uma solu\u00e7\u00e3o de qualidade superior para aplica\u00e7\u00f5es de rede de elevado desempenho.<\/p>\n<p>Confie em n\u00f3s como o seu fornecedor grossista preferido de cabos, adaptadores e produtos electr\u00f3nicos de consumo de alta qualidade e contacte-nos hoje mesmo!<\/p>\n<h2>Informa\u00e7\u00f5es sobre a encomenda:<\/h2>\n<ul>\n<li>FS7202-C7: Ficha de termina\u00e7\u00e3o de campo blindada Cat7<\/li>\n<li>FS7202-C6A: Ficha de termina\u00e7\u00e3o de campo blindada Cat6A<\/li>\n<\/ul>","protected":false},"excerpt":{"rendered":"<p>Atualize o desempenho da sua rede com nosso plugue de termina\u00e7\u00e3o de campo RJ45 cat6A\/7 blindado, perfeito para data centers de alto desempenho e armazenamento em nuvem NAS.<\/p>","protected":false},"featured_media":16800,"template":"","meta":{"_acf_changed":false,"_seopress_robots_primary_cat":"","_seopress_titles_title":"","_seopress_titles_desc":"","_seopress_robots_index":"","site-sidebar-layout":"default","site-content-layout":"default","ast-site-content-layout":"default","site-content-style":"default","site-sidebar-style":"default","ast-global-header-display":"","ast-banner-title-visibility":"","ast-main-header-display":"","ast-hfb-above-header-display":"","ast-hfb-below-header-display":"","ast-hfb-mobile-header-display":"","site-post-title":"","ast-breadcrumbs-content":"","ast-featured-img":"","footer-sml-layout":"","ast-disable-related-posts":"","theme-transparent-header-meta":"default","adv-header-id-meta":"","stick-header-meta":"","header-above-stick-meta":"","header-main-stick-meta":"","header-below-stick-meta":"","astra-migrate-meta-layouts":"default","ast-page-background-enabled":"default","ast-page-background-meta":{"desktop":{"background-color":"","background-image":"","background-repeat":"repeat","background-position":"center center","background-size":"auto","background-attachment":"scroll","background-type":"","background-media":"","overlay-type":"","overlay-color":"","overlay-opacity":"","overlay-gradient":""},"tablet":{"background-color":"","background-image":"","background-repeat":"repeat","background-position":"center center","background-size":"auto","background-attachment":"scroll","background-type":"","background-media":"","overlay-type":"","overlay-color":"","overlay-opacity":"","overlay-gradient":""},"mobile":{"background-color":"","background-image":"","background-repeat":"repeat","background-position":"center center","background-size":"auto","background-attachment":"scroll","background-type":"","background-media":"","overlay-type":"","overlay-color":"","overlay-opacity":"","overlay-gradient":""}},"ast-content-background-meta":{"desktop":{"background-color":"var(--ast-global-color-5)","background-image":"","background-repeat":"repeat","background-position":"center center","background-size":"auto","background-attachment":"scroll","background-type":"","background-media":"","overlay-type":"","overlay-color":"","overlay-opacity":"","overlay-gradient":""},"tablet":{"background-color":"var(--ast-global-color-5)","background-image":"","background-repeat":"repeat","background-position":"center center","background-size":"auto","background-attachment":"scroll","background-type":"","background-media":"","overlay-type":"","overlay-color":"","overlay-opacity":"","overlay-gradient":""},"mobile":{"background-color":"var(--ast-global-color-5)","background-image":"","background-repeat":"repeat","background-position":"center center","background-size":"auto","background-attachment":"scroll","background-type":"","background-media":"","overlay-type":"","overlay-color":"","overlay-opacity":"","overlay-gradient":""}},"iawp_total_views":28},"product_brand":[],"product_cat":[631,209],"product_tag":[],"class_list":{"0":"post-16783","1":"product","2":"type-product","3":"status-publish","4":"has-post-thumbnail","6":"product_cat-patch-cables","7":"product_cat-ethernet-cable","8":"desktop-align-left","9":"tablet-align-left","10":"mobile-align-left","12":"first","13":"instock","14":"shipping-taxable","15":"purchasable","16":"product-type-simple"},"acf":[],"_links":{"self":[{"href":"https:\/\/www.fjpremium.com\/pt\/wp-json\/wp\/v2\/product\/16783","targetHints":{"allow":["GET"]}}],"collection":[{"href":"https:\/\/www.fjpremium.com\/pt\/wp-json\/wp\/v2\/product"}],"about":[{"href":"https:\/\/www.fjpremium.com\/pt\/wp-json\/wp\/v2\/types\/product"}],"wp:featuredmedia":[{"embeddable":true,"href":"https:\/\/www.fjpremium.com\/pt\/wp-json\/wp\/v2\/media\/16800"}],"wp:attachment":[{"href":"https:\/\/www.fjpremium.com\/pt\/wp-json\/wp\/v2\/media?parent=16783"}],"wp:term":[{"taxonomy":"product_brand","embeddable":true,"href":"https:\/\/www.fjpremium.com\/pt\/wp-json\/wp\/v2\/product_brand?post=16783"},{"taxonomy":"product_cat","embeddable":true,"href":"https:\/\/www.fjpremium.com\/pt\/wp-json\/wp\/v2\/product_cat?post=16783"},{"taxonomy":"product_tag","embeddable":true,"href":"https:\/\/www.fjpremium.com\/pt\/wp-json\/wp\/v2\/product_tag?post=16783"}],"curies":[{"name":"wp","href":"https:\/\/api.w.org\/{rel}","templated":true}]}}