{"id":16782,"date":"2020-12-15T11:45:17","date_gmt":"2020-12-15T03:45:17","guid":{"rendered":"https:\/\/www.fjpremium.com\/?post_type=product&#038;p=16782"},"modified":"2023-12-14T13:56:42","modified_gmt":"2023-12-14T05:56:42","slug":"cat8-toolless-modular-plug-connector-pre-assemble-rj45-cat8-ethernet-patch-cable-straight-angle","status":"publish","type":"product","link":"https:\/\/www.fjpremium.com\/pt\/product\/cat8-toolless-modular-plug-connector-pre-assemble-rj45-cat8-ethernet-patch-cable-straight-angle\/","title":{"rendered":"Cabo de remendo Ethernet RJ45 Cat8 Conector de ficha modular sem ferramentas"},"content":{"rendered":"<p>Capaz de fornecer velocidades de rede de dados 10G-40G, este conetor de ficha proporciona uma experi\u00eancia de rede sem paralelo.<\/p>\n<p>O seu design totalmente blindado de 360 graus cumpre as normas industriais IP20 \u00e0 prova de \u00e1gua e de poeira, garantindo uma prote\u00e7\u00e3o \u00f3ptima.<\/p>\n<p>E o design sem ferramentas permite uma instala\u00e7\u00e3o r\u00e1pida sem uma ferramenta de engaste.<\/p>\n<p>O nosso conetor de ficha possui uma caixa de fundi\u00e7\u00e3o sob press\u00e3o em liga de zinco e contactos banhados a ouro 50u.<\/p>\n<p>Os terminais IDC possuem um design PCB (UL 94-V0), proporcionando maior estabilidade e desempenho.<\/p>\n<p>A ficha tamb\u00e9m \u00e9 fornecida com uma tampa de prote\u00e7\u00e3o contra o p\u00f3 e suporta fios AWG23-26 com um di\u00e2metro exterior de 6,0-8,0 mm.<\/p>\n<p>Adequado para v\u00e1rias aplica\u00e7\u00f5es interiores e exteriores, este conetor \u00e9 perfeito para utiliza\u00e7\u00e3o com PCs, routers, comutadores, pain\u00e9is de liga\u00e7\u00e3o, tomadas de parede e m\u00e1quinas.<\/p>\n<p>As aplica\u00e7\u00f5es no exterior incluem campos de constru\u00e7\u00e3o, ilumina\u00e7\u00e3o e equipamento.<\/p>\n<p>O nosso conetor suporta os esquemas de cablagem T568A e T568B e tem uma for\u00e7a de inser\u00e7\u00e3o at\u00e9 30N (IEC60603-7-5).<\/p>\n<p>A for\u00e7a de reten\u00e7\u00e3o entre o conetor e a ficha \u00e9 de 7,7 KGS, e a vida \u00fatil do contacto (ciclos de encaixe) \u00e9 de um m\u00ednimo de 750 ciclos.<\/p>\n<p>Al\u00e9m disso, suporta um m\u00ednimo de 20 ciclos de instala\u00e7\u00e3o repetidos para IDC e funciona a temperaturas que variam entre -10 e 60 graus Celsius.<\/p>\n<p>Al\u00e9m disso, certificado pela GHMT na Alemanha, verificado pela CTTL de acordo com o teste de canal TIA Cat8 a 30 m, e testado pela CE e ROHS pela SGS, este conetor cumpre as mais elevadas normas do sector.<\/p>\n<p>E cada embalagem \u00e9 fornecida num saco com fecho de correr que cont\u00e9m uma ficha de campo, uma tampa contra o p\u00f3, uma folha de cobre de 1x3cm e um guia do utilizador para uma instala\u00e7\u00e3o perfeita.<\/p>\n<p>Globalmente, o nosso conetor de ficha oferece uma solu\u00e7\u00e3o excecional para aplica\u00e7\u00f5es de rede de elevado desempenho.<\/p>\n<p>Confie em n\u00f3s como seu fornecedor grossista de cabos, adaptadores e produtos electr\u00f3nicos de consumo de alta qualidade e contacte-nos hoje mesmo!<\/p>\n<h2>Informa\u00e7\u00f5es sobre a encomenda:<\/h2>\n<ul>\n<li>FS7201-C8: Ficha de termina\u00e7\u00e3o de campo blindada Cat8<\/li>\n<li>FS7201-C7: Ficha de termina\u00e7\u00e3o de campo blindada Cat7<\/li>\n<li>FS7201-C6A: Ficha de termina\u00e7\u00e3o de campo blindada Cat6A<\/li>\n<li>FS17201\/AG Tipo angular<\/li>\n<\/ul>","protected":false},"excerpt":{"rendered":"<p>Apresentamos o nosso cabo de liga\u00e7\u00e3o Ethernet de n\u00edvel industrial RJ45 cat8 com conetor de ficha modular sem ferramentas, ideal para centros de dados de elevado desempenho e armazenamento em nuvem NAS.<\/p>","protected":false},"featured_media":16792,"template":"","meta":{"_acf_changed":false,"_seopress_robots_primary_cat":"","_seopress_titles_title":"Best Cat8 Toolless Modular Plug Connector - Farsince","_seopress_titles_desc":"","_seopress_robots_index":"","site-sidebar-layout":"default","site-content-layout":"default","ast-site-content-layout":"default","site-content-style":"default","site-sidebar-style":"default","ast-global-header-display":"","ast-banner-title-visibility":"","ast-main-header-display":"","ast-hfb-above-header-display":"","ast-hfb-below-header-display":"","ast-hfb-mobile-header-display":"","site-post-title":"","ast-breadcrumbs-content":"","ast-featured-img":"","footer-sml-layout":"","ast-disable-related-posts":"","theme-transparent-header-meta":"default","adv-header-id-meta":"","stick-header-meta":"","header-above-stick-meta":"","header-main-stick-meta":"","header-below-stick-meta":"","astra-migrate-meta-layouts":"default","ast-page-background-enabled":"default","ast-page-background-meta":{"desktop":{"background-color":"","background-image":"","background-repeat":"repeat","background-position":"center center","background-size":"auto","background-attachment":"scroll","background-type":"","background-media":"","overlay-type":"","overlay-color":"","overlay-opacity":"","overlay-gradient":""},"tablet":{"background-color":"","background-image":"","background-repeat":"repeat","background-position":"center center","background-size":"auto","background-attachment":"scroll","background-type":"","background-media":"","overlay-type":"","overlay-color":"","overlay-opacity":"","overlay-gradient":""},"mobile":{"background-color":"","background-image":"","background-repeat":"repeat","background-position":"center center","background-size":"auto","background-attachment":"scroll","background-type":"","background-media":"","overlay-type":"","overlay-color":"","overlay-opacity":"","overlay-gradient":""}},"ast-content-background-meta":{"desktop":{"background-color":"var(--ast-global-color-5)","background-image":"","background-repeat":"repeat","background-position":"center center","background-size":"auto","background-attachment":"scroll","background-type":"","background-media":"","overlay-type":"","overlay-color":"","overlay-opacity":"","overlay-gradient":""},"tablet":{"background-color":"var(--ast-global-color-5)","background-image":"","background-repeat":"repeat","background-position":"center center","background-size":"auto","background-attachment":"scroll","background-type":"","background-media":"","overlay-type":"","overlay-color":"","overlay-opacity":"","overlay-gradient":""},"mobile":{"background-color":"var(--ast-global-color-5)","background-image":"","background-repeat":"repeat","background-position":"center center","background-size":"auto","background-attachment":"scroll","background-type":"","background-media":"","overlay-type":"","overlay-color":"","overlay-opacity":"","overlay-gradient":""}},"iawp_total_views":11},"product_brand":[],"product_cat":[631,209],"product_tag":[],"class_list":{"0":"post-16782","1":"product","2":"type-product","3":"status-publish","4":"has-post-thumbnail","6":"product_cat-patch-cables","7":"product_cat-ethernet-cable","8":"desktop-align-left","9":"tablet-align-left","10":"mobile-align-left","12":"first","13":"instock","14":"shipping-taxable","15":"purchasable","16":"product-type-simple"},"acf":[],"_links":{"self":[{"href":"https:\/\/www.fjpremium.com\/pt\/wp-json\/wp\/v2\/product\/16782","targetHints":{"allow":["GET"]}}],"collection":[{"href":"https:\/\/www.fjpremium.com\/pt\/wp-json\/wp\/v2\/product"}],"about":[{"href":"https:\/\/www.fjpremium.com\/pt\/wp-json\/wp\/v2\/types\/product"}],"wp:featuredmedia":[{"embeddable":true,"href":"https:\/\/www.fjpremium.com\/pt\/wp-json\/wp\/v2\/media\/16792"}],"wp:attachment":[{"href":"https:\/\/www.fjpremium.com\/pt\/wp-json\/wp\/v2\/media?parent=16782"}],"wp:term":[{"taxonomy":"product_brand","embeddable":true,"href":"https:\/\/www.fjpremium.com\/pt\/wp-json\/wp\/v2\/product_brand?post=16782"},{"taxonomy":"product_cat","embeddable":true,"href":"https:\/\/www.fjpremium.com\/pt\/wp-json\/wp\/v2\/product_cat?post=16782"},{"taxonomy":"product_tag","embeddable":true,"href":"https:\/\/www.fjpremium.com\/pt\/wp-json\/wp\/v2\/product_tag?post=16782"}],"curies":[{"name":"wp","href":"https:\/\/api.w.org\/{rel}","templated":true}]}}