{"id":16773,"date":"2020-12-15T11:43:40","date_gmt":"2020-12-15T03:43:40","guid":{"rendered":"https:\/\/www.fjpremium.com\/?post_type=product&#038;p=16773"},"modified":"2023-12-14T13:56:43","modified_gmt":"2023-12-14T05:56:43","slug":"cat7-cat8-nylon-cotton-robust-braided-ethernet-cable-sstp-round-flat-braided-patch-cord-cable","status":"publish","type":"product","link":"https:\/\/www.fjpremium.com\/pt\/product\/cat7-cat8-nylon-cotton-robust-braided-ethernet-cable-sstp-round-flat-braided-patch-cord-cable\/","title":{"rendered":"Cabo Ethernet tran\u00e7ado SSTP Cat7 Cat8, cabo de remendo plano redondo"},"content":{"rendered":"<p>Com uma constru\u00e7\u00e3o entran\u00e7ada de nylon de dupla prote\u00e7\u00e3o, o nosso cabo Ethernet entran\u00e7ado n\u00e3o \u00e9 apenas forte e resistente, mas tamb\u00e9m flex\u00edvel, resistente ao desgaste e constru\u00eddo para durar.<\/p>\n<p>Ideal para adaptadores de rede, hubs, routers, modems DSL\/cabo, consolas de jogos, patch panels e outras aplica\u00e7\u00f5es de rede de elevado desempenho, suporta uma largura de banda at\u00e9 600MHz\/2000MHz e velocidades de transmiss\u00e3o de dados at\u00e9 10Gbps\/40Gbps.<\/p>\n<p>Al\u00e9m disso, liga-se a segmentos LAN\/WAN e a equipamentos de rede a velocidades m\u00e1ximas, proporcionando um excelente desempenho de transmiss\u00e3o e baixas perdas de sinal.<\/p>\n<p>Este cabo Ethernet entran\u00e7ado possui um cabo entran\u00e7ado para m\u00e1xima flexibilidade e op\u00e7\u00f5es de cabo redondo e plano.<\/p>\n<p>Cada par de fios \u00e9 individualmente blindado com folha de alum\u00ednio para garantir a integridade ideal do sinal.<\/p>\n<p>Al\u00e9m disso, cumpre ou excede as especifica\u00e7\u00f5es TIA\/EIA-568-C.2 e ISO\/IEC 11801 e \u00e9 ideal para os requisitos arquitect\u00f3nicos dos centros de dados.<\/p>\n<p>Al\u00e9m disso, dispon\u00edvel em v\u00e1rias cores e comprimentos, o nosso cabo Ethernet entran\u00e7ado est\u00e1 em conformidade com as normas ROHS e REACH. As suas especifica\u00e7\u00f5es incluem o seguinte:<\/p>\n<ul>\n<li>Condutor: Cobre nu<\/li>\n<li>Bitola do fio: 26AWG, 28AWG, 30AWG, 32AWG<\/li>\n<li>Isolamento: Espuma PE<\/li>\n<li>Cor do isolamento: Azul\/Branco, Azul; Laranja\/Branco, Laranja; Verde\/Branco, Verde; Castanho\/Branco, Castanho<\/li>\n<li>Blindagem: Folha de alum\u00ednio<\/li>\n<li>Tran\u00e7ado: 16\/5\/0,12mm Al-MG<\/li>\n<li>Drenagem: Cobre nu<\/li>\n<li>Revestimento: PVC<\/li>\n<li>Di\u00e2metro exterior: De acordo<\/li>\n<li>Conector 1: RJ45 FTP<\/li>\n<li>Conector 1: RJ45 FTP<\/li>\n<li>Contacto: 50U banhado a ouro, concha banhada a n\u00edquel<\/li>\n<li>Testes: Aparelho de teste Fluke<\/li>\n<\/ul>\n<p>Assim, este cabo Ethernet entran\u00e7ado \u00e9 a solu\u00e7\u00e3o ideal para aplica\u00e7\u00f5es de rede de elevado desempenho, combinando durabilidade, flexibilidade e transmiss\u00e3o de sinal superior.<\/p>\n<p>Actualize a sua infraestrutura de rede com este cabo de liga\u00e7\u00e3o excecional e experimente a diferen\u00e7a hoje mesmo.<\/p>\n<h2>Descarregar:<\/h2>\n<ul>\n<li>Folha de dados do cabo de liga\u00e7\u00e3o ethernet entran\u00e7ado CAT7 Cat8<\/li>\n<\/ul>\n<h2>Informa\u00e7\u00f5es sobre a encomenda:<\/h2>\n<p>FS17112-C7F**-xxx: Cabo de remendo plano tran\u00e7ado Cat7 F\/FTP, 30AWG<\/p>\n<p>FS17112-C7R**-xxx: Cabo de conex\u00e3o tran\u00e7ado Cat7 F\/FTP redondo, 28AWG<\/p>\n<p>FS17112-C8F**-xxx: Cabo de remendo plano tran\u00e7ado Cat8 F\/FTP, 30AWG<\/p>\n<p>FS17112-C8R**-xxx: Cabo de conex\u00e3o tran\u00e7ado Cat8 F\/FTP redondo, 28AWG<\/p>\n<ul>\n<li>**=cor: GY=CINZA, BK=PRETO, WT=BRANCO, BU=AZUL, RD=VERMELHO, YL=AMARELO, OG=LARanja, GN=VERDE<\/li>\n<li>xxx=Comprimento: 003=0,3M, 005=0,5M, 010=1,0M, 018=1,8M, 030=3,0M, 050=5,0M, 075=7,5M, 100=10M, 200=20M, 300=30M, 400=40M, 500=50M<\/li>\n<li>Por exemplo: FS17112C7FBU-018=Cabo de liga\u00e7\u00e3o plano tran\u00e7ado CAT7 F\/FTP, cor azul, 1,8 m de comprimento<\/li>\n<\/ul>","protected":false},"excerpt":{"rendered":"<p>Descubra este cabo Ethernet entran\u00e7ado SSTP cat7 cat8, um robusto cabo de liga\u00e7\u00e3o plano redondo concebido para satisfazer as exig\u00eancias das modernas aplica\u00e7\u00f5es de rede.<\/p>","protected":false},"featured_media":16774,"template":"","meta":{"_acf_changed":false,"_seopress_robots_primary_cat":"","_seopress_titles_title":"Best Cat7 Cat8 Braided Ethernet Cable - Farsince","_seopress_titles_desc":"","_seopress_robots_index":"","site-sidebar-layout":"default","site-content-layout":"default","ast-site-content-layout":"default","site-content-style":"default","site-sidebar-style":"default","ast-global-header-display":"","ast-banner-title-visibility":"","ast-main-header-display":"","ast-hfb-above-header-display":"","ast-hfb-below-header-display":"","ast-hfb-mobile-header-display":"","site-post-title":"","ast-breadcrumbs-content":"","ast-featured-img":"","footer-sml-layout":"","ast-disable-related-posts":"","theme-transparent-header-meta":"default","adv-header-id-meta":"","stick-header-meta":"","header-above-stick-meta":"","header-main-stick-meta":"","header-below-stick-meta":"","astra-migrate-meta-layouts":"default","ast-page-background-enabled":"default","ast-page-background-meta":{"desktop":{"background-color":"","background-image":"","background-repeat":"repeat","background-position":"center center","background-size":"auto","background-attachment":"scroll","background-type":"","background-media":"","overlay-type":"","overlay-color":"","overlay-opacity":"","overlay-gradient":""},"tablet":{"background-color":"","background-image":"","background-repeat":"repeat","background-position":"center center","background-size":"auto","background-attachment":"scroll","background-type":"","background-media":"","overlay-type":"","overlay-color":"","overlay-opacity":"","overlay-gradient":""},"mobile":{"background-color":"","background-image":"","background-repeat":"repeat","background-position":"center center","background-size":"auto","background-attachment":"scroll","background-type":"","background-media":"","overlay-type":"","overlay-color":"","overlay-opacity":"","overlay-gradient":""}},"ast-content-background-meta":{"desktop":{"background-color":"var(--ast-global-color-5)","background-image":"","background-repeat":"repeat","background-position":"center center","background-size":"auto","background-attachment":"scroll","background-type":"","background-media":"","overlay-type":"","overlay-color":"","overlay-opacity":"","overlay-gradient":""},"tablet":{"background-color":"var(--ast-global-color-5)","background-image":"","background-repeat":"repeat","background-position":"center center","background-size":"auto","background-attachment":"scroll","background-type":"","background-media":"","overlay-type":"","overlay-color":"","overlay-opacity":"","overlay-gradient":""},"mobile":{"background-color":"var(--ast-global-color-5)","background-image":"","background-repeat":"repeat","background-position":"center center","background-size":"auto","background-attachment":"scroll","background-type":"","background-media":"","overlay-type":"","overlay-color":"","overlay-opacity":"","overlay-gradient":""}},"iawp_total_views":15},"product_brand":[],"product_cat":[631,209],"product_tag":[],"class_list":{"0":"post-16773","1":"product","2":"type-product","3":"status-publish","4":"has-post-thumbnail","6":"product_cat-patch-cables","7":"product_cat-ethernet-cable","8":"desktop-align-left","9":"tablet-align-left","10":"mobile-align-left","12":"first","13":"instock","14":"shipping-taxable","15":"purchasable","16":"product-type-simple"},"acf":[],"_links":{"self":[{"href":"https:\/\/www.fjpremium.com\/pt\/wp-json\/wp\/v2\/product\/16773","targetHints":{"allow":["GET"]}}],"collection":[{"href":"https:\/\/www.fjpremium.com\/pt\/wp-json\/wp\/v2\/product"}],"about":[{"href":"https:\/\/www.fjpremium.com\/pt\/wp-json\/wp\/v2\/types\/product"}],"wp:featuredmedia":[{"embeddable":true,"href":"https:\/\/www.fjpremium.com\/pt\/wp-json\/wp\/v2\/media\/16774"}],"wp:attachment":[{"href":"https:\/\/www.fjpremium.com\/pt\/wp-json\/wp\/v2\/media?parent=16773"}],"wp:term":[{"taxonomy":"product_brand","embeddable":true,"href":"https:\/\/www.fjpremium.com\/pt\/wp-json\/wp\/v2\/product_brand?post=16773"},{"taxonomy":"product_cat","embeddable":true,"href":"https:\/\/www.fjpremium.com\/pt\/wp-json\/wp\/v2\/product_cat?post=16773"},{"taxonomy":"product_tag","embeddable":true,"href":"https:\/\/www.fjpremium.com\/pt\/wp-json\/wp\/v2\/product_tag?post=16773"}],"curies":[{"name":"wp","href":"https:\/\/api.w.org\/{rel}","templated":true}]}}