{"id":16763,"date":"2020-12-15T11:40:30","date_gmt":"2020-12-15T03:40:30","guid":{"rendered":"https:\/\/www.fjpremium.com\/?post_type=product&#038;p=16763"},"modified":"2023-12-14T13:56:43","modified_gmt":"2023-12-14T05:56:43","slug":"cat-8-f-ftp-ethernet-flat-patch-cord-lan-cable","status":"publish","type":"product","link":"https:\/\/www.fjpremium.com\/pt\/product\/cat-8-f-ftp-ethernet-flat-patch-cord-lan-cable\/","title":{"rendered":"Cabo de liga\u00e7\u00e3o lan de patch cord plano Cat 8 F\/FTP ethernet"},"content":{"rendered":"<p>O cabo de remendo plano totalmente blindado Cat8 F\/FTP duplo da Farsince \u00e9 uma solu\u00e7\u00e3o ideal para estabelecer uma liga\u00e7\u00e3o de rede num ambiente ruidoso, EMI\/RFI. Construa a sua rede dom\u00e9stica ou de escrit\u00f3rio com 10GBase-T Gigabit Ethernet. A blindagem dupla F\/FTP oferece prote\u00e7\u00e3o contra ru\u00eddos EMI\/RFI e interfer\u00eancias electromagn\u00e9ticas, proporcionando um bom desempenho em termos de atenua\u00e7\u00e3o e diafonia. Este cabo cumpre ou excede o desempenho da Categoria 8.1 em conformidade com as especifica\u00e7\u00f5es TIA\/EIA-568-C.2. Os cabos Ethernet planos s\u00e3o super flex\u00edveis e muito mais f\u00e1ceis de gerir quando passam por baixo da alcatifa, portas, bra\u00e7os rotativos e gavetas ou ao longo das paredes. O design plano ajuda a evitar cabos emaranhados e poupa espa\u00e7o. Os conectores com contactos banhados a ouro, botas de al\u00edvio de tens\u00e3o moldadas e moldes sem entalhes resistem \u00e0 corros\u00e3o, proporcionam durabilidade e garantem uma liga\u00e7\u00e3o segura. Os condutores de cobre nu melhoram o desempenho do cabo e cumprem as especifica\u00e7\u00f5es para cabos de comunica\u00e7\u00f5es. O cabo Cat8 flex\u00edvel e dur\u00e1vel com elevada largura de banda at\u00e9 2000 MHz garante a transfer\u00eancia de dados a alta velocidade para aplica\u00e7\u00f5es de servidor, computa\u00e7\u00e3o em nuvem, vigil\u00e2ncia por v\u00eddeo e transmiss\u00e3o de v\u00eddeo de alta defini\u00e7\u00e3o online<\/p>\n<h3>Caracter\u00edsticas principais<\/h3>\n<ul>\n<li>Cabo Patch Cat8 F\/FTP totalmente blindado<\/li>\n<li>Cabo entran\u00e7ado para m\u00e1xima flexibilidade.<\/li>\n<li>O design de cabo plano facilita a utiliza\u00e7\u00e3o em espa\u00e7os apertados<\/li>\n<li>Pares blindados individualmente com folha de alum\u00ednio<\/li>\n<li>Cumpre ou excede a especifica\u00e7\u00e3o TIA\/EIA -568-C.2 e ISO\/IEC 11801<\/li>\n<li>Ideal para requisitos de arquitetura de centros de dados<\/li>\n<li>Proporciona um excelente desempenho de transmiss\u00e3o e baixas perdas de sinal<\/li>\n<li>Dispon\u00edvel com cabo de cor diferente<\/li>\n<li>Dispon\u00edvel com diferentes comprimentos<\/li>\n<li>Conformidade com ROHS, REACH<\/li>\n<\/ul>\n<h2>Especifica\u00e7\u00f5es<\/h2>\n<ul>\n<li>Condutor : Cobre nu<\/li>\n<li>Bitola do fio: 30AWG 7\/0.10\u00b10.008mm<\/li>\n<li>Isolamento: Espuma PE<\/li>\n<li>Cor do isolamento: Azul\/branco, Azul; Laranja\/branco, Laranja; Verde\/branco, Verde; Castanho\/branco, Castanho<\/li>\n<li>Blindagem: Folha de alum\u00ednio<\/li>\n<li>Blindagem geral: Folha de alum\u00ednio<\/li>\n<li>Dreno:30AWG 7\/0.10\u00b10.008mm<\/li>\n<li>Revestimento: PVC<\/li>\n<li>Di\u00e2metro exterior: (8,5\u00b10,2mm)*(2,8\u00b10,15mm)<\/li>\n<li>Conector 1: RJ45 Cat8 FTP<\/li>\n<li>Conector 1: RJ45 Cat8 FTP<\/li>\n<li>Contacto: 50U banhado a ouro, concha banhada a n\u00edquel<\/li>\n<li>Testes: Aparelho de teste Fluke<\/li>\n<\/ul>\n<h2>Descarregar:<\/h2>\n<ul>\n<li>Folha de dados do cabo de liga\u00e7\u00e3o plano Cat8 F\/FTP ultrafino<\/li>\n<\/ul>\n<h2>Informa\u00e7\u00f5es sobre a encomenda:<\/h2>\n<p>FS17110F**-xxx: Cabo de liga\u00e7\u00e3o plano Ca8 F\/FTP ultrafino<\/p>\n<ul>\n<li>**=cor: GY=CINZA, BK=PRETO, WT=BRANCO, BU=AZUL, RD=VERMELHO, YL=AMARELO, OG=LARanja, GN=VERDE<\/li>\n<li>xxx=Comprimento: 003=0,3M, 005=0,5M, 010=1,0M, 018=1,8M, 030=3,0M, 050=5,0M, 075=7,5M, 100=10M, 200=20M, 300=30M<\/li>\n<li>Por exemplo: FS17110FBU-018=Cabo de remendo plano ultrafino Cat7 F\/FTP, cor azul, 1,8 m de comprimento<\/li>\n<\/ul>","protected":false},"excerpt":{"rendered":"<p>Cabo de liga\u00e7\u00e3o de 4 pares Cat8 F\/FTP plano, blindado e torcido<\/p>","protected":false},"featured_media":16764,"template":"","meta":{"_acf_changed":false,"_seopress_robots_primary_cat":"","_seopress_titles_title":"Ethernet Flat Patch Cord Lan Cable Cat8 Manufacturer - Farsince","_seopress_titles_desc":"We are a cat8 manufacturer, offering a wide range of cat8 network cable with high quality and reasonable price","_seopress_robots_index":"","site-sidebar-layout":"default","site-content-layout":"default","ast-site-content-layout":"default","site-content-style":"default","site-sidebar-style":"default","ast-global-header-display":"","ast-banner-title-visibility":"","ast-main-header-display":"","ast-hfb-above-header-display":"","ast-hfb-below-header-display":"","ast-hfb-mobile-header-display":"","site-post-title":"","ast-breadcrumbs-content":"","ast-featured-img":"","footer-sml-layout":"","ast-disable-related-posts":"","theme-transparent-header-meta":"default","adv-header-id-meta":"","stick-header-meta":"","header-above-stick-meta":"","header-main-stick-meta":"","header-below-stick-meta":"","astra-migrate-meta-layouts":"default","ast-page-background-enabled":"default","ast-page-background-meta":{"desktop":{"background-color":"","background-image":"","background-repeat":"repeat","background-position":"center center","background-size":"auto","background-attachment":"scroll","background-type":"","background-media":"","overlay-type":"","overlay-color":"","overlay-opacity":"","overlay-gradient":""},"tablet":{"background-color":"","background-image":"","background-repeat":"repeat","background-position":"center center","background-size":"auto","background-attachment":"scroll","background-type":"","background-media":"","overlay-type":"","overlay-color":"","overlay-opacity":"","overlay-gradient":""},"mobile":{"background-color":"","background-image":"","background-repeat":"repeat","background-position":"center center","background-size":"auto","background-attachment":"scroll","background-type":"","background-media":"","overlay-type":"","overlay-color":"","overlay-opacity":"","overlay-gradient":""}},"ast-content-background-meta":{"desktop":{"background-color":"var(--ast-global-color-5)","background-image":"","background-repeat":"repeat","background-position":"center center","background-size":"auto","background-attachment":"scroll","background-type":"","background-media":"","overlay-type":"","overlay-color":"","overlay-opacity":"","overlay-gradient":""},"tablet":{"background-color":"var(--ast-global-color-5)","background-image":"","background-repeat":"repeat","background-position":"center center","background-size":"auto","background-attachment":"scroll","background-type":"","background-media":"","overlay-type":"","overlay-color":"","overlay-opacity":"","overlay-gradient":""},"mobile":{"background-color":"var(--ast-global-color-5)","background-image":"","background-repeat":"repeat","background-position":"center center","background-size":"auto","background-attachment":"scroll","background-type":"","background-media":"","overlay-type":"","overlay-color":"","overlay-opacity":"","overlay-gradient":""}},"iawp_total_views":11},"product_brand":[],"product_cat":[631,209],"product_tag":[],"class_list":{"0":"post-16763","1":"product","2":"type-product","3":"status-publish","4":"has-post-thumbnail","6":"product_cat-patch-cables","7":"product_cat-ethernet-cable","8":"desktop-align-left","9":"tablet-align-left","10":"mobile-align-left","12":"first","13":"instock","14":"shipping-taxable","15":"purchasable","16":"product-type-simple"},"acf":[],"_links":{"self":[{"href":"https:\/\/www.fjpremium.com\/pt\/wp-json\/wp\/v2\/product\/16763","targetHints":{"allow":["GET"]}}],"collection":[{"href":"https:\/\/www.fjpremium.com\/pt\/wp-json\/wp\/v2\/product"}],"about":[{"href":"https:\/\/www.fjpremium.com\/pt\/wp-json\/wp\/v2\/types\/product"}],"wp:featuredmedia":[{"embeddable":true,"href":"https:\/\/www.fjpremium.com\/pt\/wp-json\/wp\/v2\/media\/16764"}],"wp:attachment":[{"href":"https:\/\/www.fjpremium.com\/pt\/wp-json\/wp\/v2\/media?parent=16763"}],"wp:term":[{"taxonomy":"product_brand","embeddable":true,"href":"https:\/\/www.fjpremium.com\/pt\/wp-json\/wp\/v2\/product_brand?post=16763"},{"taxonomy":"product_cat","embeddable":true,"href":"https:\/\/www.fjpremium.com\/pt\/wp-json\/wp\/v2\/product_cat?post=16763"},{"taxonomy":"product_tag","embeddable":true,"href":"https:\/\/www.fjpremium.com\/pt\/wp-json\/wp\/v2\/product_tag?post=16763"}],"curies":[{"name":"wp","href":"https:\/\/api.w.org\/{rel}","templated":true}]}}