{"id":16755,"date":"2020-12-15T11:38:43","date_gmt":"2020-12-15T03:38:43","guid":{"rendered":"https:\/\/www.fjpremium.com\/?post_type=product&#038;p=16755"},"modified":"2023-12-14T13:56:44","modified_gmt":"2023-12-14T05:56:44","slug":"cat6a-utp-cable-rj45-unshielded-cat6a-patch-cord-cable","status":"publish","type":"product","link":"https:\/\/www.fjpremium.com\/pt\/product\/cat6a-utp-cable-rj45-unshielded-cat6a-patch-cord-cable\/","title":{"rendered":"Cabo de remendo RJ45 Cat6a UTP sem blindagem"},"content":{"rendered":"<p>Este cabo de liga\u00e7\u00e3o foi concebido para ligar uma vasta gama de componentes de rede LAN, incluindo PCs, servidores inform\u00e1ticos, impressoras, routers, caixas de comuta\u00e7\u00e3o, leitores multim\u00e9dia de rede, NAS, telefones VoIP e dispositivos PoE.<\/p>\n<p>Construa a sua rede dom\u00e9stica ou de escrit\u00f3rio com Gigabit Ethernet 10GBase-T utilizando-o, que cumpre ou excede o desempenho da Categoria 6 em conformidade com as especifica\u00e7\u00f5es TIA\/EIA-568-C.2 e ISO\/IEC 11801.<\/p>\n<p>O nosso cabo de liga\u00e7\u00e3o possui contactos banhados a ouro, botas de al\u00edvio de tens\u00e3o moldadas e moldes sem falhas para os conectores.<\/p>\n<p>Estes atributos n\u00e3o s\u00f3 resistem \u00e0 corros\u00e3o, como tamb\u00e9m proporcionam durabilidade e garantem uma liga\u00e7\u00e3o segura.<\/p>\n<p>Fabricado com condutores de cobre nu, est\u00e1 em conformidade com as especifica\u00e7\u00f5es dos cabos de comunica\u00e7\u00e3o e melhora o desempenho geral.<\/p>\n<p>Este cabo Cat6a U\/UTP flex\u00edvel e dur\u00e1vel apresenta uma elevada largura de banda de at\u00e9 500 MHz, garantindo a transfer\u00eancia de dados a alta velocidade para aplica\u00e7\u00f5es de servidor, computa\u00e7\u00e3o em nuvem, vigil\u00e2ncia por v\u00eddeo e transmiss\u00e3o de v\u00eddeo de alta defini\u00e7\u00e3o online.<\/p>\n<p>E o cabo entran\u00e7ado 26AWG oferece a m\u00e1xima flexibilidade, tornando-o perfeito para v\u00e1rios requisitos de arquitetura de centros de dados.<\/p>\n<p>Al\u00e9m disso, dispon\u00edvel em v\u00e1rias cores e comprimentos, o nosso cabo de liga\u00e7\u00e3o \u00e9 compat\u00edvel com ROHS e REACH.<\/p>\n<p>Possui especifica\u00e7\u00f5es impressionantes, incluindo:<\/p>\n<ul>\n<li>Condutor: Cobre nu<\/li>\n<li>Fio: 26AWG 7\/0,16\u00b10,015mm<\/li>\n<li>Isolamento: PEAD<\/li>\n<li>Cor do isolamento: azul\/branco, azul; laranja\/branco, laranja; verde\/branco, verde; castanho\/branco, castanho<\/li>\n<li>Blindagem: Nenhuma<\/li>\n<li>Tran\u00e7a: Nenhum<\/li>\n<li>Revestimento: PVC<\/li>\n<li>Di\u00e2metro exterior: 5,5\u00b10,2mm<\/li>\n<li>Conector 1: RJ45 Cat6A UTP<\/li>\n<li>Conector 1: RJ45 Cat6A UTP<\/li>\n<li>Contacto: Banhado a ouro 3U<\/li>\n<li>Testes: Aparelho de teste Fluke<\/li>\n<\/ul>\n<p>Assim, melhore a sua infraestrutura de rede com o cabo de remendo RJ45 cat6a UTP n\u00e3o blindado da Farsince para obter uma solu\u00e7\u00e3o de alta velocidade, fi\u00e1vel e eficiente para satisfazer as suas necessidades de rede.<\/p>\n<h2>Descarregar:<\/h2>\n<ul>\n<li>Ficha t\u00e9cnica de Cat6A U\/UTP cabo de remendo de 4 pares torcido n\u00e3o blindado<\/li>\n<\/ul>\n<h2>Informa\u00e7\u00f5es sobre a encomenda:<\/h2>\n<p>FS17106**-xxx: Cabo de liga\u00e7\u00e3o Cat6A U\/UTP torcido n\u00e3o blindado de 4 pares<\/p>\n<ul>\n<li>**=cor: GY=CINZA, BK=PRETO, WT=BRANCO, BU=AZUL, RD=VERMELHO, YL=AMARELO, OG=LARanja, GN=VERDE<\/li>\n<li>xxx=Comprimento: 003=0,3M, 005=0,5M, 010=1,0M, 018=1,8M, 030=3,0M, 050=5,0M, 075=7,5M, 100=10M, 200=20M, 300=30M, 400=40M, 500=50M<\/li>\n<li>Por exemplo: FS17106BU-018= Cabo de liga\u00e7\u00e3o Cat6A U\/UTP torcido n\u00e3o blindado de 4 pares, 1,8 m de comprimento<\/li>\n<\/ul>","protected":false},"excerpt":{"rendered":"<p>Melhore o desempenho da sua rede LAN com o cabo de liga\u00e7\u00e3o UTP RJ45 cat6a n\u00e3o blindado de alta qualidade da Farsince.<\/p>","protected":false},"featured_media":16756,"template":"","meta":{"_acf_changed":false,"_seopress_robots_primary_cat":"","_seopress_titles_title":"Best Cat6a UTP Patch Cord Cable - Farsince","_seopress_titles_desc":"","_seopress_robots_index":"","site-sidebar-layout":"default","site-content-layout":"default","ast-site-content-layout":"default","site-content-style":"default","site-sidebar-style":"default","ast-global-header-display":"","ast-banner-title-visibility":"","ast-main-header-display":"","ast-hfb-above-header-display":"","ast-hfb-below-header-display":"","ast-hfb-mobile-header-display":"","site-post-title":"","ast-breadcrumbs-content":"","ast-featured-img":"","footer-sml-layout":"","ast-disable-related-posts":"","theme-transparent-header-meta":"default","adv-header-id-meta":"","stick-header-meta":"","header-above-stick-meta":"","header-main-stick-meta":"","header-below-stick-meta":"","astra-migrate-meta-layouts":"default","ast-page-background-enabled":"default","ast-page-background-meta":{"desktop":{"background-color":"","background-image":"","background-repeat":"repeat","background-position":"center center","background-size":"auto","background-attachment":"scroll","background-type":"","background-media":"","overlay-type":"","overlay-color":"","overlay-opacity":"","overlay-gradient":""},"tablet":{"background-color":"","background-image":"","background-repeat":"repeat","background-position":"center center","background-size":"auto","background-attachment":"scroll","background-type":"","background-media":"","overlay-type":"","overlay-color":"","overlay-opacity":"","overlay-gradient":""},"mobile":{"background-color":"","background-image":"","background-repeat":"repeat","background-position":"center center","background-size":"auto","background-attachment":"scroll","background-type":"","background-media":"","overlay-type":"","overlay-color":"","overlay-opacity":"","overlay-gradient":""}},"ast-content-background-meta":{"desktop":{"background-color":"var(--ast-global-color-5)","background-image":"","background-repeat":"repeat","background-position":"center center","background-size":"auto","background-attachment":"scroll","background-type":"","background-media":"","overlay-type":"","overlay-color":"","overlay-opacity":"","overlay-gradient":""},"tablet":{"background-color":"var(--ast-global-color-5)","background-image":"","background-repeat":"repeat","background-position":"center center","background-size":"auto","background-attachment":"scroll","background-type":"","background-media":"","overlay-type":"","overlay-color":"","overlay-opacity":"","overlay-gradient":""},"mobile":{"background-color":"var(--ast-global-color-5)","background-image":"","background-repeat":"repeat","background-position":"center center","background-size":"auto","background-attachment":"scroll","background-type":"","background-media":"","overlay-type":"","overlay-color":"","overlay-opacity":"","overlay-gradient":""}},"iawp_total_views":4},"product_brand":[],"product_cat":[631,209],"product_tag":[],"class_list":{"0":"post-16755","1":"product","2":"type-product","3":"status-publish","4":"has-post-thumbnail","6":"product_cat-patch-cables","7":"product_cat-ethernet-cable","8":"desktop-align-left","9":"tablet-align-left","10":"mobile-align-left","12":"first","13":"instock","14":"shipping-taxable","15":"purchasable","16":"product-type-simple"},"acf":[],"_links":{"self":[{"href":"https:\/\/www.fjpremium.com\/pt\/wp-json\/wp\/v2\/product\/16755","targetHints":{"allow":["GET"]}}],"collection":[{"href":"https:\/\/www.fjpremium.com\/pt\/wp-json\/wp\/v2\/product"}],"about":[{"href":"https:\/\/www.fjpremium.com\/pt\/wp-json\/wp\/v2\/types\/product"}],"wp:featuredmedia":[{"embeddable":true,"href":"https:\/\/www.fjpremium.com\/pt\/wp-json\/wp\/v2\/media\/16756"}],"wp:attachment":[{"href":"https:\/\/www.fjpremium.com\/pt\/wp-json\/wp\/v2\/media?parent=16755"}],"wp:term":[{"taxonomy":"product_brand","embeddable":true,"href":"https:\/\/www.fjpremium.com\/pt\/wp-json\/wp\/v2\/product_brand?post=16755"},{"taxonomy":"product_cat","embeddable":true,"href":"https:\/\/www.fjpremium.com\/pt\/wp-json\/wp\/v2\/product_cat?post=16755"},{"taxonomy":"product_tag","embeddable":true,"href":"https:\/\/www.fjpremium.com\/pt\/wp-json\/wp\/v2\/product_tag?post=16755"}],"curies":[{"name":"wp","href":"https:\/\/api.w.org\/{rel}","templated":true}]}}