{"id":16746,"date":"2020-12-15T11:36:57","date_gmt":"2020-12-15T03:36:57","guid":{"rendered":"https:\/\/www.fjpremium.com\/?post_type=product&#038;p=16746"},"modified":"2023-12-14T13:56:45","modified_gmt":"2023-12-14T05:56:45","slug":"cat6-ftp-ethernet-patch-cord-cable-shield-rj45-plug-ftp-cat6-cable","status":"publish","type":"product","link":"https:\/\/www.fjpremium.com\/pt\/product\/cat6-ftp-ethernet-patch-cord-cable-shield-rj45-plug-ftp-cat6-cable\/","title":{"rendered":"Cabo de liga\u00e7\u00e3o Ethernet Cat6 com ficha RJ45 FTP blindado"},"content":{"rendered":"<p>Crie uma rede fi\u00e1vel em casa ou no escrit\u00f3rio com 1000 Base-T Gigabit Ethernet utilizando este cabo de liga\u00e7\u00e3o Ethernet cat6 com ficha RJ45 avan\u00e7ada para proporcionar a m\u00e1xima prote\u00e7\u00e3o contra interfer\u00eancias electromagn\u00e9ticas.<\/p>\n<p>Com ele, pode experimentar a transfer\u00eancia de dados a alta velocidade para aplica\u00e7\u00f5es de servidor, computa\u00e7\u00e3o em nuvem, vigil\u00e2ncia por v\u00eddeo e transmiss\u00e3o de v\u00eddeo de alta defini\u00e7\u00e3o online.<\/p>\n<p>Concebido como um cabo de remendo blindado Cat6 F\/UTP, oferece a m\u00e1xima flexibilidade gra\u00e7as \u00e0 sua constru\u00e7\u00e3o em cabo entran\u00e7ado e a uma blindagem geral do cabo que proporciona uma prote\u00e7\u00e3o superior contra o ru\u00eddo EMI\/RFI.<\/p>\n<p>O cabo de liga\u00e7\u00e3o Ethernet cat6 com ficha RJ45 tamb\u00e9m possui contactos banhados a ouro, botas de al\u00edvio de tens\u00e3o moldadas e moldes sem entalhes nos conectores para uma liga\u00e7\u00e3o segura.<\/p>\n<p>Fabricado com condutores de cobre nu ou CCA, cumpre as especifica\u00e7\u00f5es dos cabos de comunica\u00e7\u00e3o e oferece uma elevada largura de banda at\u00e9 500 MHz.<\/p>\n<p>Al\u00e9m disso, o nosso cabo est\u00e1 em conformidade com as especifica\u00e7\u00f5es TIA\/EIA-568-C.2 e ISO\/IEC 11801, o que o torna perfeitamente adequado aos requisitos arquitect\u00f3nicos dos centros de dados.<\/p>\n<p>Dispon\u00edvel em v\u00e1rias cores e comprimentos, pode facilmente encontrar o cabo certo para as suas necessidades espec\u00edficas.<\/p>\n<p>E est\u00e1 em conformidade com as normas ROHS e REACH, garantindo que \u00e9 amigo do ambiente e cumpre as normas de seguran\u00e7a.<\/p>\n<p>Especifica\u00e7\u00f5es:<\/p>\n<ul>\n<li>Condutor: Cobre nu ou CCA<\/li>\n<li>Bitola do fio: 30\/28\/26\/24AWG<\/li>\n<li>Isolamento: PEAD<\/li>\n<li>Cor do isolamento: Azul\/Branco, Azul; Laranja\/Branco, Laranja; Verde\/Branco, Verde; Castanho\/Branco, Castanho<\/li>\n<li>Blindagem: Fio de drenagem<\/li>\n<li>Tran\u00e7a: Nenhum<\/li>\n<li>Revestimento: PVC<\/li>\n<li>Di\u00e2metro exterior: 6,0\u00b10,2mm<\/li>\n<li>Conector 1: RJ45 Cat6 FTP<\/li>\n<li>Conector 2: RJ45 Cat6 FTP<\/li>\n<li>Contacto: 3U banhado a ouro, concha niquelada<\/li>\n<li>Testes: Aparelho de teste Fluke<\/li>\n<\/ul>\n<p>Consequentemente, actualize a sua infraestrutura de rede com este cabo de liga\u00e7\u00e3o Ethernet cat6 com ficha RJ45, concebido para um desempenho e fiabilidade ideais em ambientes exigentes e sens\u00edveis ao ru\u00eddo.<\/p>\n<h2>Descarregar:<\/h2>\n<ul>\n<li>Folha de dados do cabo de liga\u00e7\u00e3o ethernet Cat6 F\/UTP torcido n\u00e3o blindado de 4 pares<\/li>\n<\/ul>\n<h2>Informa\u00e7\u00f5es sobre a encomenda:<\/h2>\n<p>FS17104**-xxx: Cabo de liga\u00e7\u00e3o de rede Cat6 F\/UTP<\/p>\n<ul>\n<li>**=cor: GY=CINZA, BK=PRETO, WT=BRANCO, BU=AZUL, RD=VERMELHO, YL=AMARELO, OG=LARanja, GN=VERDE<\/li>\n<li>xxx=Comprimento: 003=0,3M, 005=0,5M, 010=1,0M, 018=1,8M, 030=3,0M, 050=5,0M, 075=7,5M, 100=10M, 200=20M, 300=30M, 400=40M, 500=50M<\/li>\n<li>Por exemplo: FS17104BU-018= Cabo de liga\u00e7\u00e3o ethernet Cat6 F\/UTP, cor azul, 1,8 m de comprimento<\/li>\n<\/ul>","protected":false},"excerpt":{"rendered":"<p>O nosso cabo de liga\u00e7\u00e3o Ethernet cat6 blindado com ficha FTP RJ45 liga perfeitamente v\u00e1rios componentes de rede LAN num ambiente EMI\/RFI ruidoso.<\/p>","protected":false},"featured_media":16747,"template":"","meta":{"_acf_changed":false,"_seopress_robots_primary_cat":"","_seopress_titles_title":"Best RJ45 Plug Cat6 Ethernet Patch Cord Cable - Farsince","_seopress_titles_desc":"","_seopress_robots_index":"","site-sidebar-layout":"default","site-content-layout":"default","ast-site-content-layout":"default","site-content-style":"default","site-sidebar-style":"default","ast-global-header-display":"","ast-banner-title-visibility":"","ast-main-header-display":"","ast-hfb-above-header-display":"","ast-hfb-below-header-display":"","ast-hfb-mobile-header-display":"","site-post-title":"","ast-breadcrumbs-content":"","ast-featured-img":"","footer-sml-layout":"","ast-disable-related-posts":"","theme-transparent-header-meta":"default","adv-header-id-meta":"","stick-header-meta":"","header-above-stick-meta":"","header-main-stick-meta":"","header-below-stick-meta":"","astra-migrate-meta-layouts":"default","ast-page-background-enabled":"default","ast-page-background-meta":{"desktop":{"background-color":"","background-image":"","background-repeat":"repeat","background-position":"center center","background-size":"auto","background-attachment":"scroll","background-type":"","background-media":"","overlay-type":"","overlay-color":"","overlay-opacity":"","overlay-gradient":""},"tablet":{"background-color":"","background-image":"","background-repeat":"repeat","background-position":"center center","background-size":"auto","background-attachment":"scroll","background-type":"","background-media":"","overlay-type":"","overlay-color":"","overlay-opacity":"","overlay-gradient":""},"mobile":{"background-color":"","background-image":"","background-repeat":"repeat","background-position":"center center","background-size":"auto","background-attachment":"scroll","background-type":"","background-media":"","overlay-type":"","overlay-color":"","overlay-opacity":"","overlay-gradient":""}},"ast-content-background-meta":{"desktop":{"background-color":"var(--ast-global-color-5)","background-image":"","background-repeat":"repeat","background-position":"center center","background-size":"auto","background-attachment":"scroll","background-type":"","background-media":"","overlay-type":"","overlay-color":"","overlay-opacity":"","overlay-gradient":""},"tablet":{"background-color":"var(--ast-global-color-5)","background-image":"","background-repeat":"repeat","background-position":"center center","background-size":"auto","background-attachment":"scroll","background-type":"","background-media":"","overlay-type":"","overlay-color":"","overlay-opacity":"","overlay-gradient":""},"mobile":{"background-color":"var(--ast-global-color-5)","background-image":"","background-repeat":"repeat","background-position":"center center","background-size":"auto","background-attachment":"scroll","background-type":"","background-media":"","overlay-type":"","overlay-color":"","overlay-opacity":"","overlay-gradient":""}},"iawp_total_views":13},"product_brand":[],"product_cat":[631,209],"product_tag":[],"class_list":{"0":"post-16746","1":"product","2":"type-product","3":"status-publish","4":"has-post-thumbnail","6":"product_cat-patch-cables","7":"product_cat-ethernet-cable","8":"desktop-align-left","9":"tablet-align-left","10":"mobile-align-left","12":"first","13":"instock","14":"shipping-taxable","15":"purchasable","16":"product-type-simple"},"acf":[],"_links":{"self":[{"href":"https:\/\/www.fjpremium.com\/pt\/wp-json\/wp\/v2\/product\/16746","targetHints":{"allow":["GET"]}}],"collection":[{"href":"https:\/\/www.fjpremium.com\/pt\/wp-json\/wp\/v2\/product"}],"about":[{"href":"https:\/\/www.fjpremium.com\/pt\/wp-json\/wp\/v2\/types\/product"}],"wp:featuredmedia":[{"embeddable":true,"href":"https:\/\/www.fjpremium.com\/pt\/wp-json\/wp\/v2\/media\/16747"}],"wp:attachment":[{"href":"https:\/\/www.fjpremium.com\/pt\/wp-json\/wp\/v2\/media?parent=16746"}],"wp:term":[{"taxonomy":"product_brand","embeddable":true,"href":"https:\/\/www.fjpremium.com\/pt\/wp-json\/wp\/v2\/product_brand?post=16746"},{"taxonomy":"product_cat","embeddable":true,"href":"https:\/\/www.fjpremium.com\/pt\/wp-json\/wp\/v2\/product_cat?post=16746"},{"taxonomy":"product_tag","embeddable":true,"href":"https:\/\/www.fjpremium.com\/pt\/wp-json\/wp\/v2\/product_tag?post=16746"}],"curies":[{"name":"wp","href":"https:\/\/api.w.org\/{rel}","templated":true}]}}