{"id":16737,"date":"2020-12-15T11:35:05","date_gmt":"2020-12-15T03:35:05","guid":{"rendered":"https:\/\/www.fjpremium.com\/?post_type=product&#038;p=16737"},"modified":"2023-12-14T13:56:45","modified_gmt":"2023-12-14T05:56:45","slug":"cat6-utp-flat-ethernet-cable-slim-utp-cat6-flat-network-patch-cable","status":"publish","type":"product","link":"https:\/\/www.fjpremium.com\/pt\/product\/cat6-utp-flat-ethernet-cable-slim-utp-cat6-flat-network-patch-cable\/","title":{"rendered":"Cabo Ethernet plano fino Cat6 UTP"},"content":{"rendered":"<p>Experimente uma liga\u00e7\u00e3o em rede sem falhas em casa ou no escrit\u00f3rio com 1000 Base-T Gigabit Ethernet, utilizando este cabo Ethernet plano concebido para uma gest\u00e3o e instala\u00e7\u00e3o sem esfor\u00e7o em espa\u00e7os apertados.<\/p>\n<p>Com caracter\u00edsticas chave como o design Cat6 U\/UTP n\u00e3o blindado para um desempenho \u00f3timo e m\u00e1xima flexibilidade, o seu design elimina o emaranhado de cabos enquanto conserva o espa\u00e7o, tornando-o a escolha ideal para o encaminhamento sob tapetes, portas, bra\u00e7os rotativos, gavetas ou ao longo das paredes.<\/p>\n<p>O nosso cabo plano Ethernet adapta-se perfeitamente aos requisitos arquitect\u00f3nicos dos centros de dados e est\u00e1 em conformidade com as especifica\u00e7\u00f5es TIA\/EIA -568B Categoria 6 e ISO\/IEC 11801.<\/p>\n<p>Pode encontrar o cabo perfeito com v\u00e1rias op\u00e7\u00f5es de cor e comprimento para as suas necessidades. Amigo do ambiente e seguro, est\u00e1 tamb\u00e9m em conformidade com as normas ROHS e REACH.<\/p>\n<p>Al\u00e9m disso, os contactos banhados a ouro, as botas de al\u00edvio de tens\u00e3o moldadas e os condutores de cobre nu ou CCA garantem durabilidade, uma liga\u00e7\u00e3o segura e um melhor desempenho do cabo de acordo com as especifica\u00e7\u00f5es dos cabos de comunica\u00e7\u00e3o.<\/p>\n<p>Especifica\u00e7\u00f5es:<\/p>\n<ul>\n<li>Bitola do fio: 30\/28AWG<\/li>\n<li>Isolamento: PEAD<\/li>\n<li>Cor do isolamento: Azul\/Branco, Azul; Laranja\/Branco, Laranja; Verde\/Branco, Verde; Castanho\/Branco, Castanho<\/li>\n<li>Blindagem: Nenhuma<\/li>\n<li>Tran\u00e7a: Nenhum<\/li>\n<li>Revestimento: PVC<\/li>\n<li>Di\u00e2metro exterior: 1,5*6,05\u00b10,2mm<\/li>\n<li>Conector 1: RJ45 Cat6 UTP<\/li>\n<li>Conector 1: RJ45 Cat6 UTP<\/li>\n<li>Testes: Aparelho de teste Fluke<\/li>\n<\/ul>\n<p>Em suma, renove a sua rede e aumente a conetividade com o cabo Ethernet plano n\u00e3o blindado cat6 U\/UTP da Farsince.<\/p>\n<h2>Descarregar:<\/h2>\n<ul>\n<li>Folha de dados do cabo de remendo ethernet Cat6 U\/UTP plano torcido n\u00e3o blindado de 4 pares<\/li>\n<\/ul>\n<h2>Informa\u00e7\u00f5es sobre a encomenda:<\/h2>\n<p>FS17103F**-xxx: Cabo de liga\u00e7\u00e3o de rede plano Cat6 U\/UTP<\/p>\n<ul>\n<li>**=cor: GY=CINZA, BK=PRETO, WT=BRANCO, BU=AZUL, RD=VERMELHO, YL=AMARELO, OG=LARanja, GN=VERDE<\/li>\n<li>xxx=Comprimento: 003=0,3M, 005=0,5M, 010=1,0M, 018=1,8M, 030=3,0M, 050=5,0M, 075=7,5M, 100=10M, 200=20M, 300=30M, 400=40M, 500=50M<\/li>\n<li>Por exemplo: FS17103FBU-018= Cat6 U\/UTP Cabo de liga\u00e7\u00e3o ethernet plano, cor azul, 1.8M de comprimento<\/li>\n<\/ul>","protected":false},"excerpt":{"rendered":"<p>Descubra o nosso cabo Ethernet plano n\u00e3o blindado cat6 U\/UTP, uma solu\u00e7\u00e3o de conetividade ideal para v\u00e1rios componentes da rede LAN, como PCs, servidores, impressoras, etc.<\/p>","protected":false},"featured_media":16738,"template":"","meta":{"_acf_changed":false,"_seopress_robots_primary_cat":"","_seopress_titles_title":"Best Slim Cat6 UTP Flat Ethernet Cable - Farsince","_seopress_titles_desc":"","_seopress_robots_index":"","site-sidebar-layout":"default","site-content-layout":"default","ast-site-content-layout":"default","site-content-style":"default","site-sidebar-style":"default","ast-global-header-display":"","ast-banner-title-visibility":"","ast-main-header-display":"","ast-hfb-above-header-display":"","ast-hfb-below-header-display":"","ast-hfb-mobile-header-display":"","site-post-title":"","ast-breadcrumbs-content":"","ast-featured-img":"","footer-sml-layout":"","ast-disable-related-posts":"","theme-transparent-header-meta":"default","adv-header-id-meta":"","stick-header-meta":"","header-above-stick-meta":"","header-main-stick-meta":"","header-below-stick-meta":"","astra-migrate-meta-layouts":"default","ast-page-background-enabled":"default","ast-page-background-meta":{"desktop":{"background-color":"","background-image":"","background-repeat":"repeat","background-position":"center center","background-size":"auto","background-attachment":"scroll","background-type":"","background-media":"","overlay-type":"","overlay-color":"","overlay-opacity":"","overlay-gradient":""},"tablet":{"background-color":"","background-image":"","background-repeat":"repeat","background-position":"center center","background-size":"auto","background-attachment":"scroll","background-type":"","background-media":"","overlay-type":"","overlay-color":"","overlay-opacity":"","overlay-gradient":""},"mobile":{"background-color":"","background-image":"","background-repeat":"repeat","background-position":"center center","background-size":"auto","background-attachment":"scroll","background-type":"","background-media":"","overlay-type":"","overlay-color":"","overlay-opacity":"","overlay-gradient":""}},"ast-content-background-meta":{"desktop":{"background-color":"var(--ast-global-color-5)","background-image":"","background-repeat":"repeat","background-position":"center center","background-size":"auto","background-attachment":"scroll","background-type":"","background-media":"","overlay-type":"","overlay-color":"","overlay-opacity":"","overlay-gradient":""},"tablet":{"background-color":"var(--ast-global-color-5)","background-image":"","background-repeat":"repeat","background-position":"center center","background-size":"auto","background-attachment":"scroll","background-type":"","background-media":"","overlay-type":"","overlay-color":"","overlay-opacity":"","overlay-gradient":""},"mobile":{"background-color":"var(--ast-global-color-5)","background-image":"","background-repeat":"repeat","background-position":"center center","background-size":"auto","background-attachment":"scroll","background-type":"","background-media":"","overlay-type":"","overlay-color":"","overlay-opacity":"","overlay-gradient":""}},"iawp_total_views":5},"product_brand":[],"product_cat":[631,209],"product_tag":[],"class_list":{"0":"post-16737","1":"product","2":"type-product","3":"status-publish","4":"has-post-thumbnail","6":"product_cat-patch-cables","7":"product_cat-ethernet-cable","8":"desktop-align-left","9":"tablet-align-left","10":"mobile-align-left","12":"first","13":"instock","14":"shipping-taxable","15":"purchasable","16":"product-type-simple"},"acf":[],"_links":{"self":[{"href":"https:\/\/www.fjpremium.com\/pt\/wp-json\/wp\/v2\/product\/16737","targetHints":{"allow":["GET"]}}],"collection":[{"href":"https:\/\/www.fjpremium.com\/pt\/wp-json\/wp\/v2\/product"}],"about":[{"href":"https:\/\/www.fjpremium.com\/pt\/wp-json\/wp\/v2\/types\/product"}],"wp:featuredmedia":[{"embeddable":true,"href":"https:\/\/www.fjpremium.com\/pt\/wp-json\/wp\/v2\/media\/16738"}],"wp:attachment":[{"href":"https:\/\/www.fjpremium.com\/pt\/wp-json\/wp\/v2\/media?parent=16737"}],"wp:term":[{"taxonomy":"product_brand","embeddable":true,"href":"https:\/\/www.fjpremium.com\/pt\/wp-json\/wp\/v2\/product_brand?post=16737"},{"taxonomy":"product_cat","embeddable":true,"href":"https:\/\/www.fjpremium.com\/pt\/wp-json\/wp\/v2\/product_cat?post=16737"},{"taxonomy":"product_tag","embeddable":true,"href":"https:\/\/www.fjpremium.com\/pt\/wp-json\/wp\/v2\/product_tag?post=16737"}],"curies":[{"name":"wp","href":"https:\/\/api.w.org\/{rel}","templated":true}]}}