{"id":16728,"date":"2020-12-15T11:33:24","date_gmt":"2020-12-15T03:33:24","guid":{"rendered":"https:\/\/www.fjpremium.com\/?post_type=product&#038;p=16728"},"modified":"2023-12-14T13:56:46","modified_gmt":"2023-12-14T05:56:46","slug":"cat5e-ftp-ethernet-patch-cable-shield-cat5-5e-network-patch-cord","status":"publish","type":"product","link":"https:\/\/www.fjpremium.com\/pt\/product\/cat5e-ftp-ethernet-patch-cable-shield-cat5-5e-network-patch-cord\/","title":{"rendered":"FTP Cat5e Ethernet Patch Cable Shield Cat5e Network Patch Cord"},"content":{"rendered":"<p>Crie uma rede dom\u00e9stica ou de escrit\u00f3rio com 1000 Base-T Gigabit Ethernet utilizando este cabo de liga\u00e7\u00e3o Ethernet cat5e, concebido para proteger contra ru\u00eddo EMI\/RFI e interfer\u00eancias electromagn\u00e9ticas com a sua blindagem F\/UTP.<\/p>\n<p>Cumprindo ou ultrapassando as normas de desempenho da categoria 5e, de acordo com as especifica\u00e7\u00f5es TIA\/EIA-568-C.2, possui conectores banhados a ouro, botas de al\u00edvio de tens\u00e3o moldadas e moldes sem falhas para resist\u00eancia \u00e0 corros\u00e3o, durabilidade e conetividade segura.<\/p>\n<p>Al\u00e9m disso, \u00e9 assegurado um melhor desempenho do cabo com condutores de cobre nu ou CCA, em conformidade com os requisitos dos cabos de comunica\u00e7\u00e3o.<\/p>\n<p>As principais caracter\u00edsticas do nosso cabo de liga\u00e7\u00e3o Ethernet cat5e incluem blindagem F\/UTP cat5e e design de cabo entran\u00e7ado para m\u00e1xima flexibilidade.<\/p>\n<p>Al\u00e9m disso, responde \u00e0s necessidades arquitect\u00f3nicas dos centros de dados e est\u00e1 dispon\u00edvel em v\u00e1rias cores e comprimentos para se adequar \u00e0s suas prefer\u00eancias.<\/p>\n<p>Amigo do ambiente e seguro, \u00e9 tamb\u00e9m compat\u00edvel com as normas ROHS e REACH.<\/p>\n<p>Al\u00e9m disso, as especifica\u00e7\u00f5es para o nosso cabo de liga\u00e7\u00e3o Ethernet cat5e incluem o calibre do fio 30\/28\/26\/24AWG, isolamento HDPE, isolamento com c\u00f3digo de cores, blindagem do fio de drenagem, revestimento de PVC e um di\u00e2metro exterior de 5,3\u00b10,2 mm.<\/p>\n<p>Ambos os conectores s\u00e3o RJ45 cat5e FTP, com contactos 3U banhados a ouro e conchas banhadas a n\u00edquel. E cada cabo \u00e9 submetido a testes Fluke para garantia de qualidade.<\/p>\n<p>Em conclus\u00e3o, actualize a sua conetividade de rede com o vers\u00e1til e robusto cabo de liga\u00e7\u00e3o Ethernetcat5e.<\/p>\n<h2>Descarregar:<\/h2>\n<ul>\n<li>Folha de dados do cabo de liga\u00e7\u00e3o ethernet Cat5e F\/UTP torcido n\u00e3o blindado de 4 pares<\/li>\n<\/ul>\n<h2>Informa\u00e7\u00f5es sobre a encomenda:<\/h2>\n<p>FS17102**-xxx: Cabo de liga\u00e7\u00e3o de rede Cat5e F\/UTP<\/p>\n<ul>\n<li>**=cor: GY=CINZA, BK=PRETO, WT=BRANCO, BU=AZUL, RD=VERMELHO, YL=AMARELO, OG=LARanja, GN=VERDE<\/li>\n<li>xxx=Comprimento: 003=0,3M, 005=0,5M, 010=1,0M, 018=1,8M, 030=3,0M, 050=5,0M, 075=7,5M, 100=10M, 200=20M, 300=30M, 400=40M, 500=50M<\/li>\n<li>Por exemplo: FS17102BU-018= Patch cord Cat5e F\/UTP ethernet, cor azul, 1.8M de comprimento<\/li>\n<\/ul>","protected":false},"excerpt":{"rendered":"<p>Apresentamos este cabo de liga\u00e7\u00e3o Ethernet cat5e, uma solu\u00e7\u00e3o fi\u00e1vel para estabelecer liga\u00e7\u00f5es em ambientes EMI\/RFI ruidosos com v\u00e1rios componentes de rede LAN.<\/p>","protected":false},"featured_media":16729,"template":"","meta":{"_acf_changed":false,"_seopress_robots_primary_cat":"","_seopress_titles_title":"Best FTP Cat5e Ethernet Patch Cable - Farsince","_seopress_titles_desc":"","_seopress_robots_index":"","site-sidebar-layout":"default","site-content-layout":"default","ast-site-content-layout":"default","site-content-style":"default","site-sidebar-style":"default","ast-global-header-display":"","ast-banner-title-visibility":"","ast-main-header-display":"","ast-hfb-above-header-display":"","ast-hfb-below-header-display":"","ast-hfb-mobile-header-display":"","site-post-title":"","ast-breadcrumbs-content":"","ast-featured-img":"","footer-sml-layout":"","ast-disable-related-posts":"","theme-transparent-header-meta":"default","adv-header-id-meta":"","stick-header-meta":"","header-above-stick-meta":"","header-main-stick-meta":"","header-below-stick-meta":"","astra-migrate-meta-layouts":"set","ast-page-background-enabled":"default","ast-page-background-meta":{"desktop":{"background-color":"","background-image":"","background-repeat":"repeat","background-position":"center center","background-size":"auto","background-attachment":"scroll","background-type":"","background-media":"","overlay-type":"","overlay-color":"","overlay-opacity":"","overlay-gradient":""},"tablet":{"background-color":"","background-image":"","background-repeat":"repeat","background-position":"center center","background-size":"auto","background-attachment":"scroll","background-type":"","background-media":"","overlay-type":"","overlay-color":"","overlay-opacity":"","overlay-gradient":""},"mobile":{"background-color":"","background-image":"","background-repeat":"repeat","background-position":"center center","background-size":"auto","background-attachment":"scroll","background-type":"","background-media":"","overlay-type":"","overlay-color":"","overlay-opacity":"","overlay-gradient":""}},"ast-content-background-meta":{"desktop":{"background-color":"var(--ast-global-color-5)","background-image":"","background-repeat":"repeat","background-position":"center center","background-size":"auto","background-attachment":"scroll","background-type":"","background-media":"","overlay-type":"","overlay-color":"","overlay-opacity":"","overlay-gradient":""},"tablet":{"background-color":"var(--ast-global-color-5)","background-image":"","background-repeat":"repeat","background-position":"center center","background-size":"auto","background-attachment":"scroll","background-type":"","background-media":"","overlay-type":"","overlay-color":"","overlay-opacity":"","overlay-gradient":""},"mobile":{"background-color":"var(--ast-global-color-5)","background-image":"","background-repeat":"repeat","background-position":"center center","background-size":"auto","background-attachment":"scroll","background-type":"","background-media":"","overlay-type":"","overlay-color":"","overlay-opacity":"","overlay-gradient":""}},"iawp_total_views":5},"product_brand":[],"product_cat":[631,209],"product_tag":[],"class_list":{"0":"post-16728","1":"product","2":"type-product","3":"status-publish","4":"has-post-thumbnail","6":"product_cat-patch-cables","7":"product_cat-ethernet-cable","8":"desktop-align-left","9":"tablet-align-left","10":"mobile-align-left","12":"first","13":"instock","14":"shipping-taxable","15":"purchasable","16":"product-type-simple"},"acf":[],"_links":{"self":[{"href":"https:\/\/www.fjpremium.com\/pt\/wp-json\/wp\/v2\/product\/16728","targetHints":{"allow":["GET"]}}],"collection":[{"href":"https:\/\/www.fjpremium.com\/pt\/wp-json\/wp\/v2\/product"}],"about":[{"href":"https:\/\/www.fjpremium.com\/pt\/wp-json\/wp\/v2\/types\/product"}],"wp:featuredmedia":[{"embeddable":true,"href":"https:\/\/www.fjpremium.com\/pt\/wp-json\/wp\/v2\/media\/16729"}],"wp:attachment":[{"href":"https:\/\/www.fjpremium.com\/pt\/wp-json\/wp\/v2\/media?parent=16728"}],"wp:term":[{"taxonomy":"product_brand","embeddable":true,"href":"https:\/\/www.fjpremium.com\/pt\/wp-json\/wp\/v2\/product_brand?post=16728"},{"taxonomy":"product_cat","embeddable":true,"href":"https:\/\/www.fjpremium.com\/pt\/wp-json\/wp\/v2\/product_cat?post=16728"},{"taxonomy":"product_tag","embeddable":true,"href":"https:\/\/www.fjpremium.com\/pt\/wp-json\/wp\/v2\/product_tag?post=16728"}],"curies":[{"name":"wp","href":"https:\/\/api.w.org\/{rel}","templated":true}]}}