{"id":16715,"date":"2020-12-15T10:53:28","date_gmt":"2020-12-15T02:53:28","guid":{"rendered":"https:\/\/www.fjpremium.com\/?post_type=product&#038;p=16715"},"modified":"2023-12-14T13:55:33","modified_gmt":"2023-12-14T05:55:33","slug":"cat6-s-ftp-shielded-and-foiled-twisted-pair-ethernet-installation-bulk-cable-500mhz-2","status":"publish","type":"product","link":"https:\/\/www.fjpremium.com\/pt\/product\/cat6-s-ftp-shielded-and-foiled-twisted-pair-ethernet-installation-bulk-cable-500mhz-2\/","title":{"rendered":"Cabo de instala\u00e7\u00e3o Ethernet Cat6 S\/FTP CMP a granel"},"content":{"rendered":"<p>O cabo de instala\u00e7\u00e3o Ethernet blindado e revestido Farsince CAT6A S\/FTP \u00e9 ideal para comunica\u00e7\u00f5es de dados de elevado desempenho para capacidades de voz, dados, v\u00eddeo e seguran\u00e7a. Este cabo permite a transmiss\u00e3o de dados de 10 Gigabit e permite uma banda mais r\u00e1pida com at\u00e9 500 MHz. Composto por quatro pares blindados individualmente de condutores de cobre nu s\u00f3lido de calibre 23, com uma blindagem geral de tran\u00e7a de liga de alum\u00ednio e magn\u00e9sio, a fim de repelir a interfer\u00eancia electromagn\u00e9tica (EMI) em ambientes eletricamente ruidosos, o cabo Ethernet CAT6A a granel tem um revestimento geral LSZH e marca\u00e7\u00f5es sequenciais de p\u00e9s ou metros no revestimento para que saiba sempre quanto resta.<\/p>\n<h3>Caracter\u00edsticas principais<\/h3>\n<ul>\n<li>S\/FTP<\/li>\n<li>23AWG 0,57mm Cobre s\u00f3lido sem oxig\u00e9nio,<\/li>\n<li>Isolamento em pele de espuma,<\/li>\n<li>PVC\/CMR\/CMP\/LSZH \/PE Op\u00e7\u00f5es de revestimento<\/li>\n<li>Mais op\u00e7\u00f5es de cores<\/li>\n<li>Testado por Fluke e analisador de rede<\/li>\n<li>Conformidade com ROHS, REACH<\/li>\n<li>CPR Eca, Dca Certificado<\/li>\n<\/ul>\n<h3>Conformidade com a norma<\/h3>\n<ul>\n<li>IEC\/ISO 11801<\/li>\n<li>ISO\/IEC 61156-5<\/li>\n<li>ANSI\/TIA568C.2<\/li>\n<\/ul>\n<h2>Especifica\u00e7\u00f5es<\/h2>\n<ul>\n<li>Condutor: 23AWG (1\/0,57 mm), cobre s\u00f3lido nu<\/li>\n<li>Isolamento: Pele de espuma PE<\/li>\n<li>Blindagem: Blindagem de pares individuais por folha de alum\u00ednio<\/li>\n<li>Tran\u00e7ado: 16\/5\/0,12 AL-MG<\/li>\n<li>Di\u00e2metro exterior: 7,8 \u00b1 0,2 mm<\/li>\n<li>Op\u00e7\u00f5es de revestimento: PVC, LSZH, CM, CMR(Riser), CMP(Plenum), PE (Exterior),<\/li>\n<li>Cor: cinzento\/branco\/azul\/preto ou personalizado<\/li>\n<\/ul>\n<h2>Descarregar:<\/h2>\n<ul>\n<li>Ficha t\u00e9cnica de Cat6 S\/FTP Netwoking installation bulk cable<\/li>\n<\/ul>\n<h2>Informa\u00e7\u00f5es sobre a encomenda:<\/h2>\n<ul>\n<li>FS17005-C: PVC<\/li>\n<li>FS17005-L: LSZH<\/li>\n<li>FS17005-M: Classifica\u00e7\u00e3o CM<\/li>\n<li>FS17005-R: Elevador CMR<\/li>\n<li>FS17005-P: Pleno CMP<\/li>\n<li>FS17005-E: PE para exterior<\/li>\n<\/ul>","protected":false},"excerpt":{"rendered":"<p>23AWG Cobre nu s\u00f3lido, 305metros\/1000 p\u00e9s, Mais op\u00e7\u00f5es de cores e materiais de revestimento para cabo ethernet a granel<\/p>","protected":false},"featured_media":16716,"template":"","meta":{"_acf_changed":false,"_seopress_robots_primary_cat":"","_seopress_titles_title":"CMP Cat6 S\/FTP Ethernet Installation Bulk Cable - Farsince","_seopress_titles_desc":"","_seopress_robots_index":"","site-sidebar-layout":"default","site-content-layout":"default","ast-site-content-layout":"default","site-content-style":"default","site-sidebar-style":"default","ast-global-header-display":"","ast-banner-title-visibility":"","ast-main-header-display":"","ast-hfb-above-header-display":"","ast-hfb-below-header-display":"","ast-hfb-mobile-header-display":"","site-post-title":"","ast-breadcrumbs-content":"","ast-featured-img":"","footer-sml-layout":"","ast-disable-related-posts":"","theme-transparent-header-meta":"default","adv-header-id-meta":"","stick-header-meta":"","header-above-stick-meta":"","header-main-stick-meta":"","header-below-stick-meta":"","astra-migrate-meta-layouts":"default","ast-page-background-enabled":"default","ast-page-background-meta":{"desktop":{"background-color":"","background-image":"","background-repeat":"repeat","background-position":"center center","background-size":"auto","background-attachment":"scroll","background-type":"","background-media":"","overlay-type":"","overlay-color":"","overlay-opacity":"","overlay-gradient":""},"tablet":{"background-color":"","background-image":"","background-repeat":"repeat","background-position":"center center","background-size":"auto","background-attachment":"scroll","background-type":"","background-media":"","overlay-type":"","overlay-color":"","overlay-opacity":"","overlay-gradient":""},"mobile":{"background-color":"","background-image":"","background-repeat":"repeat","background-position":"center center","background-size":"auto","background-attachment":"scroll","background-type":"","background-media":"","overlay-type":"","overlay-color":"","overlay-opacity":"","overlay-gradient":""}},"ast-content-background-meta":{"desktop":{"background-color":"var(--ast-global-color-5)","background-image":"","background-repeat":"repeat","background-position":"center center","background-size":"auto","background-attachment":"scroll","background-type":"","background-media":"","overlay-type":"","overlay-color":"","overlay-opacity":"","overlay-gradient":""},"tablet":{"background-color":"var(--ast-global-color-5)","background-image":"","background-repeat":"repeat","background-position":"center center","background-size":"auto","background-attachment":"scroll","background-type":"","background-media":"","overlay-type":"","overlay-color":"","overlay-opacity":"","overlay-gradient":""},"mobile":{"background-color":"var(--ast-global-color-5)","background-image":"","background-repeat":"repeat","background-position":"center center","background-size":"auto","background-attachment":"scroll","background-type":"","background-media":"","overlay-type":"","overlay-color":"","overlay-opacity":"","overlay-gradient":""}},"iawp_total_views":30},"product_brand":[],"product_cat":[460,252,209],"product_tag":[],"class_list":{"0":"post-16715","1":"product","2":"type-product","3":"status-publish","4":"has-post-thumbnail","6":"product_cat-featured-products","7":"product_cat-bulk-cables","8":"product_cat-ethernet-cable","9":"desktop-align-left","10":"tablet-align-left","11":"mobile-align-left","13":"first","14":"instock","15":"shipping-taxable","16":"purchasable","17":"product-type-simple"},"acf":[],"_links":{"self":[{"href":"https:\/\/www.fjpremium.com\/pt\/wp-json\/wp\/v2\/product\/16715","targetHints":{"allow":["GET"]}}],"collection":[{"href":"https:\/\/www.fjpremium.com\/pt\/wp-json\/wp\/v2\/product"}],"about":[{"href":"https:\/\/www.fjpremium.com\/pt\/wp-json\/wp\/v2\/types\/product"}],"wp:featuredmedia":[{"embeddable":true,"href":"https:\/\/www.fjpremium.com\/pt\/wp-json\/wp\/v2\/media\/16716"}],"wp:attachment":[{"href":"https:\/\/www.fjpremium.com\/pt\/wp-json\/wp\/v2\/media?parent=16715"}],"wp:term":[{"taxonomy":"product_brand","embeddable":true,"href":"https:\/\/www.fjpremium.com\/pt\/wp-json\/wp\/v2\/product_brand?post=16715"},{"taxonomy":"product_cat","embeddable":true,"href":"https:\/\/www.fjpremium.com\/pt\/wp-json\/wp\/v2\/product_cat?post=16715"},{"taxonomy":"product_tag","embeddable":true,"href":"https:\/\/www.fjpremium.com\/pt\/wp-json\/wp\/v2\/product_tag?post=16715"}],"curies":[{"name":"wp","href":"https:\/\/api.w.org\/{rel}","templated":true}]}}