{"id":16634,"date":"2020-12-10T17:11:38","date_gmt":"2020-12-10T09:11:38","guid":{"rendered":"https:\/\/www.fjpremium.com\/?post_type=product&#038;p=16634"},"modified":"2023-12-14T13:55:33","modified_gmt":"2023-12-14T05:55:33","slug":"cat-5e-f-utp-ethernet-installation-bulk-cable-305m-roll-box","status":"publish","type":"product","link":"https:\/\/www.fjpremium.com\/pt\/product\/cat-5e-f-utp-ethernet-installation-bulk-cable-305m-roll-box\/","title":{"rendered":"Cabo Cat5e a granel F\/UTP Ethernet instala\u00e7\u00e3o 305m caixa de rolo"},"content":{"rendered":"<p>O cabo de instala\u00e7\u00e3o Ethernet F-UTP Foiled CAT5e da Farsince \u00e9 ideal para comunica\u00e7\u00f5es de dados de elevado desempenho para capacidades de voz, dados, v\u00eddeo e seguran\u00e7a. Este cabo permite 1000Base-T Gigabit Ethernet e permite uma largura de banda mais r\u00e1pida at\u00e9 100MHz. Composto por quatro pares de condutores de cobre nu s\u00f3lido de calibre 24, com uma blindagem geral em folha de alum\u00ednio, a fim de repelir as interfer\u00eancias electromagn\u00e9ticas (EMI) em ambientes eletricamente ruidosos, o cabo Ethernet CAT5 F-UTP a granel tem um revestimento geral em PVC\/CMR\/CMP\/LSZH\/PE e marca\u00e7\u00f5es sequenciais em p\u00e9s ou metros no revestimento, para que saiba sempre quanto resta.<\/p>\n<h3>Caracter\u00edsticas principais<\/h3>\n<ul>\n<li>F\/UTP<\/li>\n<li>24AWG 0,50mm Cobre s\u00f3lido sem oxig\u00e9nio ou CCA<\/li>\n<li>Isolamento em PEAD.<\/li>\n<li>PVC\/CMR\/CMP\/LSZH \/PE Op\u00e7\u00f5es de revestimento<\/li>\n<li>Mais op\u00e7\u00f5es de cores<\/li>\n<li>Testado por Fluke e analisador de rede<\/li>\n<li>Conformidade com ROHS, REACH<\/li>\n<li>CPR Eca, Dca Certificado<\/li>\n<\/ul>\n<h3>Conformidade com a norma<\/h3>\n<ul>\n<li>IEC\/ISO 11801 2\u00aa Classe D<\/li>\n<li>ANSI\/TIA568C.2 Categoria 5e<\/li>\n<li>ISO\/IEC 61156-5 Categoria 5e<\/li>\n<\/ul>\n<h2>Especifica\u00e7\u00f5es<\/h2>\n<ul>\n<li>Condutor: 24AWG (1\/0,50mm), cobre s\u00f3lido nu ou CCA<\/li>\n<li>Isolamento: PEAD<\/li>\n<li>Blindagem: Desproteger<\/li>\n<li>Tran\u00e7a: nenhuma<\/li>\n<li>Di\u00e2metro exterior: 6,0 \u00b1 0,2 mm<\/li>\n<li>Op\u00e7\u00f5es de revestimento: PVC, LSZH, CM, CMR(Riser), CMP(Plenum), PE (Exterior),<\/li>\n<li>Cor: cinzento\/branco\/azul\/preto ou personalizado<\/li>\n<\/ul>\n<h2>Descarregar:<\/h2>\n<ul>\n<li>Ficha t\u00e9cnica de Cat5e F\/UTP Netwoking installation bulk cable<\/li>\n<\/ul>\n<h2>Informa\u00e7\u00f5es sobre a encomenda:<\/h2>\n<ul>\n<li>FS17002-C: PVC<\/li>\n<li>FS17002-L: LSZH<\/li>\n<li>FS17002-M: Classifica\u00e7\u00e3o CM<\/li>\n<li>FS17002-R: Elevador CMR<\/li>\n<li>FS17002-P: Pleno CMP<\/li>\n<li>FS17002-E: PE para exterior<\/li>\n<\/ul>","protected":false},"excerpt":{"rendered":"<p>24AWG Cobre nu s\u00f3lido ou CCA, 305metros\/1000 p\u00e9s, Mais op\u00e7\u00f5es de cores e materiais de revestimento para cabo ethernet a granel<\/p>","protected":false},"featured_media":16635,"template":"","meta":{"_acf_changed":false,"_seopress_robots_primary_cat":"","_seopress_titles_title":"Bulk Cat 5e Cable - Farsince","_seopress_titles_desc":"","_seopress_robots_index":"","site-sidebar-layout":"default","site-content-layout":"default","ast-site-content-layout":"default","site-content-style":"default","site-sidebar-style":"default","ast-global-header-display":"","ast-banner-title-visibility":"","ast-main-header-display":"","ast-hfb-above-header-display":"","ast-hfb-below-header-display":"","ast-hfb-mobile-header-display":"","site-post-title":"","ast-breadcrumbs-content":"","ast-featured-img":"","footer-sml-layout":"","ast-disable-related-posts":"","theme-transparent-header-meta":"default","adv-header-id-meta":"","stick-header-meta":"","header-above-stick-meta":"","header-main-stick-meta":"","header-below-stick-meta":"","astra-migrate-meta-layouts":"default","ast-page-background-enabled":"default","ast-page-background-meta":{"desktop":{"background-color":"","background-image":"","background-repeat":"repeat","background-position":"center center","background-size":"auto","background-attachment":"scroll","background-type":"","background-media":"","overlay-type":"","overlay-color":"","overlay-opacity":"","overlay-gradient":""},"tablet":{"background-color":"","background-image":"","background-repeat":"repeat","background-position":"center center","background-size":"auto","background-attachment":"scroll","background-type":"","background-media":"","overlay-type":"","overlay-color":"","overlay-opacity":"","overlay-gradient":""},"mobile":{"background-color":"","background-image":"","background-repeat":"repeat","background-position":"center center","background-size":"auto","background-attachment":"scroll","background-type":"","background-media":"","overlay-type":"","overlay-color":"","overlay-opacity":"","overlay-gradient":""}},"ast-content-background-meta":{"desktop":{"background-color":"var(--ast-global-color-5)","background-image":"","background-repeat":"repeat","background-position":"center center","background-size":"auto","background-attachment":"scroll","background-type":"","background-media":"","overlay-type":"","overlay-color":"","overlay-opacity":"","overlay-gradient":""},"tablet":{"background-color":"var(--ast-global-color-5)","background-image":"","background-repeat":"repeat","background-position":"center center","background-size":"auto","background-attachment":"scroll","background-type":"","background-media":"","overlay-type":"","overlay-color":"","overlay-opacity":"","overlay-gradient":""},"mobile":{"background-color":"var(--ast-global-color-5)","background-image":"","background-repeat":"repeat","background-position":"center center","background-size":"auto","background-attachment":"scroll","background-type":"","background-media":"","overlay-type":"","overlay-color":"","overlay-opacity":"","overlay-gradient":""}},"iawp_total_views":14},"product_brand":[],"product_cat":[460,252,209],"product_tag":[],"class_list":{"0":"post-16634","1":"product","2":"type-product","3":"status-publish","4":"has-post-thumbnail","6":"product_cat-featured-products","7":"product_cat-bulk-cables","8":"product_cat-ethernet-cable","9":"desktop-align-left","10":"tablet-align-left","11":"mobile-align-left","13":"first","14":"instock","15":"shipping-taxable","16":"purchasable","17":"product-type-simple"},"acf":[],"_links":{"self":[{"href":"https:\/\/www.fjpremium.com\/pt\/wp-json\/wp\/v2\/product\/16634","targetHints":{"allow":["GET"]}}],"collection":[{"href":"https:\/\/www.fjpremium.com\/pt\/wp-json\/wp\/v2\/product"}],"about":[{"href":"https:\/\/www.fjpremium.com\/pt\/wp-json\/wp\/v2\/types\/product"}],"wp:featuredmedia":[{"embeddable":true,"href":"https:\/\/www.fjpremium.com\/pt\/wp-json\/wp\/v2\/media\/16635"}],"wp:attachment":[{"href":"https:\/\/www.fjpremium.com\/pt\/wp-json\/wp\/v2\/media?parent=16634"}],"wp:term":[{"taxonomy":"product_brand","embeddable":true,"href":"https:\/\/www.fjpremium.com\/pt\/wp-json\/wp\/v2\/product_brand?post=16634"},{"taxonomy":"product_cat","embeddable":true,"href":"https:\/\/www.fjpremium.com\/pt\/wp-json\/wp\/v2\/product_cat?post=16634"},{"taxonomy":"product_tag","embeddable":true,"href":"https:\/\/www.fjpremium.com\/pt\/wp-json\/wp\/v2\/product_tag?post=16634"}],"curies":[{"name":"wp","href":"https:\/\/api.w.org\/{rel}","templated":true}]}}