{"id":16613,"date":"2020-12-10T17:06:12","date_gmt":"2020-12-10T09:06:12","guid":{"rendered":"https:\/\/www.fjpremium.com\/?post_type=product&#038;p=16613"},"modified":"2023-12-14T13:55:34","modified_gmt":"2023-12-14T05:55:34","slug":"cat-7-s-ftp-duplex-shielded-and-foiled-twisted-pair-ethernet-installation-cable-600mhz","status":"publish","type":"product","link":"https:\/\/www.fjpremium.com\/pt\/product\/cat-7-s-ftp-duplex-shielded-and-foiled-twisted-pair-ethernet-installation-cable-600mhz\/","title":{"rendered":"Cabo de instala\u00e7\u00e3o Ethernet de par tran\u00e7ado blindado e espelhado Cat7 S\/FTP Duplex, 600MHZ"},"content":{"rendered":"<p>Com capacidade para suportar a transmiss\u00e3o de dados 10-Gigabit e uma largura de banda at\u00e9 1000MHz, este cabo cat7 S\/FTP garante uma conetividade r\u00e1pida e fi\u00e1vel para a sua rede.<\/p>\n<p>E \u00e9 perfeito para aplica\u00e7\u00f5es de voz, dados, v\u00eddeo e seguran\u00e7a de elevado desempenho.<\/p>\n<p>Constru\u00eddo com quatro pares blindados individualmente de condutores s\u00f3lidos de cobre nu de calibre 23 e uma blindagem tran\u00e7ada de liga de alum\u00ednio e magn\u00e9sio, o nosso cabo cat7 S\/FTP repele eficazmente as interfer\u00eancias electromagn\u00e9ticas (EMI) em ambientes eletricamente ruidosos.<\/p>\n<p>Al\u00e9m disso, possui um revestimento LSZH geral e marca\u00e7\u00f5es sequenciais de p\u00e9s ou metros, permitindo-lhe controlar facilmente o comprimento restante durante a instala\u00e7\u00e3o.<\/p>\n<p>Este cabo cat7 S\/FTP possui condutores de cobre s\u00f3lido sem oxig\u00e9nio de 23AWG 0,57 mm, isolamento de espuma e uma variedade de op\u00e7\u00f5es de revestimento, como PVC, CMR, CMP, LSZH e PE.<\/p>\n<p>Est\u00e1 dispon\u00edvel em v\u00e1rias op\u00e7\u00f5es de cores e os analisadores Fluke e de rede testam o seu desempenho.<\/p>\n<p>Al\u00e9m disso, o cabo est\u00e1 em conformidade com as normas ROHS e REACH e possui as certifica\u00e7\u00f5es CPR Eca e Dca.<\/p>\n<p>Tamb\u00e9m est\u00e1 em conformidade com as normas IEC\/ISO 11801, ISO\/IEC 61156-5 e ANSI\/TIA568C.2.<\/p>\n<p>As especifica\u00e7\u00f5es do cabo incluem o seguinte:<\/p>\n<ul>\n<li>Blindagem de pares individuais: Folha de alum\u00ednio<\/li>\n<li>Tran\u00e7ado: 16\/5\/0,12 AL-MG<\/li>\n<li>Di\u00e2metro exterior: 8,0 \u00b1 0,2 mm<\/li>\n<li>Cores dispon\u00edveis: Cinzento, branco, azul, preto ou cores personalizadas<\/li>\n<\/ul>\n<p>Em geral, melhore a sua infraestrutura de rede com o nosso robusto e fi\u00e1vel cabo cat7 S\/FTP para um desempenho e conetividade sem paralelo.<\/p>\n<h2>Descarregar:<\/h2>\n<ul>\n<li>Ficha t\u00e9cnica de Cat7A S\/FTP Netwoking installation bulk cable<\/li>\n<\/ul>\n<h2>Informa\u00e7\u00f5es sobre a encomenda:<\/h2>\n<ul>\n<li>FS17009-C: PVC<\/li>\n<li>FS17009-L: LSZH<\/li>\n<li>FS17009-M: Classifica\u00e7\u00e3o CM<\/li>\n<li>FS17009-R: Elevador CMR<\/li>\n<li>FS17009-P: Pleno CMP<\/li>\n<li>FS17009-E: PE para exterior<\/li>\n<\/ul>","protected":false},"excerpt":{"rendered":"<p>Actualize as suas necessidades de comunica\u00e7\u00e3o de dados com o nosso cabo de instala\u00e7\u00e3o Ethernet de par entran\u00e7ado blindado e laminado cat7 S\/FTP duplex.<\/p>","protected":false},"featured_media":16614,"template":"","meta":{"_acf_changed":false,"_seopress_robots_primary_cat":"","_seopress_titles_title":"Cat7 S\/FTP Duplex Shielded And Foiled Twisted Pair Cable - Farsince","_seopress_titles_desc":"Experience the best in network connectivity with Farsince&#039;s Cat 7 S\/FTP Cable. Our cable supports 600MHz and provides reliable and seamless connection for high-speed data transfer. ","_seopress_robots_index":"","site-sidebar-layout":"default","site-content-layout":"default","ast-site-content-layout":"default","site-content-style":"default","site-sidebar-style":"default","ast-global-header-display":"","ast-banner-title-visibility":"","ast-main-header-display":"","ast-hfb-above-header-display":"","ast-hfb-below-header-display":"","ast-hfb-mobile-header-display":"","site-post-title":"","ast-breadcrumbs-content":"","ast-featured-img":"","footer-sml-layout":"","ast-disable-related-posts":"","theme-transparent-header-meta":"default","adv-header-id-meta":"","stick-header-meta":"","header-above-stick-meta":"","header-main-stick-meta":"","header-below-stick-meta":"","astra-migrate-meta-layouts":"set","ast-page-background-enabled":"default","ast-page-background-meta":{"desktop":{"background-color":"","background-image":"","background-repeat":"repeat","background-position":"center center","background-size":"auto","background-attachment":"scroll","background-type":"","background-media":"","overlay-type":"","overlay-color":"","overlay-opacity":"","overlay-gradient":""},"tablet":{"background-color":"","background-image":"","background-repeat":"repeat","background-position":"center center","background-size":"auto","background-attachment":"scroll","background-type":"","background-media":"","overlay-type":"","overlay-color":"","overlay-opacity":"","overlay-gradient":""},"mobile":{"background-color":"","background-image":"","background-repeat":"repeat","background-position":"center center","background-size":"auto","background-attachment":"scroll","background-type":"","background-media":"","overlay-type":"","overlay-color":"","overlay-opacity":"","overlay-gradient":""}},"ast-content-background-meta":{"desktop":{"background-color":"var(--ast-global-color-5)","background-image":"","background-repeat":"repeat","background-position":"center center","background-size":"auto","background-attachment":"scroll","background-type":"","background-media":"","overlay-type":"","overlay-color":"","overlay-opacity":"","overlay-gradient":""},"tablet":{"background-color":"var(--ast-global-color-5)","background-image":"","background-repeat":"repeat","background-position":"center center","background-size":"auto","background-attachment":"scroll","background-type":"","background-media":"","overlay-type":"","overlay-color":"","overlay-opacity":"","overlay-gradient":""},"mobile":{"background-color":"var(--ast-global-color-5)","background-image":"","background-repeat":"repeat","background-position":"center center","background-size":"auto","background-attachment":"scroll","background-type":"","background-media":"","overlay-type":"","overlay-color":"","overlay-opacity":"","overlay-gradient":""}},"iawp_total_views":23},"product_brand":[],"product_cat":[460,252,209],"product_tag":[],"class_list":{"0":"post-16613","1":"product","2":"type-product","3":"status-publish","4":"has-post-thumbnail","6":"product_cat-featured-products","7":"product_cat-bulk-cables","8":"product_cat-ethernet-cable","9":"desktop-align-left","10":"tablet-align-left","11":"mobile-align-left","13":"first","14":"instock","15":"shipping-taxable","16":"purchasable","17":"product-type-simple"},"acf":[],"_links":{"self":[{"href":"https:\/\/www.fjpremium.com\/pt\/wp-json\/wp\/v2\/product\/16613","targetHints":{"allow":["GET"]}}],"collection":[{"href":"https:\/\/www.fjpremium.com\/pt\/wp-json\/wp\/v2\/product"}],"about":[{"href":"https:\/\/www.fjpremium.com\/pt\/wp-json\/wp\/v2\/types\/product"}],"wp:featuredmedia":[{"embeddable":true,"href":"https:\/\/www.fjpremium.com\/pt\/wp-json\/wp\/v2\/media\/16614"}],"wp:attachment":[{"href":"https:\/\/www.fjpremium.com\/pt\/wp-json\/wp\/v2\/media?parent=16613"}],"wp:term":[{"taxonomy":"product_brand","embeddable":true,"href":"https:\/\/www.fjpremium.com\/pt\/wp-json\/wp\/v2\/product_brand?post=16613"},{"taxonomy":"product_cat","embeddable":true,"href":"https:\/\/www.fjpremium.com\/pt\/wp-json\/wp\/v2\/product_cat?post=16613"},{"taxonomy":"product_tag","embeddable":true,"href":"https:\/\/www.fjpremium.com\/pt\/wp-json\/wp\/v2\/product_tag?post=16613"}],"curies":[{"name":"wp","href":"https:\/\/api.w.org\/{rel}","templated":true}]}}