{"id":16594,"date":"2020-12-03T11:22:58","date_gmt":"2020-12-03T03:22:58","guid":{"rendered":"https:\/\/www.fjpremium.com\/?post_type=product&#038;p=16594"},"modified":"2023-12-14T13:58:54","modified_gmt":"2023-12-14T05:58:54","slug":"540-degree-magnetic-charging-cables-fast-phone-charging-data-cable-transfer","status":"publish","type":"product","link":"https:\/\/www.fjpremium.com\/pt\/product\/540-degree-magnetic-charging-cables-fast-phone-charging-data-cable-transfer\/","title":{"rendered":"Cabos de carregamento magn\u00e9tico de 540 graus Transfer\u00eancia de dados de carregamento r\u00e1pido do telem\u00f3vel"},"content":{"rendered":"<p>Estes cabos de carregamento magn\u00e9tico utilizam um m\u00e9todo inovador de carregamento por encaixe magn\u00e9tico cego.<\/p>\n<p>Diga adeus ao inc\u00f3modo das fichas e abrace a facilidade da segunda adsor\u00e7\u00e3o magn\u00e9tica.<\/p>\n<p>Al\u00e9m disso, este design inteligente funciona tamb\u00e9m como um filtro de p\u00f3, garantindo que a porta de carregamento do seu dispositivo permanece limpa e segura.<\/p>\n<p>O que distingue os nossos cabos de carregamento magn\u00e9ticos n\u00e3o \u00e9 apenas a sua funcionalidade, mas tamb\u00e9m o seu estilo.<\/p>\n<p>Cada cabo apresenta uma apar\u00eancia exclusiva de molde privado com um inv\u00f3lucro de liga de alum\u00ednio brilhante. A sua longa cauda impede a dobragem, aumentando a resist\u00eancia e a longevidade do cabo.<\/p>\n<p>Para resistir \u00e0 abras\u00e3o, estes cabos s\u00e3o criados com uma cobertura de nylon de alta densidade com um di\u00e2metro de 3,5 mm.<\/p>\n<p>A sua resist\u00eancia garante que continuar\u00e3o a funcionar mesmo com uma utiliza\u00e7\u00e3o intensiva.<\/p>\n<p>Al\u00e9m disso, n\u00e3o tem de se preocupar em localizar o cabo no escuro.<\/p>\n<p>Os nossos cabos incluem um design LED suave que produz uma luz de presen\u00e7a suave e f\u00e1cil de ver.<\/p>\n<p>S\u00e3o potentes, resistentes e est\u00e3o na moda. Um condutor de n\u00facleo de cobre puro 100% no interior permite um carregamento r\u00e1pido e pode suportar uma corrente de sa\u00edda elevada de at\u00e9 3,0A.<\/p>\n<p>E o tempo de arranque do seu dispositivo vai surpreend\u00ea-lo.<\/p>\n<p>Al\u00e9m disso, os nossos cabos de carregamento magn\u00e9ticos s\u00e3o particularmente adequados para utiliza\u00e7\u00e3o no interior de ve\u00edculos.<\/p>\n<p>Ir\u00e1 experimentar a comodidade do carregamento com uma s\u00f3 m\u00e3o e garantir que a sua aten\u00e7\u00e3o se mant\u00e9m na estrada para uma condu\u00e7\u00e3o segura.<\/p>\n<p>A embalagem \u00e9 t\u00e3o elevada quanto o pr\u00f3prio produto. O seu cabo \u00e9 entregue numa caixa de janela em papel cobreado espesso de 400 g com suporte interior em PS ecol\u00f3gico.<\/p>\n<p>Al\u00e9m disso, o nosso processo de impress\u00e3o UV convexa a laser confere um toque de eleg\u00e2ncia, enquanto o tratamento de selagem da caixa exterior garante que o seu produto chega em perfeitas condi\u00e7\u00f5es.<\/p>\n<p>Em geral, experimente hoje o futuro do carregamento e da transfer\u00eancia de dados com os nossos cabos de carregamento magn\u00e9tico de 540 graus.<\/p>","protected":false},"excerpt":{"rendered":"<p>Mergulhe num mundo de conveni\u00eancia sem precedentes com os nossos cabos de carregamento magn\u00e9tico de 540 graus, uma revolu\u00e7\u00e3o no carregamento de telem\u00f3veis e na transfer\u00eancia de dados.<\/p>","protected":false},"featured_media":16595,"template":"","meta":{"_acf_changed":false,"_seopress_robots_primary_cat":"","_seopress_titles_title":"540 Degree Magnetic Charging Cables - Farsince","_seopress_titles_desc":"","_seopress_robots_index":"","site-sidebar-layout":"default","site-content-layout":"default","ast-site-content-layout":"default","site-content-style":"default","site-sidebar-style":"default","ast-global-header-display":"","ast-banner-title-visibility":"","ast-main-header-display":"","ast-hfb-above-header-display":"","ast-hfb-below-header-display":"","ast-hfb-mobile-header-display":"","site-post-title":"","ast-breadcrumbs-content":"","ast-featured-img":"","footer-sml-layout":"","ast-disable-related-posts":"","theme-transparent-header-meta":"default","adv-header-id-meta":"","stick-header-meta":"","header-above-stick-meta":"","header-main-stick-meta":"","header-below-stick-meta":"","astra-migrate-meta-layouts":"default","ast-page-background-enabled":"default","ast-page-background-meta":{"desktop":{"background-color":"","background-image":"","background-repeat":"repeat","background-position":"center center","background-size":"auto","background-attachment":"scroll","background-type":"","background-media":"","overlay-type":"","overlay-color":"","overlay-opacity":"","overlay-gradient":""},"tablet":{"background-color":"","background-image":"","background-repeat":"repeat","background-position":"center center","background-size":"auto","background-attachment":"scroll","background-type":"","background-media":"","overlay-type":"","overlay-color":"","overlay-opacity":"","overlay-gradient":""},"mobile":{"background-color":"","background-image":"","background-repeat":"repeat","background-position":"center center","background-size":"auto","background-attachment":"scroll","background-type":"","background-media":"","overlay-type":"","overlay-color":"","overlay-opacity":"","overlay-gradient":""}},"ast-content-background-meta":{"desktop":{"background-color":"var(--ast-global-color-5)","background-image":"","background-repeat":"repeat","background-position":"center center","background-size":"auto","background-attachment":"scroll","background-type":"","background-media":"","overlay-type":"","overlay-color":"","overlay-opacity":"","overlay-gradient":""},"tablet":{"background-color":"var(--ast-global-color-5)","background-image":"","background-repeat":"repeat","background-position":"center center","background-size":"auto","background-attachment":"scroll","background-type":"","background-media":"","overlay-type":"","overlay-color":"","overlay-opacity":"","overlay-gradient":""},"mobile":{"background-color":"var(--ast-global-color-5)","background-image":"","background-repeat":"repeat","background-position":"center center","background-size":"auto","background-attachment":"scroll","background-type":"","background-media":"","overlay-type":"","overlay-color":"","overlay-opacity":"","overlay-gradient":""}},"iawp_total_views":9},"product_brand":[],"product_cat":[636],"product_tag":[],"class_list":{"0":"post-16594","1":"product","2":"type-product","3":"status-publish","4":"has-post-thumbnail","6":"product_cat-usb-2-0-cables","7":"desktop-align-left","8":"tablet-align-left","9":"mobile-align-left","11":"first","12":"instock","13":"shipping-taxable","14":"purchasable","15":"product-type-simple"},"acf":[],"_links":{"self":[{"href":"https:\/\/www.fjpremium.com\/pt\/wp-json\/wp\/v2\/product\/16594","targetHints":{"allow":["GET"]}}],"collection":[{"href":"https:\/\/www.fjpremium.com\/pt\/wp-json\/wp\/v2\/product"}],"about":[{"href":"https:\/\/www.fjpremium.com\/pt\/wp-json\/wp\/v2\/types\/product"}],"wp:featuredmedia":[{"embeddable":true,"href":"https:\/\/www.fjpremium.com\/pt\/wp-json\/wp\/v2\/media\/16595"}],"wp:attachment":[{"href":"https:\/\/www.fjpremium.com\/pt\/wp-json\/wp\/v2\/media?parent=16594"}],"wp:term":[{"taxonomy":"product_brand","embeddable":true,"href":"https:\/\/www.fjpremium.com\/pt\/wp-json\/wp\/v2\/product_brand?post=16594"},{"taxonomy":"product_cat","embeddable":true,"href":"https:\/\/www.fjpremium.com\/pt\/wp-json\/wp\/v2\/product_cat?post=16594"},{"taxonomy":"product_tag","embeddable":true,"href":"https:\/\/www.fjpremium.com\/pt\/wp-json\/wp\/v2\/product_tag?post=16594"}],"curies":[{"name":"wp","href":"https:\/\/api.w.org\/{rel}","templated":true}]}}