{"id":16506,"date":"2020-10-23T14:53:01","date_gmt":"2020-10-23T06:53:01","guid":{"rendered":"https:\/\/www.fjpremium.com\/?post_type=product&#038;p=16506"},"modified":"2023-10-07T09:56:39","modified_gmt":"2023-10-07T01:56:39","slug":"vga-male-to-2-male-y-splitter-extension-cable","status":"publish","type":"product","link":"https:\/\/www.fjpremium.com\/pt\/product\/vga-male-to-2-male-y-splitter-extension-cable\/","title":{"rendered":"Adaptador de cabo divisor VGA Y macho para macho"},"content":{"rendered":"<p>Oferecendo uma solu\u00e7\u00e3o vers\u00e1til para a duplica\u00e7\u00e3o de ecr\u00e3s, o adaptador de cabo divisor VGA Y \u00e9 uma ferramenta inestim\u00e1vel para ligar uma fonte VGA a dois ecr\u00e3s.<\/p>\n<p>Est\u00e1 bem equipado para lidar com HDTV, monitores LCD, projectores, ecr\u00e3s CRT digitais ou ecr\u00e3s planos.<\/p>\n<p>Al\u00e9m disso, \u00e9 capaz de fornecer resolu\u00e7\u00f5es elevadas, at\u00e9 1920\u00d71200 (WUXGA) e suporta 1080p (Full HD).<\/p>\n<p>Os atributos dignos de nota do nosso cabo divisor Y incluem a constru\u00e7\u00e3o do cabo VGA 3+6 e o cabo de cobre 28AWG com duas ferrituras.<\/p>\n<p>Estas caracter\u00edsticas garantem que o sinal VGA \u00e9 transmitido de forma precisa e fi\u00e1vel para dois ecr\u00e3s VGA individuais.<\/p>\n<p>As suas especifica\u00e7\u00f5es:<\/p>\n<ul>\n<li>Contacto banhado a ouro, concha banhada a ouro<\/li>\n<li>Condutor do cabo: Cobre nu<\/li>\n<li>Isolamento: PEAD<\/li>\n<li>Blindagem: Folha de alum\u00ednio, tran\u00e7a<\/li>\n<li>Revestimento: PVC<\/li>\n<li>Conformidade: RoHS, REACH<\/li>\n<\/ul>\n<p>No entanto, tenha em aten\u00e7\u00e3o que suporta apenas o modo de espelho e n\u00e3o o modo de extens\u00e3o. Por isso, contacte-nos hoje mesmo e encomende-o.<\/p>","protected":false},"excerpt":{"rendered":"<p>Experimente um desempenho de exibi\u00e7\u00e3o superior com o adaptador de cabo divisor VGA Y FARSINCE, ideal para conectar um dispositivo VGA a dois monitores, oferecendo resolu\u00e7\u00f5es de at\u00e9 1920\u00d71200 (WUXGA) e 1080p (Full HD).<\/p>","protected":false},"featured_media":16537,"template":"","meta":{"_acf_changed":false,"_seopress_robots_primary_cat":"","_seopress_titles_title":"Male to Male VGA Y Splitter Cable Adapter - FARSINCE","_seopress_titles_desc":"Experience superior display performance with the FARSINCE VGA Y splitter cable adapter, ideal for connecting one VGA device to two displays.","_seopress_robots_index":"","site-sidebar-layout":"default","site-content-layout":"default","ast-site-content-layout":"default","site-content-style":"default","site-sidebar-style":"default","ast-global-header-display":"","ast-banner-title-visibility":"","ast-main-header-display":"","ast-hfb-above-header-display":"","ast-hfb-below-header-display":"","ast-hfb-mobile-header-display":"","site-post-title":"","ast-breadcrumbs-content":"","ast-featured-img":"","footer-sml-layout":"","ast-disable-related-posts":"","theme-transparent-header-meta":"default","adv-header-id-meta":"","stick-header-meta":"","header-above-stick-meta":"","header-main-stick-meta":"","header-below-stick-meta":"","astra-migrate-meta-layouts":"set","ast-page-background-enabled":"default","ast-page-background-meta":{"desktop":{"background-color":"","background-image":"","background-repeat":"repeat","background-position":"center center","background-size":"auto","background-attachment":"scroll","background-type":"","background-media":"","overlay-type":"","overlay-color":"","overlay-opacity":"","overlay-gradient":""},"tablet":{"background-color":"","background-image":"","background-repeat":"repeat","background-position":"center center","background-size":"auto","background-attachment":"scroll","background-type":"","background-media":"","overlay-type":"","overlay-color":"","overlay-opacity":"","overlay-gradient":""},"mobile":{"background-color":"","background-image":"","background-repeat":"repeat","background-position":"center center","background-size":"auto","background-attachment":"scroll","background-type":"","background-media":"","overlay-type":"","overlay-color":"","overlay-opacity":"","overlay-gradient":""}},"ast-content-background-meta":{"desktop":{"background-color":"var(--ast-global-color-5)","background-image":"","background-repeat":"repeat","background-position":"center center","background-size":"auto","background-attachment":"scroll","background-type":"","background-media":"","overlay-type":"","overlay-color":"","overlay-opacity":"","overlay-gradient":""},"tablet":{"background-color":"var(--ast-global-color-5)","background-image":"","background-repeat":"repeat","background-position":"center center","background-size":"auto","background-attachment":"scroll","background-type":"","background-media":"","overlay-type":"","overlay-color":"","overlay-opacity":"","overlay-gradient":""},"mobile":{"background-color":"var(--ast-global-color-5)","background-image":"","background-repeat":"repeat","background-position":"center center","background-size":"auto","background-attachment":"scroll","background-type":"","background-media":"","overlay-type":"","overlay-color":"","overlay-opacity":"","overlay-gradient":""}},"iawp_total_views":4},"product_brand":[],"product_cat":[214],"product_tag":[],"class_list":{"0":"post-16506","1":"product","2":"type-product","3":"status-publish","4":"has-post-thumbnail","6":"product_cat-dvi-vga","7":"desktop-align-left","8":"tablet-align-left","9":"mobile-align-left","11":"first","12":"instock","13":"shipping-taxable","14":"purchasable","15":"product-type-simple"},"acf":[],"_links":{"self":[{"href":"https:\/\/www.fjpremium.com\/pt\/wp-json\/wp\/v2\/product\/16506","targetHints":{"allow":["GET"]}}],"collection":[{"href":"https:\/\/www.fjpremium.com\/pt\/wp-json\/wp\/v2\/product"}],"about":[{"href":"https:\/\/www.fjpremium.com\/pt\/wp-json\/wp\/v2\/types\/product"}],"wp:featuredmedia":[{"embeddable":true,"href":"https:\/\/www.fjpremium.com\/pt\/wp-json\/wp\/v2\/media\/16537"}],"wp:attachment":[{"href":"https:\/\/www.fjpremium.com\/pt\/wp-json\/wp\/v2\/media?parent=16506"}],"wp:term":[{"taxonomy":"product_brand","embeddable":true,"href":"https:\/\/www.fjpremium.com\/pt\/wp-json\/wp\/v2\/product_brand?post=16506"},{"taxonomy":"product_cat","embeddable":true,"href":"https:\/\/www.fjpremium.com\/pt\/wp-json\/wp\/v2\/product_cat?post=16506"},{"taxonomy":"product_tag","embeddable":true,"href":"https:\/\/www.fjpremium.com\/pt\/wp-json\/wp\/v2\/product_tag?post=16506"}],"curies":[{"name":"wp","href":"https:\/\/api.w.org\/{rel}","templated":true}]}}