{"id":16505,"date":"2020-10-23T14:53:01","date_gmt":"2020-10-23T06:53:01","guid":{"rendered":"https:\/\/www.fjpremium.com\/?post_type=product&#038;p=16505"},"modified":"2023-10-07T09:55:32","modified_gmt":"2023-10-07T01:55:32","slug":"vga-to-vga-pc-computer-monitor-extension-cable","status":"publish","type":"product","link":"https:\/\/www.fjpremium.com\/pt\/product\/vga-to-vga-pc-computer-monitor-extension-cable\/","title":{"rendered":"Cabo de extens\u00e3o de monitor de computador VGA para VGA"},"content":{"rendered":"<p>Este cabo de extens\u00e3o de monitor funciona como uma liga\u00e7\u00e3o valiosa, permitindo-lhe prolongar a liga\u00e7\u00e3o entre o seu HDTV, monitor ou projetor e os dispositivos de origem VGA.<\/p>\n<p>O suporte de sinais de v\u00eddeo com resolu\u00e7\u00f5es at\u00e9 1920\u00d71200 (WUXGA) garante que os seus visuais permanecem n\u00edtidos e claros.<\/p>\n<p>Para al\u00e9m do desempenho visual, est\u00e1 equipado com conectores banhados a ouro de 24 K, uma prova das suas capacidades superiores de transfer\u00eancia de sinal.<\/p>\n<p>E a qualidade dos materiais e da constru\u00e7\u00e3o tamb\u00e9m proporciona uma s\u00f3lida prote\u00e7\u00e3o contra interfer\u00eancias EMI\/RFI.<\/p>\n<p>Para garantir ainda mais a qualidade, o cabo suporta resolu\u00e7\u00f5es de v\u00eddeo at\u00e9 2048\u00d71536 (QXGA) - incluindo 1920\u00d71200 (WUXGA), 1600\u00d71200 (UXGA), 1680\u00d71050 (WSXGA+), 1400\u00d71050 (SXGA+), 1280\u00d7800 (WXGA), 1024\u00d7768 (XGA), 800\u00d7600 (SVGA), 640\u00d7480 (VGA).<\/p>\n<p>As suas especifica\u00e7\u00f5es:<\/p>\n<ul>\n<li>Condutor do cabo: Cobre nu<\/li>\n<li>Bitola do fio: 30AWG (1-10M), 28AWG(15-30M)<\/li>\n<li>Isolamento: PEAD<\/li>\n<li>Blindagem: Folha de alum\u00ednio, tran\u00e7a<\/li>\n<li>Revestimento: PVC<\/li>\n<li>Conformidade: RoHS, REACH<\/li>\n<\/ul>\n<p>Al\u00e9m disso, o design do parafuso garante uma liga\u00e7\u00e3o segura, n\u00e3o deixando espa\u00e7o para pontas soltas. Em suma, contacte-nos hoje e invista nele.<\/p>","protected":false},"excerpt":{"rendered":"<p>Apresentando o cabo de extens\u00e3o de monitor de computador VGA para VGA PC da Farsince, perfeito para aplica\u00e7\u00f5es de home theater ou \u00e1udio e v\u00eddeo de desktop.<\/p>","protected":false},"featured_media":16529,"template":"","meta":{"_acf_changed":false,"_seopress_robots_primary_cat":"","_seopress_titles_title":"VGA to VGA PC Computer Monitor Extension Cable - FARSINCE","_seopress_titles_desc":"","_seopress_robots_index":"","site-sidebar-layout":"default","site-content-layout":"default","ast-site-content-layout":"default","site-content-style":"default","site-sidebar-style":"default","ast-global-header-display":"","ast-banner-title-visibility":"","ast-main-header-display":"","ast-hfb-above-header-display":"","ast-hfb-below-header-display":"","ast-hfb-mobile-header-display":"","site-post-title":"","ast-breadcrumbs-content":"","ast-featured-img":"","footer-sml-layout":"","ast-disable-related-posts":"","theme-transparent-header-meta":"default","adv-header-id-meta":"","stick-header-meta":"","header-above-stick-meta":"","header-main-stick-meta":"","header-below-stick-meta":"","astra-migrate-meta-layouts":"set","ast-page-background-enabled":"default","ast-page-background-meta":{"desktop":{"background-color":"","background-image":"","background-repeat":"repeat","background-position":"center center","background-size":"auto","background-attachment":"scroll","background-type":"","background-media":"","overlay-type":"","overlay-color":"","overlay-opacity":"","overlay-gradient":""},"tablet":{"background-color":"","background-image":"","background-repeat":"repeat","background-position":"center center","background-size":"auto","background-attachment":"scroll","background-type":"","background-media":"","overlay-type":"","overlay-color":"","overlay-opacity":"","overlay-gradient":""},"mobile":{"background-color":"","background-image":"","background-repeat":"repeat","background-position":"center center","background-size":"auto","background-attachment":"scroll","background-type":"","background-media":"","overlay-type":"","overlay-color":"","overlay-opacity":"","overlay-gradient":""}},"ast-content-background-meta":{"desktop":{"background-color":"var(--ast-global-color-5)","background-image":"","background-repeat":"repeat","background-position":"center center","background-size":"auto","background-attachment":"scroll","background-type":"","background-media":"","overlay-type":"","overlay-color":"","overlay-opacity":"","overlay-gradient":""},"tablet":{"background-color":"var(--ast-global-color-5)","background-image":"","background-repeat":"repeat","background-position":"center center","background-size":"auto","background-attachment":"scroll","background-type":"","background-media":"","overlay-type":"","overlay-color":"","overlay-opacity":"","overlay-gradient":""},"mobile":{"background-color":"var(--ast-global-color-5)","background-image":"","background-repeat":"repeat","background-position":"center center","background-size":"auto","background-attachment":"scroll","background-type":"","background-media":"","overlay-type":"","overlay-color":"","overlay-opacity":"","overlay-gradient":""}},"iawp_total_views":5},"product_brand":[],"product_cat":[214],"product_tag":[],"class_list":{"0":"post-16505","1":"product","2":"type-product","3":"status-publish","4":"has-post-thumbnail","6":"product_cat-dvi-vga","7":"desktop-align-left","8":"tablet-align-left","9":"mobile-align-left","11":"first","12":"instock","13":"shipping-taxable","14":"purchasable","15":"product-type-simple"},"acf":[],"_links":{"self":[{"href":"https:\/\/www.fjpremium.com\/pt\/wp-json\/wp\/v2\/product\/16505","targetHints":{"allow":["GET"]}}],"collection":[{"href":"https:\/\/www.fjpremium.com\/pt\/wp-json\/wp\/v2\/product"}],"about":[{"href":"https:\/\/www.fjpremium.com\/pt\/wp-json\/wp\/v2\/types\/product"}],"wp:featuredmedia":[{"embeddable":true,"href":"https:\/\/www.fjpremium.com\/pt\/wp-json\/wp\/v2\/media\/16529"}],"wp:attachment":[{"href":"https:\/\/www.fjpremium.com\/pt\/wp-json\/wp\/v2\/media?parent=16505"}],"wp:term":[{"taxonomy":"product_brand","embeddable":true,"href":"https:\/\/www.fjpremium.com\/pt\/wp-json\/wp\/v2\/product_brand?post=16505"},{"taxonomy":"product_cat","embeddable":true,"href":"https:\/\/www.fjpremium.com\/pt\/wp-json\/wp\/v2\/product_cat?post=16505"},{"taxonomy":"product_tag","embeddable":true,"href":"https:\/\/www.fjpremium.com\/pt\/wp-json\/wp\/v2\/product_tag?post=16505"}],"curies":[{"name":"wp","href":"https:\/\/api.w.org\/{rel}","templated":true}]}}