{"id":16504,"date":"2020-10-23T14:53:00","date_gmt":"2020-10-23T06:53:00","guid":{"rendered":"https:\/\/www.fjpremium.com\/?post_type=product&#038;p=16504"},"modified":"2023-10-07T09:58:08","modified_gmt":"2023-10-07T01:58:08","slug":"vga-to-vga-pc-computer-monitor-cable","status":"publish","type":"product","link":"https:\/\/www.fjpremium.com\/pt\/product\/vga-to-vga-pc-computer-monitor-cable\/","title":{"rendered":"Cabo VGA para VGA para monitor de computador"},"content":{"rendered":"<p>Com um cabo de ecr\u00e3 super VGA de 1080p macho-para-macho 3+7, o nosso cabo \u00e9 o seu dispositivo de elei\u00e7\u00e3o para todas as aplica\u00e7\u00f5es de cinema em casa e \u00e1udio-v\u00eddeo de secret\u00e1ria.<\/p>\n<p>Atinge at\u00e9 2048\u00d71536 (QXGA), o que o torna uma poderosa adi\u00e7\u00e3o \u00e0 sua configura\u00e7\u00e3o audiovisual. Al\u00e9m disso, tamb\u00e9m \u00e9 resistente a interfer\u00eancias EMI\/RFI, garantindo uma transmiss\u00e3o de sinal limpa e sem perturba\u00e7\u00f5es.<\/p>\n<p>Com conectores banhados a ouro 24-K, este cabo VGA para monitor de computador VGA PC garante uma transfer\u00eancia de sinal superior.<\/p>\n<p>Para manter o desempenho ao longo da vida, os seus condutores s\u00e3o totalmente blindados. Como carater\u00edstica principal, desde 1920\u00d71200 (WUXGA) a 640\u00d7480 (VGA), incluindo 1080P (Full HD), tem tudo o que precisa.<\/p>\n<p>As suas especifica\u00e7\u00f5es:<\/p>\n<ul>\n<li>Condutor do cabo: Cobre nu<\/li>\n<li>Bitola do fio: 30AWG (1-10M), 28AWG(15-30M)<\/li>\n<li>Isolamento: PEAD<\/li>\n<li>Revestimento: PVC<\/li>\n<li>Conformidade: RoHS, REACH<\/li>\n<\/ul>\n<p>Al\u00e9m disso, s\u00e3o inclu\u00eddos n\u00facleos de ferrite de alta qualidade para minimizar a diafonia e proteger contra EMI e RFI. Por isso, contacte-nos hoje mesmo e adicione o cabo ao seu invent\u00e1rio.<\/p>","protected":false},"excerpt":{"rendered":"<p>Ligue o PC, o projetor ou o televisor com o cabo VGA para monitor de computador VGA PC da FARSINCE, concebido para uma transmiss\u00e3o de sinal de alta qualidade e sem interfer\u00eancias.<\/p>","protected":false},"featured_media":16521,"template":"","meta":{"_acf_changed":false,"_seopress_robots_primary_cat":"","_seopress_titles_title":"Best VGA to VGA PC Computer Monitor Cable - FARSINCE","_seopress_titles_desc":"","_seopress_robots_index":"","site-sidebar-layout":"default","site-content-layout":"default","ast-site-content-layout":"default","site-content-style":"default","site-sidebar-style":"default","ast-global-header-display":"","ast-banner-title-visibility":"","ast-main-header-display":"","ast-hfb-above-header-display":"","ast-hfb-below-header-display":"","ast-hfb-mobile-header-display":"","site-post-title":"","ast-breadcrumbs-content":"","ast-featured-img":"","footer-sml-layout":"","ast-disable-related-posts":"","theme-transparent-header-meta":"default","adv-header-id-meta":"","stick-header-meta":"","header-above-stick-meta":"","header-main-stick-meta":"","header-below-stick-meta":"","astra-migrate-meta-layouts":"set","ast-page-background-enabled":"default","ast-page-background-meta":{"desktop":{"background-color":"","background-image":"","background-repeat":"repeat","background-position":"center center","background-size":"auto","background-attachment":"scroll","background-type":"","background-media":"","overlay-type":"","overlay-color":"","overlay-opacity":"","overlay-gradient":""},"tablet":{"background-color":"","background-image":"","background-repeat":"repeat","background-position":"center center","background-size":"auto","background-attachment":"scroll","background-type":"","background-media":"","overlay-type":"","overlay-color":"","overlay-opacity":"","overlay-gradient":""},"mobile":{"background-color":"","background-image":"","background-repeat":"repeat","background-position":"center center","background-size":"auto","background-attachment":"scroll","background-type":"","background-media":"","overlay-type":"","overlay-color":"","overlay-opacity":"","overlay-gradient":""}},"ast-content-background-meta":{"desktop":{"background-color":"var(--ast-global-color-5)","background-image":"","background-repeat":"repeat","background-position":"center center","background-size":"auto","background-attachment":"scroll","background-type":"","background-media":"","overlay-type":"","overlay-color":"","overlay-opacity":"","overlay-gradient":""},"tablet":{"background-color":"var(--ast-global-color-5)","background-image":"","background-repeat":"repeat","background-position":"center center","background-size":"auto","background-attachment":"scroll","background-type":"","background-media":"","overlay-type":"","overlay-color":"","overlay-opacity":"","overlay-gradient":""},"mobile":{"background-color":"var(--ast-global-color-5)","background-image":"","background-repeat":"repeat","background-position":"center center","background-size":"auto","background-attachment":"scroll","background-type":"","background-media":"","overlay-type":"","overlay-color":"","overlay-opacity":"","overlay-gradient":""}},"iawp_total_views":11},"product_brand":[],"product_cat":[214],"product_tag":[],"class_list":{"0":"post-16504","1":"product","2":"type-product","3":"status-publish","4":"has-post-thumbnail","6":"product_cat-dvi-vga","7":"desktop-align-left","8":"tablet-align-left","9":"mobile-align-left","11":"first","12":"instock","13":"shipping-taxable","14":"purchasable","15":"product-type-simple"},"acf":[],"_links":{"self":[{"href":"https:\/\/www.fjpremium.com\/pt\/wp-json\/wp\/v2\/product\/16504","targetHints":{"allow":["GET"]}}],"collection":[{"href":"https:\/\/www.fjpremium.com\/pt\/wp-json\/wp\/v2\/product"}],"about":[{"href":"https:\/\/www.fjpremium.com\/pt\/wp-json\/wp\/v2\/types\/product"}],"wp:featuredmedia":[{"embeddable":true,"href":"https:\/\/www.fjpremium.com\/pt\/wp-json\/wp\/v2\/media\/16521"}],"wp:attachment":[{"href":"https:\/\/www.fjpremium.com\/pt\/wp-json\/wp\/v2\/media?parent=16504"}],"wp:term":[{"taxonomy":"product_brand","embeddable":true,"href":"https:\/\/www.fjpremium.com\/pt\/wp-json\/wp\/v2\/product_brand?post=16504"},{"taxonomy":"product_cat","embeddable":true,"href":"https:\/\/www.fjpremium.com\/pt\/wp-json\/wp\/v2\/product_cat?post=16504"},{"taxonomy":"product_tag","embeddable":true,"href":"https:\/\/www.fjpremium.com\/pt\/wp-json\/wp\/v2\/product_tag?post=16504"}],"curies":[{"name":"wp","href":"https:\/\/api.w.org\/{rel}","templated":true}]}}