{"id":16502,"date":"2020-10-23T14:52:58","date_gmt":"2020-10-23T06:52:58","guid":{"rendered":"https:\/\/www.fjpremium.com\/?post_type=product&#038;p=16502"},"modified":"2023-10-07T16:58:03","modified_gmt":"2023-10-07T08:58:03","slug":"dvi-a-male-to-vga-hd15pin-male-video-cable","status":"publish","type":"product","link":"https:\/\/www.fjpremium.com\/pt\/product\/dvi-a-male-to-vga-hd15pin-male-video-cable\/","title":{"rendered":"Cabo de v\u00eddeo HD15PIN macho para macho DVI-A para VGA"},"content":{"rendered":"<p>Concebido para quem procura uma liga\u00e7\u00e3o impec\u00e1vel entre dispositivos digitais e anal\u00f3gicos, o nosso cabo DVI-A para VGA \u00e9 um divisor de \u00e1guas para os entusiastas do cinema em casa, audi\u00f3filos e jogadores.<\/p>\n<p>Promete uma prote\u00e7\u00e3o EMI\/RFI robusta gra\u00e7as aos seus condutores totalmente blindados. E, juntamente com os conectores banhados a ouro de 24 K, garante uma clareza de sinal imaculada at\u00e9 uma resolu\u00e7\u00e3o de 1600\u00d71200@60 (1080p).<\/p>\n<p>Fabricado para ser dur\u00e1vel, este produto garante um desempenho constante ao longo dos anos.<\/p>\n<p>As suas especifica\u00e7\u00f5es:<\/p>\n<ul>\n<li>Condutor do cabo: Cobre nu<\/li>\n<li>Bitola do fio: 30AWG<\/li>\n<li>Isolamento: PEAD<\/li>\n<li>Blindagem: Folha de alum\u00ednio, tran\u00e7a<\/li>\n<li>Revestimento: PVC<\/li>\n<li>DE: 5,5 mm<\/li>\n<li>Conformidade: RoHS, REACH<\/li>\n<\/ul>\n<p>Al\u00e9m disso, o seu design inclui parafusos para uma liga\u00e7\u00e3o firme, eliminando quaisquer preocupa\u00e7\u00f5es com liga\u00e7\u00f5es soltas ou interrompidas. Por conseguinte, contacte-nos hoje mesmo e adicione-o ao seu invent\u00e1rio.<\/p>","protected":false},"excerpt":{"rendered":"<p>Experimente a precis\u00e3o e o desempenho com o cabo DVI-A para VGA da FARSINCE, totalmente blindado com conectores dourados, que proporciona uma nitidez n\u00edtida de 1080p.<\/p>","protected":false},"featured_media":16507,"template":"","meta":{"_acf_changed":false,"_seopress_robots_primary_cat":"","_seopress_titles_title":"HD15PIN Video Male to Male DVI-A to VGA Cable - FARSINCE","_seopress_titles_desc":"","_seopress_robots_index":"","site-sidebar-layout":"default","site-content-layout":"default","ast-site-content-layout":"default","site-content-style":"default","site-sidebar-style":"default","ast-global-header-display":"","ast-banner-title-visibility":"","ast-main-header-display":"","ast-hfb-above-header-display":"","ast-hfb-below-header-display":"","ast-hfb-mobile-header-display":"","site-post-title":"","ast-breadcrumbs-content":"","ast-featured-img":"","footer-sml-layout":"","ast-disable-related-posts":"","theme-transparent-header-meta":"default","adv-header-id-meta":"","stick-header-meta":"","header-above-stick-meta":"","header-main-stick-meta":"","header-below-stick-meta":"","astra-migrate-meta-layouts":"set","ast-page-background-enabled":"default","ast-page-background-meta":{"desktop":{"background-color":"","background-image":"","background-repeat":"repeat","background-position":"center center","background-size":"auto","background-attachment":"scroll","background-type":"","background-media":"","overlay-type":"","overlay-color":"","overlay-opacity":"","overlay-gradient":""},"tablet":{"background-color":"","background-image":"","background-repeat":"repeat","background-position":"center center","background-size":"auto","background-attachment":"scroll","background-type":"","background-media":"","overlay-type":"","overlay-color":"","overlay-opacity":"","overlay-gradient":""},"mobile":{"background-color":"","background-image":"","background-repeat":"repeat","background-position":"center center","background-size":"auto","background-attachment":"scroll","background-type":"","background-media":"","overlay-type":"","overlay-color":"","overlay-opacity":"","overlay-gradient":""}},"ast-content-background-meta":{"desktop":{"background-color":"var(--ast-global-color-5)","background-image":"","background-repeat":"repeat","background-position":"center center","background-size":"auto","background-attachment":"scroll","background-type":"","background-media":"","overlay-type":"","overlay-color":"","overlay-opacity":"","overlay-gradient":""},"tablet":{"background-color":"var(--ast-global-color-5)","background-image":"","background-repeat":"repeat","background-position":"center center","background-size":"auto","background-attachment":"scroll","background-type":"","background-media":"","overlay-type":"","overlay-color":"","overlay-opacity":"","overlay-gradient":""},"mobile":{"background-color":"var(--ast-global-color-5)","background-image":"","background-repeat":"repeat","background-position":"center center","background-size":"auto","background-attachment":"scroll","background-type":"","background-media":"","overlay-type":"","overlay-color":"","overlay-opacity":"","overlay-gradient":""}},"iawp_total_views":2},"product_brand":[],"product_cat":[214],"product_tag":[],"class_list":{"0":"post-16502","1":"product","2":"type-product","3":"status-publish","4":"has-post-thumbnail","6":"product_cat-dvi-vga","7":"desktop-align-left","8":"tablet-align-left","9":"mobile-align-left","11":"first","12":"instock","13":"shipping-taxable","14":"purchasable","15":"product-type-simple"},"acf":[],"_links":{"self":[{"href":"https:\/\/www.fjpremium.com\/pt\/wp-json\/wp\/v2\/product\/16502","targetHints":{"allow":["GET"]}}],"collection":[{"href":"https:\/\/www.fjpremium.com\/pt\/wp-json\/wp\/v2\/product"}],"about":[{"href":"https:\/\/www.fjpremium.com\/pt\/wp-json\/wp\/v2\/types\/product"}],"wp:featuredmedia":[{"embeddable":true,"href":"https:\/\/www.fjpremium.com\/pt\/wp-json\/wp\/v2\/media\/16507"}],"wp:attachment":[{"href":"https:\/\/www.fjpremium.com\/pt\/wp-json\/wp\/v2\/media?parent=16502"}],"wp:term":[{"taxonomy":"product_brand","embeddable":true,"href":"https:\/\/www.fjpremium.com\/pt\/wp-json\/wp\/v2\/product_brand?post=16502"},{"taxonomy":"product_cat","embeddable":true,"href":"https:\/\/www.fjpremium.com\/pt\/wp-json\/wp\/v2\/product_cat?post=16502"},{"taxonomy":"product_tag","embeddable":true,"href":"https:\/\/www.fjpremium.com\/pt\/wp-json\/wp\/v2\/product_tag?post=16502"}],"curies":[{"name":"wp","href":"https:\/\/api.w.org\/{rel}","templated":true}]}}