{"id":16481,"date":"2020-09-21T16:46:59","date_gmt":"2020-09-21T08:46:59","guid":{"rendered":"https:\/\/www.fjpremium.com\/?post_type=product&#038;p=16481"},"modified":"2023-12-14T13:58:55","modified_gmt":"2023-12-14T05:58:55","slug":"braided-usb-type-c-to-lightning-fast-charging-cable-pd-cable-18w-quick-charger-cable-for-iphone","status":"publish","type":"product","link":"https:\/\/www.fjpremium.com\/pt\/product\/braided-usb-type-c-to-lightning-fast-charging-cable-pd-cable-18w-quick-charger-cable-for-iphone\/","title":{"rendered":"Cabo tran\u00e7ado de carregamento r\u00e1pido USB tipo C para Lightning Cabo PD para iPhone"},"content":{"rendered":"<p>Este cabo PD de carregamento r\u00e1pido Lightning \u00e9 ideal para ligar o seu iPhone, iPad, Mac, AirPods ou iPod com um conetor Lightning ao seu Mac com USB-C ou Thunderbolt 3 (USB-C).<\/p>\n<p>Suporta a tecnologia de carregamento r\u00e1pido 9V 2A e proporciona uma impressionante taxa de transfer\u00eancia de dados de at\u00e9 480 Mbps. Al\u00e9m disso, pode ser emparelhado com o seu adaptador de corrente USB-C de 18W, 30W, 61W ou 96W da Apple para carregar o seu dispositivo iOS de forma r\u00e1pida e eficiente.<\/p>\n<p>O que distingue o nosso cabo \u00e9 a sua constru\u00e7\u00e3o superior. O design entran\u00e7ado de algod\u00e3o, sem emaranhados, combinado com uma caixa met\u00e1lica de alum\u00ednio, proporciona uma durabilidade e prote\u00e7\u00e3o extra.<\/p>\n<p>Foi concebido para suportar, pelo menos, 6.000 ciclos de testes de flex\u00e3o, e as juntas moldadas sem costuras contribuem para a sua longevidade e atrativo est\u00e9tico.<\/p>\n<p>O cabo possui um revestimento de PVC flex\u00edvel, um conetor macho USB 2.0 Tipo C e um conetor macho Lightning de 8 pinos. Todos os contactos s\u00e3o banhados a ouro para uma \u00f3ptima condutividade e o inv\u00f3lucro \u00e9 banhado a n\u00edquel para uma maior longevidade.<\/p>\n<p>Al\u00e9m disso, o condutor do cabo \u00e9 composto por uma linha de energia de 70\/0,08mm2 e uma linha de dados de 16\/0,08mm3, isoladas com HDPE.<\/p>\n<p>Com um calibre de fio de 22AWG e um di\u00e2metro exterior de 3,8\u00b10,2 mm, foi concebido para ser robusto mas flex\u00edvel. E est\u00e1 totalmente em conformidade com as normas RoHS, garantindo a sua seguran\u00e7a e respeito pelo ambiente.<\/p>\n<p>Em suma, apoiado por uma garantia de 2 anos da FARSINCE, este cabo de carregamento r\u00e1pido Lightning PD Cable foi testado para funcionar de acordo com as normas da ind\u00fastria, oferecendo uma solu\u00e7\u00e3o fi\u00e1vel e de alta qualidade para todas as suas necessidades de carregamento e transfer\u00eancia de dados.<\/p>\n<h2>Informa\u00e7\u00f5es sobre a encomenda:<\/h2>\n<ul>\n<li>FS21005-010: 1.0m<\/li>\n<li>FS21005-020: 2,0 m<\/li>\n<\/ul>","protected":false},"excerpt":{"rendered":"<p>Melhore a sua experi\u00eancia de carregamento com o nosso cabo tran\u00e7ado de carregamento r\u00e1pido USB Tipo C para Lightning PD, perfeitamente compat\u00edvel com uma gama de dispositivos Apple.<\/p>","protected":false},"featured_media":16482,"template":"","meta":{"_acf_changed":false,"_seopress_robots_primary_cat":"","_seopress_titles_title":"Lightning Fast Charging Cable - Farsince","_seopress_titles_desc":"","_seopress_robots_index":"","site-sidebar-layout":"default","site-content-layout":"default","ast-site-content-layout":"default","site-content-style":"default","site-sidebar-style":"default","ast-global-header-display":"","ast-banner-title-visibility":"","ast-main-header-display":"","ast-hfb-above-header-display":"","ast-hfb-below-header-display":"","ast-hfb-mobile-header-display":"","site-post-title":"","ast-breadcrumbs-content":"","ast-featured-img":"","footer-sml-layout":"","ast-disable-related-posts":"","theme-transparent-header-meta":"default","adv-header-id-meta":"","stick-header-meta":"","header-above-stick-meta":"","header-main-stick-meta":"","header-below-stick-meta":"","astra-migrate-meta-layouts":"default","ast-page-background-enabled":"default","ast-page-background-meta":{"desktop":{"background-color":"","background-image":"","background-repeat":"repeat","background-position":"center center","background-size":"auto","background-attachment":"scroll","background-type":"","background-media":"","overlay-type":"","overlay-color":"","overlay-opacity":"","overlay-gradient":""},"tablet":{"background-color":"","background-image":"","background-repeat":"repeat","background-position":"center center","background-size":"auto","background-attachment":"scroll","background-type":"","background-media":"","overlay-type":"","overlay-color":"","overlay-opacity":"","overlay-gradient":""},"mobile":{"background-color":"","background-image":"","background-repeat":"repeat","background-position":"center center","background-size":"auto","background-attachment":"scroll","background-type":"","background-media":"","overlay-type":"","overlay-color":"","overlay-opacity":"","overlay-gradient":""}},"ast-content-background-meta":{"desktop":{"background-color":"var(--ast-global-color-5)","background-image":"","background-repeat":"repeat","background-position":"center center","background-size":"auto","background-attachment":"scroll","background-type":"","background-media":"","overlay-type":"","overlay-color":"","overlay-opacity":"","overlay-gradient":""},"tablet":{"background-color":"var(--ast-global-color-5)","background-image":"","background-repeat":"repeat","background-position":"center center","background-size":"auto","background-attachment":"scroll","background-type":"","background-media":"","overlay-type":"","overlay-color":"","overlay-opacity":"","overlay-gradient":""},"mobile":{"background-color":"var(--ast-global-color-5)","background-image":"","background-repeat":"repeat","background-position":"center center","background-size":"auto","background-attachment":"scroll","background-type":"","background-media":"","overlay-type":"","overlay-color":"","overlay-opacity":"","overlay-gradient":""}},"iawp_total_views":4},"product_brand":[],"product_cat":[636],"product_tag":[],"class_list":{"0":"post-16481","1":"product","2":"type-product","3":"status-publish","4":"has-post-thumbnail","6":"product_cat-usb-2-0-cables","7":"desktop-align-left","8":"tablet-align-left","9":"mobile-align-left","11":"first","12":"instock","13":"shipping-taxable","14":"purchasable","15":"product-type-simple"},"acf":[],"_links":{"self":[{"href":"https:\/\/www.fjpremium.com\/pt\/wp-json\/wp\/v2\/product\/16481","targetHints":{"allow":["GET"]}}],"collection":[{"href":"https:\/\/www.fjpremium.com\/pt\/wp-json\/wp\/v2\/product"}],"about":[{"href":"https:\/\/www.fjpremium.com\/pt\/wp-json\/wp\/v2\/types\/product"}],"wp:featuredmedia":[{"embeddable":true,"href":"https:\/\/www.fjpremium.com\/pt\/wp-json\/wp\/v2\/media\/16482"}],"wp:attachment":[{"href":"https:\/\/www.fjpremium.com\/pt\/wp-json\/wp\/v2\/media?parent=16481"}],"wp:term":[{"taxonomy":"product_brand","embeddable":true,"href":"https:\/\/www.fjpremium.com\/pt\/wp-json\/wp\/v2\/product_brand?post=16481"},{"taxonomy":"product_cat","embeddable":true,"href":"https:\/\/www.fjpremium.com\/pt\/wp-json\/wp\/v2\/product_cat?post=16481"},{"taxonomy":"product_tag","embeddable":true,"href":"https:\/\/www.fjpremium.com\/pt\/wp-json\/wp\/v2\/product_tag?post=16481"}],"curies":[{"name":"wp","href":"https:\/\/api.w.org\/{rel}","templated":true}]}}