{"id":16472,"date":"2020-09-21T16:44:06","date_gmt":"2020-09-21T08:44:06","guid":{"rendered":"https:\/\/www.fjpremium.com\/?post_type=product&#038;p=16472"},"modified":"2023-12-14T13:58:55","modified_gmt":"2023-12-14T05:58:55","slug":"braided-usb-2-0-type-c-to-type-c-3a-quick-charging-cable","status":"publish","type":"product","link":"https:\/\/www.fjpremium.com\/pt\/product\/braided-usb-2-0-type-c-to-type-c-3a-quick-charging-cable\/","title":{"rendered":"Cabo entran\u00e7ado de carregamento r\u00e1pido USB 2.0 Tipo C para Tipo C 3A"},"content":{"rendered":"<p>O nosso cabo de carregamento r\u00e1pido de alto desempenho \u00e9 a escolha ideal para ligar dispositivos com uma porta USB-C a um computador, tablet ou outro dispositivo com uma porta USB-C.<\/p>\n<p>Est\u00e1 equipado com tecnologia de carregamento r\u00e1pido de 5V 3A e suporta uma taxa de transfer\u00eancia de dados de alta velocidade at\u00e9 480Mbps.<\/p>\n<p>O conetor USB-C deste cabo apresenta um design sim\u00e9trico, tornando-o f\u00e1cil de utilizar e sem complica\u00e7\u00f5es.<\/p>\n<p>N\u00e3o importa se o liga de cabe\u00e7a para baixo ou de lado; ligar-se-\u00e1 sempre \u00e0 primeira, evitando danos na porta do conetor.<\/p>\n<p>O cabo de carregamento r\u00e1pido foi concebido com um revestimento de PVC flex\u00edvel e conectores de al\u00edvio de tens\u00e3o moldados para maior durabilidade.<\/p>\n<p>O design entran\u00e7ado em algod\u00e3o e a caixa met\u00e1lica em alum\u00ednio aumentam ainda mais a sua robustez e prote\u00e7\u00e3o.<\/p>\n<p>Al\u00e9m disso, o cabo foi concebido para resistir a interfer\u00eancias EMI\/RFI gra\u00e7as \u00e0 sua blindagem de folha e tran\u00e7a.<\/p>\n<p>A constru\u00e7\u00e3o em par entran\u00e7ado ajuda a reduzir a diafonia, assegurando uma transfer\u00eancia de dados de alta velocidade e sem erros.<\/p>\n<p>Al\u00e9m disso, o nosso cabo possui um conetor macho USB 2.0 Tipo C em ambas as extremidades, com contactos banhados a ouro e um inv\u00f3lucro banhado a n\u00edquel para uma condutividade e longevidade ideais.<\/p>\n<p>O condutor do cabo \u00e9 constitu\u00eddo por uma linha de energia de 70\/0,08mm2 e uma linha de dados de 16\/0,08mm3, isoladas com HDPE.<\/p>\n<p>Com um calibre de fio de 22AWG e um di\u00e2metro exterior de 3,8\u00b10,2 mm, foi concebido para ser resistente mas flex\u00edvel.<\/p>\n<p>Al\u00e9m disso, est\u00e1 em total conformidade com as normas RoHS, garantindo a sua seguran\u00e7a e compatibilidade ambiental.<\/p>\n<p>Assim, testado para funcionar de acordo com os padr\u00f5es da ind\u00fastria e apoiado por uma garantia FARSINCE de 2 anos, o nosso cabo entran\u00e7ado de carregamento r\u00e1pido USB 2.0 Tipo C para Tipo C 3A \u00e9 a sua solu\u00e7\u00e3o fi\u00e1vel para todas as suas necessidades de carregamento e transfer\u00eancia de dados.<\/p>\n<h2>Informa\u00e7\u00f5es sobre a encomenda:<\/h2>\n<ul>\n<li>FS21004-003: 0,3 m<\/li>\n<li>FS21004-005: 0,5 m<\/li>\n<li>FS21004-010: 1.0m<\/li>\n<li>FS21004-015: 1.5m<\/li>\n<li>FS21004-020: 2,0 m<\/li>\n<\/ul>","protected":false},"excerpt":{"rendered":"<p>Experimente capacidades de carregamento e transfer\u00eancia de dados de n\u00edvel superior com este cabo entran\u00e7ado de carregamento r\u00e1pido USB 2.0 Tipo C para Tipo C 3A.<\/p>","protected":false},"featured_media":16473,"template":"","meta":{"_acf_changed":false,"_seopress_robots_primary_cat":"","_seopress_titles_title":"Type C to Type C 3A Quick Charging Cable - Farsince","_seopress_titles_desc":"","_seopress_robots_index":"","site-sidebar-layout":"default","site-content-layout":"default","ast-site-content-layout":"default","site-content-style":"default","site-sidebar-style":"default","ast-global-header-display":"","ast-banner-title-visibility":"","ast-main-header-display":"","ast-hfb-above-header-display":"","ast-hfb-below-header-display":"","ast-hfb-mobile-header-display":"","site-post-title":"","ast-breadcrumbs-content":"","ast-featured-img":"","footer-sml-layout":"","ast-disable-related-posts":"","theme-transparent-header-meta":"default","adv-header-id-meta":"","stick-header-meta":"","header-above-stick-meta":"","header-main-stick-meta":"","header-below-stick-meta":"","astra-migrate-meta-layouts":"default","ast-page-background-enabled":"default","ast-page-background-meta":{"desktop":{"background-color":"","background-image":"","background-repeat":"repeat","background-position":"center center","background-size":"auto","background-attachment":"scroll","background-type":"","background-media":"","overlay-type":"","overlay-color":"","overlay-opacity":"","overlay-gradient":""},"tablet":{"background-color":"","background-image":"","background-repeat":"repeat","background-position":"center center","background-size":"auto","background-attachment":"scroll","background-type":"","background-media":"","overlay-type":"","overlay-color":"","overlay-opacity":"","overlay-gradient":""},"mobile":{"background-color":"","background-image":"","background-repeat":"repeat","background-position":"center center","background-size":"auto","background-attachment":"scroll","background-type":"","background-media":"","overlay-type":"","overlay-color":"","overlay-opacity":"","overlay-gradient":""}},"ast-content-background-meta":{"desktop":{"background-color":"var(--ast-global-color-5)","background-image":"","background-repeat":"repeat","background-position":"center center","background-size":"auto","background-attachment":"scroll","background-type":"","background-media":"","overlay-type":"","overlay-color":"","overlay-opacity":"","overlay-gradient":""},"tablet":{"background-color":"var(--ast-global-color-5)","background-image":"","background-repeat":"repeat","background-position":"center center","background-size":"auto","background-attachment":"scroll","background-type":"","background-media":"","overlay-type":"","overlay-color":"","overlay-opacity":"","overlay-gradient":""},"mobile":{"background-color":"var(--ast-global-color-5)","background-image":"","background-repeat":"repeat","background-position":"center center","background-size":"auto","background-attachment":"scroll","background-type":"","background-media":"","overlay-type":"","overlay-color":"","overlay-opacity":"","overlay-gradient":""}},"iawp_total_views":10},"product_brand":[],"product_cat":[636],"product_tag":[],"class_list":{"0":"post-16472","1":"product","2":"type-product","3":"status-publish","4":"has-post-thumbnail","6":"product_cat-usb-2-0-cables","7":"desktop-align-left","8":"tablet-align-left","9":"mobile-align-left","11":"first","12":"instock","13":"shipping-taxable","14":"purchasable","15":"product-type-simple"},"acf":[],"_links":{"self":[{"href":"https:\/\/www.fjpremium.com\/pt\/wp-json\/wp\/v2\/product\/16472","targetHints":{"allow":["GET"]}}],"collection":[{"href":"https:\/\/www.fjpremium.com\/pt\/wp-json\/wp\/v2\/product"}],"about":[{"href":"https:\/\/www.fjpremium.com\/pt\/wp-json\/wp\/v2\/types\/product"}],"wp:featuredmedia":[{"embeddable":true,"href":"https:\/\/www.fjpremium.com\/pt\/wp-json\/wp\/v2\/media\/16473"}],"wp:attachment":[{"href":"https:\/\/www.fjpremium.com\/pt\/wp-json\/wp\/v2\/media?parent=16472"}],"wp:term":[{"taxonomy":"product_brand","embeddable":true,"href":"https:\/\/www.fjpremium.com\/pt\/wp-json\/wp\/v2\/product_brand?post=16472"},{"taxonomy":"product_cat","embeddable":true,"href":"https:\/\/www.fjpremium.com\/pt\/wp-json\/wp\/v2\/product_cat?post=16472"},{"taxonomy":"product_tag","embeddable":true,"href":"https:\/\/www.fjpremium.com\/pt\/wp-json\/wp\/v2\/product_tag?post=16472"}],"curies":[{"name":"wp","href":"https:\/\/api.w.org\/{rel}","templated":true}]}}