{"id":16468,"date":"2020-09-21T16:41:59","date_gmt":"2020-09-21T08:41:59","guid":{"rendered":"https:\/\/www.fjpremium.com\/?post_type=product&#038;p=16468"},"modified":"2023-12-14T13:58:56","modified_gmt":"2023-12-14T05:58:56","slug":"braided-usb-2-0-a-male-to-lightning-8pin-male-2-4a-fast-charger-sync-charging-cable","status":"publish","type":"product","link":"https:\/\/www.fjpremium.com\/pt\/product\/braided-usb-2-0-a-male-to-lightning-8pin-male-2-4a-fast-charger-sync-charging-cable\/","title":{"rendered":"Cabo tran\u00e7ado de sincroniza\u00e7\u00e3o e carregamento r\u00e1pido USB 2.0 A macho para Lightning 8pin macho 2.4A"},"content":{"rendered":"<p>Concebido propositadamente para proporcionar uma sincroniza\u00e7\u00e3o e carregamento r\u00e1pidos para a \u00faltima gera\u00e7\u00e3o de dispositivos Apple, este cabo possui tecnologia de carregamento r\u00e1pido de 5V 2,4A.<\/p>\n<p>Com uma taxa de transfer\u00eancia de at\u00e9 480 Mbps, a gest\u00e3o dos seus dados \u00e9 r\u00e1pida e sem esfor\u00e7o.<\/p>\n<p>Destaca-se tamb\u00e9m o seu design entran\u00e7ado de nylon sem emaranhados, testado para suportar um m\u00ednimo de 6.000 ciclos de flex\u00e3o, garantindo fiabilidade e longevidade.<\/p>\n<p>Complementado pelas juntas moldadas em metal de alum\u00ednio, o cabo de sincroniza\u00e7\u00e3o e carregamento do carregador r\u00e1pido de 2,4 A garante robustez e melhora o apelo est\u00e9tico.<\/p>\n<p>As suas especifica\u00e7\u00f5es:<\/p>\n<ul>\n<li>Contacto banhado a ouro, concha banhada a n\u00edquel<\/li>\n<li>Condutor do cabo: Linha de alimenta\u00e7\u00e3o 30\/0,1 mm2, linha de dados 7\/0,1 mm2<\/li>\n<li>Isolamento: PEAD<\/li>\n<li>Bitola do fio: 23AWG<\/li>\n<li>Caixa: Carca\u00e7a de alum\u00ednio<\/li>\n<li>Revestimento: PVC + algod\u00e3o entran\u00e7ado<\/li>\n<li>Di\u00e2metro externo: 3,8\u00b10,2 mm<\/li>\n<li>Conformidade: RoHS<\/li>\n<\/ul>\n<p>Al\u00e9m disso, garantimos o seu desempenho de alta qualidade com uma s\u00f3lida garantia de 2 anos, tornando-o um bom investimento. Em suma, contacte-nos hoje mesmo e adicione-o ao seu invent\u00e1rio.<\/p>","protected":false},"excerpt":{"rendered":"<p>Ligue dispositivos Apple e transfira dados perfeitamente com o cabo de carregamento e sincroniza\u00e7\u00e3o de carregador r\u00e1pido 2.4A da FARSINCE, criado para durabilidade e velocidade.<\/p>","protected":false},"featured_media":16469,"template":"","meta":{"_acf_changed":false,"_seopress_robots_primary_cat":"","_seopress_titles_title":"Braided USB 2.0 A Male to Lightning 8Pin Male 2.4A Fast Charger Cable - Farsince","_seopress_titles_desc":"Charge your Apple devices with Farsince&#039;s Braided USB 2.0 A Male to Lightning 8Pin Male 2.4A Fast Charger Cable. Our cable supports fast charging and data transfer, making it perfect for your iPhone, iPad, or iPod.","_seopress_robots_index":"","site-sidebar-layout":"default","site-content-layout":"default","ast-site-content-layout":"default","site-content-style":"default","site-sidebar-style":"default","ast-global-header-display":"","ast-banner-title-visibility":"","ast-main-header-display":"","ast-hfb-above-header-display":"","ast-hfb-below-header-display":"","ast-hfb-mobile-header-display":"","site-post-title":"","ast-breadcrumbs-content":"","ast-featured-img":"","footer-sml-layout":"","ast-disable-related-posts":"","theme-transparent-header-meta":"default","adv-header-id-meta":"","stick-header-meta":"","header-above-stick-meta":"","header-main-stick-meta":"","header-below-stick-meta":"","astra-migrate-meta-layouts":"set","ast-page-background-enabled":"default","ast-page-background-meta":{"desktop":{"background-color":"","background-image":"","background-repeat":"repeat","background-position":"center center","background-size":"auto","background-attachment":"scroll","background-type":"","background-media":"","overlay-type":"","overlay-color":"","overlay-opacity":"","overlay-gradient":""},"tablet":{"background-color":"","background-image":"","background-repeat":"repeat","background-position":"center center","background-size":"auto","background-attachment":"scroll","background-type":"","background-media":"","overlay-type":"","overlay-color":"","overlay-opacity":"","overlay-gradient":""},"mobile":{"background-color":"","background-image":"","background-repeat":"repeat","background-position":"center center","background-size":"auto","background-attachment":"scroll","background-type":"","background-media":"","overlay-type":"","overlay-color":"","overlay-opacity":"","overlay-gradient":""}},"ast-content-background-meta":{"desktop":{"background-color":"var(--ast-global-color-5)","background-image":"","background-repeat":"repeat","background-position":"center center","background-size":"auto","background-attachment":"scroll","background-type":"","background-media":"","overlay-type":"","overlay-color":"","overlay-opacity":"","overlay-gradient":""},"tablet":{"background-color":"var(--ast-global-color-5)","background-image":"","background-repeat":"repeat","background-position":"center center","background-size":"auto","background-attachment":"scroll","background-type":"","background-media":"","overlay-type":"","overlay-color":"","overlay-opacity":"","overlay-gradient":""},"mobile":{"background-color":"var(--ast-global-color-5)","background-image":"","background-repeat":"repeat","background-position":"center center","background-size":"auto","background-attachment":"scroll","background-type":"","background-media":"","overlay-type":"","overlay-color":"","overlay-opacity":"","overlay-gradient":""}},"iawp_total_views":3},"product_brand":[],"product_cat":[636],"product_tag":[],"class_list":{"0":"post-16468","1":"product","2":"type-product","3":"status-publish","4":"has-post-thumbnail","6":"product_cat-usb-2-0-cables","7":"desktop-align-left","8":"tablet-align-left","9":"mobile-align-left","11":"first","12":"instock","13":"shipping-taxable","14":"purchasable","15":"product-type-simple"},"acf":[],"_links":{"self":[{"href":"https:\/\/www.fjpremium.com\/pt\/wp-json\/wp\/v2\/product\/16468","targetHints":{"allow":["GET"]}}],"collection":[{"href":"https:\/\/www.fjpremium.com\/pt\/wp-json\/wp\/v2\/product"}],"about":[{"href":"https:\/\/www.fjpremium.com\/pt\/wp-json\/wp\/v2\/types\/product"}],"wp:featuredmedia":[{"embeddable":true,"href":"https:\/\/www.fjpremium.com\/pt\/wp-json\/wp\/v2\/media\/16469"}],"wp:attachment":[{"href":"https:\/\/www.fjpremium.com\/pt\/wp-json\/wp\/v2\/media?parent=16468"}],"wp:term":[{"taxonomy":"product_brand","embeddable":true,"href":"https:\/\/www.fjpremium.com\/pt\/wp-json\/wp\/v2\/product_brand?post=16468"},{"taxonomy":"product_cat","embeddable":true,"href":"https:\/\/www.fjpremium.com\/pt\/wp-json\/wp\/v2\/product_cat?post=16468"},{"taxonomy":"product_tag","embeddable":true,"href":"https:\/\/www.fjpremium.com\/pt\/wp-json\/wp\/v2\/product_tag?post=16468"}],"curies":[{"name":"wp","href":"https:\/\/api.w.org\/{rel}","templated":true}]}}