{"id":16459,"date":"2020-09-21T16:39:04","date_gmt":"2020-09-21T08:39:04","guid":{"rendered":"https:\/\/www.fjpremium.com\/?post_type=product&#038;p=16459"},"modified":"2023-12-14T13:58:57","modified_gmt":"2023-12-14T05:58:57","slug":"5a-braided-usb-supercharger-cable-usb-type-c-5a-fast-charging-data-cable-for-huawei-samsung-smartphone-qc-3-0","status":"publish","type":"product","link":"https:\/\/www.fjpremium.com\/pt\/product\/5a-braided-usb-supercharger-cable-usb-type-c-5a-fast-charging-data-cable-for-huawei-samsung-smartphone-qc-3-0\/","title":{"rendered":"Cabo USB Supercharger entran\u00e7ado 5A Cabo de dados de carregamento r\u00e1pido USB tipo C 5a"},"content":{"rendered":"<p>Este cabo de dados de carregamento r\u00e1pido possui um cabo USB 2.0 Tipo C macho para Tipo A macho, o que o torna perfeito para ligar um smartphone, tablet ou outros dispositivos m\u00f3veis com uma porta USB-C a um computador com uma porta USB-A.<\/p>\n<p>Suporta um carregamento super-r\u00e1pido de 4,5 V e 5 A e proporciona uma taxa de transfer\u00eancia de at\u00e9 480 Mbps, garantindo que os seus dispositivos s\u00e3o carregados rapidamente e que a transfer\u00eancia de dados \u00e9 suave e eficiente.<\/p>\n<p>Uma das caracter\u00edsticas de destaque deste cabo \u00e9 o design sim\u00e9trico do conetor USB-C.<\/p>\n<p>Pode lig\u00e1-lo de cabe\u00e7a para baixo ou de lado, n\u00e3o importa. Ele ligar-se-\u00e1 \u00e0 primeira, sempre, evitando danos na porta do conetor.<\/p>\n<p>O design entran\u00e7ado de nylon do nosso cabo de dados de carregamento r\u00e1pido garante que pode suportar pelo menos 6.000 ciclos de testes de flex\u00e3o, tornando-o robusto e duradouro.<\/p>\n<p>As juntas de alum\u00ednio met\u00e1lico, perfeitamente moldadas, aumentam a durabilidade e o aspeto atrativo do cabo.<\/p>\n<p>O cabo tamb\u00e9m suporta a tecnologia de carregamento r\u00e1pido 2.0 e 3.0 e vem com uma resist\u00eancia pull-up de 56K ohm no conetor USB-C para proteger o seu dispositivo m\u00f3vel de danos.<\/p>\n<p>Possui um revestimento de PVC flex\u00edvel e blindagem de folha e tran\u00e7a, garantindo um melhor desempenho e longevidade.<\/p>\n<p>Al\u00e9m disso, com contactos banhados a ouro e um inv\u00f3lucro banhado a n\u00edquel, o nosso cabo garante uma \u00f3ptima condutividade.<\/p>\n<p>A linha de alimenta\u00e7\u00e3o varia de 80\/0,08mm2 (0,3m\/0,5m\/1m) a 130\/0,08mm2 (1,5m\/2m) com base no comprimento, e a linha de dados \u00e9 de 16\/0,08mm*2.<\/p>\n<p>\u00c9 isolado com HDPE e possui um calibre de fio de 21AWG-19AWG. Em conformidade com as normas RoHS, \u00e9 apoiado por uma garantia FARSINCE de 2 anos e testado para funcionar de acordo com as normas da ind\u00fastria.<\/p>\n<p>Por isso, actualize hoje mesmo para este cabo de dados de carregamento r\u00e1pido de alta qualidade para uma experi\u00eancia de carregamento e transfer\u00eancia de dados mais r\u00e1pida e eficiente.<\/p>\n<h2>Informa\u00e7\u00f5es sobre a encomenda:<\/h2>\n<ul>\n<li>FS21002-003: 0,3 m<\/li>\n<li>FS21002-005: 0,5 m<\/li>\n<li>FS21002-010: 1.0m<\/li>\n<li>FS21002-015: 1.5m<\/li>\n<li>FS21002-020: 2,0 m<\/li>\n<\/ul>","protected":false},"excerpt":{"rendered":"<p>Apresentamos o cabo tran\u00e7ado USB supercharger FARSINCE 5A, cabo de dados de carregamento r\u00e1pido, a sua solu\u00e7\u00e3o definitiva para um carregamento e uma transfer\u00eancia de dados r\u00e1pidos e eficientes.<\/p>","protected":false},"featured_media":16460,"template":"","meta":{"_acf_changed":false,"_seopress_robots_primary_cat":"","_seopress_titles_title":"Fast Charging Data Cable - Farsince","_seopress_titles_desc":"","_seopress_robots_index":"","site-sidebar-layout":"default","site-content-layout":"default","ast-site-content-layout":"default","site-content-style":"default","site-sidebar-style":"default","ast-global-header-display":"","ast-banner-title-visibility":"","ast-main-header-display":"","ast-hfb-above-header-display":"","ast-hfb-below-header-display":"","ast-hfb-mobile-header-display":"","site-post-title":"","ast-breadcrumbs-content":"","ast-featured-img":"","footer-sml-layout":"","ast-disable-related-posts":"","theme-transparent-header-meta":"default","adv-header-id-meta":"","stick-header-meta":"","header-above-stick-meta":"","header-main-stick-meta":"","header-below-stick-meta":"","astra-migrate-meta-layouts":"default","ast-page-background-enabled":"default","ast-page-background-meta":{"desktop":{"background-color":"","background-image":"","background-repeat":"repeat","background-position":"center center","background-size":"auto","background-attachment":"scroll","background-type":"","background-media":"","overlay-type":"","overlay-color":"","overlay-opacity":"","overlay-gradient":""},"tablet":{"background-color":"","background-image":"","background-repeat":"repeat","background-position":"center center","background-size":"auto","background-attachment":"scroll","background-type":"","background-media":"","overlay-type":"","overlay-color":"","overlay-opacity":"","overlay-gradient":""},"mobile":{"background-color":"","background-image":"","background-repeat":"repeat","background-position":"center center","background-size":"auto","background-attachment":"scroll","background-type":"","background-media":"","overlay-type":"","overlay-color":"","overlay-opacity":"","overlay-gradient":""}},"ast-content-background-meta":{"desktop":{"background-color":"var(--ast-global-color-5)","background-image":"","background-repeat":"repeat","background-position":"center center","background-size":"auto","background-attachment":"scroll","background-type":"","background-media":"","overlay-type":"","overlay-color":"","overlay-opacity":"","overlay-gradient":""},"tablet":{"background-color":"var(--ast-global-color-5)","background-image":"","background-repeat":"repeat","background-position":"center center","background-size":"auto","background-attachment":"scroll","background-type":"","background-media":"","overlay-type":"","overlay-color":"","overlay-opacity":"","overlay-gradient":""},"mobile":{"background-color":"var(--ast-global-color-5)","background-image":"","background-repeat":"repeat","background-position":"center center","background-size":"auto","background-attachment":"scroll","background-type":"","background-media":"","overlay-type":"","overlay-color":"","overlay-opacity":"","overlay-gradient":""}},"iawp_total_views":16},"product_brand":[],"product_cat":[636],"product_tag":[],"class_list":{"0":"post-16459","1":"product","2":"type-product","3":"status-publish","4":"has-post-thumbnail","6":"product_cat-usb-2-0-cables","7":"desktop-align-left","8":"tablet-align-left","9":"mobile-align-left","11":"first","12":"instock","13":"shipping-taxable","14":"purchasable","15":"product-type-simple"},"acf":[],"_links":{"self":[{"href":"https:\/\/www.fjpremium.com\/pt\/wp-json\/wp\/v2\/product\/16459","targetHints":{"allow":["GET"]}}],"collection":[{"href":"https:\/\/www.fjpremium.com\/pt\/wp-json\/wp\/v2\/product"}],"about":[{"href":"https:\/\/www.fjpremium.com\/pt\/wp-json\/wp\/v2\/types\/product"}],"wp:featuredmedia":[{"embeddable":true,"href":"https:\/\/www.fjpremium.com\/pt\/wp-json\/wp\/v2\/media\/16460"}],"wp:attachment":[{"href":"https:\/\/www.fjpremium.com\/pt\/wp-json\/wp\/v2\/media?parent=16459"}],"wp:term":[{"taxonomy":"product_brand","embeddable":true,"href":"https:\/\/www.fjpremium.com\/pt\/wp-json\/wp\/v2\/product_brand?post=16459"},{"taxonomy":"product_cat","embeddable":true,"href":"https:\/\/www.fjpremium.com\/pt\/wp-json\/wp\/v2\/product_cat?post=16459"},{"taxonomy":"product_tag","embeddable":true,"href":"https:\/\/www.fjpremium.com\/pt\/wp-json\/wp\/v2\/product_tag?post=16459"}],"curies":[{"name":"wp","href":"https:\/\/api.w.org\/{rel}","templated":true}]}}