{"id":16450,"date":"2020-09-21T16:33:57","date_gmt":"2020-09-21T08:33:57","guid":{"rendered":"https:\/\/www.fjpremium.com\/?post_type=product&#038;p=16450"},"modified":"2023-12-14T13:58:58","modified_gmt":"2023-12-14T05:58:58","slug":"braided-charging-cable-3a-android-micro-usb-fast-charging-data-cable-for-mobile-phone","status":"publish","type":"product","link":"https:\/\/www.fjpremium.com\/pt\/product\/braided-charging-cable-3a-android-micro-usb-fast-charging-data-cable-for-mobile-phone\/","title":{"rendered":"Cabo de carregamento entran\u00e7ado 3a Android Micro USB Cabo de carregamento r\u00e1pido de dados"},"content":{"rendered":"<p>Este cabo de carregamento entran\u00e7ado inclui um cabo USB 2.0 macho A para macho Micro B, ambos com contactos dourados e um revestimento niquelado, o que o torna perfeito para uma vasta gama de dispositivos, como telem\u00f3veis Android, leitores de MP3 e MP4, sistemas GPS, PDAs, tablets, c\u00e2maras digitais e muito mais.<\/p>\n<p>Suporta a tecnologia de carregamento r\u00e1pido 5V 3A, assegurando um carregamento r\u00e1pido e potente dos seus dispositivos.<\/p>\n<p>Com uma taxa de transfer\u00eancia de at\u00e9 480 Mbps, o nosso cabo permite uma transfer\u00eancia de dados sem problemas entre os seus dispositivos.<\/p>\n<p>O design entran\u00e7ado de nylon sem emaranhados garante que o cabo pode suportar pelo menos 6.000 ciclos de testes de flex\u00e3o, tornando-o altamente dur\u00e1vel e fi\u00e1vel.<\/p>\n<p>As juntas met\u00e1licas de alum\u00ednio moldadas sem juntas aumentam a durabilidade e o aspeto atrativo do cabo.<\/p>\n<p>As principais caracter\u00edsticas deste cabo de carregamento entran\u00e7ado incluem a sua compatibilidade com uma vasta gama de dispositivos, o entran\u00e7ado de algod\u00e3o de alta qualidade e a caixa met\u00e1lica de alum\u00ednio para prote\u00e7\u00e3o extra, e o suporte para transfer\u00eancia de dados a alta velocidade at\u00e9 480 Mbps.<\/p>\n<p>Foi concebido para suportar comunica\u00e7\u00f5es e funcionalidades USB 2.0 e possui um revestimento de PVC flex\u00edvel, blindagem de folha e tran\u00e7a e constru\u00e7\u00e3o de par entran\u00e7ado para um desempenho \u00f3timo.<\/p>\n<p>Al\u00e9m disso, o condutor do cabo compreende uma linha de energia de 30\/0,1 mm2 e uma linha de dados de 7\/0,1 mm2, isoladas com HDPE.<\/p>\n<p>E o calibre do fio \u00e9 23AWG, garantindo durabilidade e desempenho. Tem tamb\u00e9m um di\u00e2metro exterior de 3,8\u00b10,2 mm e est\u00e1 em conformidade com as normas RoHS.<\/p>\n<p>Em conclus\u00e3o, testado para funcionar de acordo com os padr\u00f5es da ind\u00fastria e apoiado por uma garantia FARSINCE de 2 anos, este cabo de alta qualidade \u00e9 a melhor escolha para todas as suas necessidades de carregamento e transfer\u00eancia de dados.<\/p>\n<h2>Informa\u00e7\u00f5es sobre a encomenda:<\/h2>\n<ul>\n<li>FS21001-003: 0,3 m<\/li>\n<li>FS21001-005: 0,5 m<\/li>\n<li>FS21001-010: 1.0m<\/li>\n<li>FS21001-015: 1.5m<\/li>\n<li>FS21001-020: 2,0 m<\/li>\n<\/ul>","protected":false},"excerpt":{"rendered":"<p>Descubra o nosso cabo de carregamento entran\u00e7ado, a solu\u00e7\u00e3o ideal para um carregamento r\u00e1pido e eficiente e para a transfer\u00eancia de dados entre dispositivos USB port\u00e1teis e portas micro-USB.<\/p>","protected":false},"featured_media":16451,"template":"","meta":{"_acf_changed":false,"_seopress_robots_primary_cat":"","_seopress_titles_title":"Best Braided Charging Cable - Farsince","_seopress_titles_desc":"","_seopress_robots_index":"","site-sidebar-layout":"default","site-content-layout":"default","ast-site-content-layout":"default","site-content-style":"default","site-sidebar-style":"default","ast-global-header-display":"","ast-banner-title-visibility":"","ast-main-header-display":"","ast-hfb-above-header-display":"","ast-hfb-below-header-display":"","ast-hfb-mobile-header-display":"","site-post-title":"","ast-breadcrumbs-content":"","ast-featured-img":"","footer-sml-layout":"","ast-disable-related-posts":"","theme-transparent-header-meta":"default","adv-header-id-meta":"","stick-header-meta":"","header-above-stick-meta":"","header-main-stick-meta":"","header-below-stick-meta":"","astra-migrate-meta-layouts":"default","ast-page-background-enabled":"default","ast-page-background-meta":{"desktop":{"background-color":"","background-image":"","background-repeat":"repeat","background-position":"center center","background-size":"auto","background-attachment":"scroll","background-type":"","background-media":"","overlay-type":"","overlay-color":"","overlay-opacity":"","overlay-gradient":""},"tablet":{"background-color":"","background-image":"","background-repeat":"repeat","background-position":"center center","background-size":"auto","background-attachment":"scroll","background-type":"","background-media":"","overlay-type":"","overlay-color":"","overlay-opacity":"","overlay-gradient":""},"mobile":{"background-color":"","background-image":"","background-repeat":"repeat","background-position":"center center","background-size":"auto","background-attachment":"scroll","background-type":"","background-media":"","overlay-type":"","overlay-color":"","overlay-opacity":"","overlay-gradient":""}},"ast-content-background-meta":{"desktop":{"background-color":"var(--ast-global-color-5)","background-image":"","background-repeat":"repeat","background-position":"center center","background-size":"auto","background-attachment":"scroll","background-type":"","background-media":"","overlay-type":"","overlay-color":"","overlay-opacity":"","overlay-gradient":""},"tablet":{"background-color":"var(--ast-global-color-5)","background-image":"","background-repeat":"repeat","background-position":"center center","background-size":"auto","background-attachment":"scroll","background-type":"","background-media":"","overlay-type":"","overlay-color":"","overlay-opacity":"","overlay-gradient":""},"mobile":{"background-color":"var(--ast-global-color-5)","background-image":"","background-repeat":"repeat","background-position":"center center","background-size":"auto","background-attachment":"scroll","background-type":"","background-media":"","overlay-type":"","overlay-color":"","overlay-opacity":"","overlay-gradient":""}},"iawp_total_views":11},"product_brand":[],"product_cat":[636],"product_tag":[],"class_list":{"0":"post-16450","1":"product","2":"type-product","3":"status-publish","4":"has-post-thumbnail","6":"product_cat-usb-2-0-cables","7":"desktop-align-left","8":"tablet-align-left","9":"mobile-align-left","11":"first","12":"instock","13":"shipping-taxable","14":"purchasable","15":"product-type-simple"},"acf":[],"_links":{"self":[{"href":"https:\/\/www.fjpremium.com\/pt\/wp-json\/wp\/v2\/product\/16450","targetHints":{"allow":["GET"]}}],"collection":[{"href":"https:\/\/www.fjpremium.com\/pt\/wp-json\/wp\/v2\/product"}],"about":[{"href":"https:\/\/www.fjpremium.com\/pt\/wp-json\/wp\/v2\/types\/product"}],"wp:featuredmedia":[{"embeddable":true,"href":"https:\/\/www.fjpremium.com\/pt\/wp-json\/wp\/v2\/media\/16451"}],"wp:attachment":[{"href":"https:\/\/www.fjpremium.com\/pt\/wp-json\/wp\/v2\/media?parent=16450"}],"wp:term":[{"taxonomy":"product_brand","embeddable":true,"href":"https:\/\/www.fjpremium.com\/pt\/wp-json\/wp\/v2\/product_brand?post=16450"},{"taxonomy":"product_cat","embeddable":true,"href":"https:\/\/www.fjpremium.com\/pt\/wp-json\/wp\/v2\/product_cat?post=16450"},{"taxonomy":"product_tag","embeddable":true,"href":"https:\/\/www.fjpremium.com\/pt\/wp-json\/wp\/v2\/product_tag?post=16450"}],"curies":[{"name":"wp","href":"https:\/\/api.w.org\/{rel}","templated":true}]}}