{"id":16428,"date":"2020-09-09T16:13:36","date_gmt":"2020-09-09T08:13:36","guid":{"rendered":"https:\/\/www.fjpremium.com\/?post_type=product&#038;p=16428"},"modified":"2023-05-24T14:21:43","modified_gmt":"2023-05-24T06:21:43","slug":"high-quality-lfh59-dms-59-to-dual-vga-female-y-splitter-graphics-card-monitor-cable","status":"publish","type":"product","link":"https:\/\/www.fjpremium.com\/pt\/product\/high-quality-lfh59-dms-59-to-dual-vga-female-y-splitter-graphics-card-monitor-cable\/","title":{"rendered":"LFH59 (DMS-59) para cabo de placa gr\u00e1fica de monitor com divisor Y duplo VGA f\u00eamea"},"content":{"rendered":"<p>Meticulosamente concebido para um desempenho excecional, o nosso cabo para placas gr\u00e1ficas permite-lhe ligar sem problemas dois monitores DisplayPort \u00e0 sua placa gr\u00e1fica equipada com DMS\/LFH.<\/p>\n<p>O que distingue este cabo para placa gr\u00e1fica \u00e9 a sua compatibilidade com uma vasta gama de placas de v\u00eddeo DMS-59. Suporta resolu\u00e7\u00f5es elevadas de at\u00e9 4k x 2k (3840 x 2160) e oferece uma largura de banda HBR2 m\u00e1xima de 21,6 Gbps.<\/p>\n<p>Al\u00e9m disso, \u00e9 compat\u00edvel com placas gr\u00e1ficas DMS\/LFH 59 ou DMS\/LFH 60, acomodando marcas populares como Matrox, NVIDIA, PNY, ATI e HP.<\/p>\n<p>Para al\u00e9m da sua versatilidade, oferecemos uma sele\u00e7\u00e3o de cabos divisores DMS59, incluindo op\u00e7\u00f5es para HDMI duplo, DVI duplo, VGA duplo e DVI+VGA.<\/p>\n<p>Esta gama de ofertas permite-lhe personalizar a sua configura\u00e7\u00e3o de acordo com as suas necessidades espec\u00edficas.<\/p>\n<p>Os conectores moldados de qualidade superior do nosso cabo asseguram a longevidade, enquanto a constru\u00e7\u00e3o moldada robusta, combinada com contactos banhados a ouro e o condutor de cobre nu do cabo, garante um desempenho fi\u00e1vel.<\/p>\n<p>Al\u00e9m disso, o cabo possui um conetor macho DMS de 59 pinos e um conetor f\u00eamea DisplayPort 20P de 2 portas, f\u00eamea HDMI de 2 portas, f\u00eamea DVI de 2 portas, f\u00eamea VGA de 2 portas ou f\u00eamea DVI + f\u00eamea VGA.<\/p>\n<p>\u00c9 isolado com espuma PE SKIN\/HDPE e possui um fio de calibre 28AWG.<\/p>\n<p>\u00c9 triplamente blindado com folha de alum\u00ednio de par entran\u00e7ado, folha de alum\u00ednio geral e tran\u00e7a para uma prote\u00e7\u00e3o robusta.<\/p>\n<p>A caixa \u00e9 feita de moldagem por inje\u00e7\u00e3o de pl\u00e1stico e o revestimento \u00e9 de PVC, com um di\u00e2metro exterior de 7,3\u00b10,2 mm.<\/p>\n<p>Est\u00e1 tamb\u00e9m em conformidade com as normas RoHS e REACH, o que atesta os seus padr\u00f5es de seguran\u00e7a e qualidade.<\/p>\n<p>Em suma, escolha este cabo de placa gr\u00e1fica para uma experi\u00eancia digital melhorada e de alta resolu\u00e7\u00e3o.<\/p>\n<h2>Descarregar:<\/h2>\n<ul>\n<li>Ficha t\u00e9cnica de DMS-59 Y Spliter Cabo para monitor de placa gr\u00e1fica<\/li>\n<\/ul>\n<h2>Informa\u00e7\u00f5es sobre a encomenda:<\/h2>\n<ul>\n<li>FS12601: Cabo divisor DMS-59 para DisplayPort Duplo F\u00eamea, 0,25M<\/li>\n<li>FS12602: Cabo divisor DMS-59 para HDMI duplo f\u00eamea, 0,25M<\/li>\n<li>FS12603: Cabo divisor f\u00eamea DMS-59 para DVI-I de liga\u00e7\u00e3o dupla, 0,25M<\/li>\n<li>FS12604: Cabo divisor DMS-59 para VGA Duplo F\u00eamea, 0,25M<\/li>\n<li>FS12605: Cabo divisor DMS-59 para DVI f\u00eamea + VGA f\u00eamea, 0,25M<\/li>\n<\/ul>","protected":false},"excerpt":{"rendered":"<p>Melhore a sua experi\u00eancia digital com o cabo de placa gr\u00e1fica de alta qualidade LFH59 (DMS-59) para divisor Y duplo VGA f\u00eamea da FARSINCE.<\/p>","protected":false},"featured_media":16441,"template":"","meta":{"_acf_changed":false,"_seopress_robots_primary_cat":"","_seopress_titles_title":"Y Splitter Monitor Graphics Card Cable - Farsince","_seopress_titles_desc":"","_seopress_robots_index":"","site-sidebar-layout":"default","site-content-layout":"default","ast-site-content-layout":"default","site-content-style":"default","site-sidebar-style":"default","ast-global-header-display":"","ast-banner-title-visibility":"","ast-main-header-display":"","ast-hfb-above-header-display":"","ast-hfb-below-header-display":"","ast-hfb-mobile-header-display":"","site-post-title":"","ast-breadcrumbs-content":"","ast-featured-img":"","footer-sml-layout":"","ast-disable-related-posts":"","theme-transparent-header-meta":"default","adv-header-id-meta":"","stick-header-meta":"","header-above-stick-meta":"","header-main-stick-meta":"","header-below-stick-meta":"","astra-migrate-meta-layouts":"default","ast-page-background-enabled":"default","ast-page-background-meta":{"desktop":{"background-color":"","background-image":"","background-repeat":"repeat","background-position":"center center","background-size":"auto","background-attachment":"scroll","background-type":"","background-media":"","overlay-type":"","overlay-color":"","overlay-opacity":"","overlay-gradient":""},"tablet":{"background-color":"","background-image":"","background-repeat":"repeat","background-position":"center center","background-size":"auto","background-attachment":"scroll","background-type":"","background-media":"","overlay-type":"","overlay-color":"","overlay-opacity":"","overlay-gradient":""},"mobile":{"background-color":"","background-image":"","background-repeat":"repeat","background-position":"center center","background-size":"auto","background-attachment":"scroll","background-type":"","background-media":"","overlay-type":"","overlay-color":"","overlay-opacity":"","overlay-gradient":""}},"ast-content-background-meta":{"desktop":{"background-color":"var(--ast-global-color-5)","background-image":"","background-repeat":"repeat","background-position":"center center","background-size":"auto","background-attachment":"scroll","background-type":"","background-media":"","overlay-type":"","overlay-color":"","overlay-opacity":"","overlay-gradient":""},"tablet":{"background-color":"var(--ast-global-color-5)","background-image":"","background-repeat":"repeat","background-position":"center center","background-size":"auto","background-attachment":"scroll","background-type":"","background-media":"","overlay-type":"","overlay-color":"","overlay-opacity":"","overlay-gradient":""},"mobile":{"background-color":"var(--ast-global-color-5)","background-image":"","background-repeat":"repeat","background-position":"center center","background-size":"auto","background-attachment":"scroll","background-type":"","background-media":"","overlay-type":"","overlay-color":"","overlay-opacity":"","overlay-gradient":""}},"iawp_total_views":24},"product_brand":[],"product_cat":[212],"product_tag":[],"class_list":{"0":"post-16428","1":"product","2":"type-product","3":"status-publish","4":"has-post-thumbnail","6":"product_cat-displayport","7":"desktop-align-left","8":"tablet-align-left","9":"mobile-align-left","11":"first","12":"instock","13":"shipping-taxable","14":"purchasable","15":"product-type-simple"},"acf":[],"_links":{"self":[{"href":"https:\/\/www.fjpremium.com\/pt\/wp-json\/wp\/v2\/product\/16428","targetHints":{"allow":["GET"]}}],"collection":[{"href":"https:\/\/www.fjpremium.com\/pt\/wp-json\/wp\/v2\/product"}],"about":[{"href":"https:\/\/www.fjpremium.com\/pt\/wp-json\/wp\/v2\/types\/product"}],"wp:featuredmedia":[{"embeddable":true,"href":"https:\/\/www.fjpremium.com\/pt\/wp-json\/wp\/v2\/media\/16441"}],"wp:attachment":[{"href":"https:\/\/www.fjpremium.com\/pt\/wp-json\/wp\/v2\/media?parent=16428"}],"wp:term":[{"taxonomy":"product_brand","embeddable":true,"href":"https:\/\/www.fjpremium.com\/pt\/wp-json\/wp\/v2\/product_brand?post=16428"},{"taxonomy":"product_cat","embeddable":true,"href":"https:\/\/www.fjpremium.com\/pt\/wp-json\/wp\/v2\/product_cat?post=16428"},{"taxonomy":"product_tag","embeddable":true,"href":"https:\/\/www.fjpremium.com\/pt\/wp-json\/wp\/v2\/product_tag?post=16428"}],"curies":[{"name":"wp","href":"https:\/\/api.w.org\/{rel}","templated":true}]}}