{"id":16427,"date":"2020-09-09T16:13:33","date_gmt":"2020-09-09T08:13:33","guid":{"rendered":"https:\/\/www.fjpremium.com\/?post_type=product&#038;p=16427"},"modified":"2023-10-07T13:54:53","modified_gmt":"2023-10-07T05:54:53","slug":"high-quality-lfh59-dms-59-to-dual-dvi-i-dual-link-female-y-splitter-graphics-card-monitor-cable","status":"publish","type":"product","link":"https:\/\/www.fjpremium.com\/pt\/product\/high-quality-lfh59-dms-59-to-dual-dvi-i-dual-link-female-y-splitter-graphics-card-monitor-cable\/","title":{"rendered":"Cabo de alta qualidade LFH59 (DMS-59) para divisor Y duplo DVI-I f\u00eamea de liga\u00e7\u00e3o dupla para placa gr\u00e1fica"},"content":{"rendered":"<p>Perfeitamente concebido para ligar dois monitores DisplayPort \u00e0 sua placa gr\u00e1fica equipada com DMS\/LFH, o cabo proporciona resolu\u00e7\u00f5es 4K x 2K espantosas (3840 x 2160), suportando uma largura de banda HBR2 m\u00e1xima de 21,6 Gbps.<\/p>\n<p>Compat\u00edvel com a maioria das placas de v\u00eddeo DMS-59, incluindo Matrox, NVIDIA, PNY, ATI e HP, abre as portas para a visualiza\u00e7\u00e3o de ultra-alta defini\u00e7\u00e3o.<\/p>\n<p>Atendemos a diversas necessidades, oferecendo cabos divisores DMS59 para HDMI duplo, DVI, VGA e DVI+VGA.<\/p>\n<p>Al\u00e9m disso, os conectores moldados de qualidade superior, os contactos banhados a ouro e a constru\u00e7\u00e3o moldada robusta do nosso cabo para monitor de placa gr\u00e1fica prometem longevidade e desempenho consistente.<\/p>\n<p>As suas especifica\u00e7\u00f5es:<\/p>\n<ul>\n<li>Condutor do cabo: Cobre nu<\/li>\n<li>Isolamento: Espuma de PE SKIN\/HDPE<\/li>\n<li>Bitola do fio: 28AWG<\/li>\n<li>Blindagem tripla: par entran\u00e7ado de folha de alum\u00ednio, folha de alum\u00ednio geral, entran\u00e7ado<\/li>\n<li>Carca\u00e7a: Moldagem por inje\u00e7\u00e3o de pl\u00e1stico<\/li>\n<li>Revestimento: PVC<\/li>\n<li>Di\u00e2metro exterior: 7,3\u00b10,2 mm<\/li>\n<li>Conformidade: RoHS, REACH<\/li>\n<\/ul>\n<p>Em conclus\u00e3o, contacte-nos hoje e invista nele para experimentar o verdadeiro poder da imagem de alta qualidade.<\/p>\n<p>&nbsp;<\/p>","protected":false},"excerpt":{"rendered":"<p>Liberte um desempenho gr\u00e1fico superior com o cabo de monitor de placa gr\u00e1fica divisor Y da FARSINCE, que suporta visuais de alta defini\u00e7\u00e3o at\u00e9 uma resolu\u00e7\u00e3o de 4K x 2K.<\/p>","protected":false},"featured_media":16440,"template":"","meta":{"_acf_changed":false,"_seopress_robots_primary_cat":"","_seopress_titles_title":"Y Splitter Graphics Card Monitor Cable - Farsince","_seopress_titles_desc":"","_seopress_robots_index":"","site-sidebar-layout":"default","site-content-layout":"default","ast-site-content-layout":"default","site-content-style":"default","site-sidebar-style":"default","ast-global-header-display":"","ast-banner-title-visibility":"","ast-main-header-display":"","ast-hfb-above-header-display":"","ast-hfb-below-header-display":"","ast-hfb-mobile-header-display":"","site-post-title":"","ast-breadcrumbs-content":"","ast-featured-img":"","footer-sml-layout":"","ast-disable-related-posts":"","theme-transparent-header-meta":"default","adv-header-id-meta":"","stick-header-meta":"","header-above-stick-meta":"","header-main-stick-meta":"","header-below-stick-meta":"","astra-migrate-meta-layouts":"set","ast-page-background-enabled":"default","ast-page-background-meta":{"desktop":{"background-color":"","background-image":"","background-repeat":"repeat","background-position":"center center","background-size":"auto","background-attachment":"scroll","background-type":"","background-media":"","overlay-type":"","overlay-color":"","overlay-opacity":"","overlay-gradient":""},"tablet":{"background-color":"","background-image":"","background-repeat":"repeat","background-position":"center center","background-size":"auto","background-attachment":"scroll","background-type":"","background-media":"","overlay-type":"","overlay-color":"","overlay-opacity":"","overlay-gradient":""},"mobile":{"background-color":"","background-image":"","background-repeat":"repeat","background-position":"center center","background-size":"auto","background-attachment":"scroll","background-type":"","background-media":"","overlay-type":"","overlay-color":"","overlay-opacity":"","overlay-gradient":""}},"ast-content-background-meta":{"desktop":{"background-color":"var(--ast-global-color-5)","background-image":"","background-repeat":"repeat","background-position":"center center","background-size":"auto","background-attachment":"scroll","background-type":"","background-media":"","overlay-type":"","overlay-color":"","overlay-opacity":"","overlay-gradient":""},"tablet":{"background-color":"var(--ast-global-color-5)","background-image":"","background-repeat":"repeat","background-position":"center center","background-size":"auto","background-attachment":"scroll","background-type":"","background-media":"","overlay-type":"","overlay-color":"","overlay-opacity":"","overlay-gradient":""},"mobile":{"background-color":"var(--ast-global-color-5)","background-image":"","background-repeat":"repeat","background-position":"center center","background-size":"auto","background-attachment":"scroll","background-type":"","background-media":"","overlay-type":"","overlay-color":"","overlay-opacity":"","overlay-gradient":""}},"iawp_total_views":8},"product_brand":[],"product_cat":[212],"product_tag":[],"class_list":{"0":"post-16427","1":"product","2":"type-product","3":"status-publish","4":"has-post-thumbnail","6":"product_cat-displayport","7":"desktop-align-left","8":"tablet-align-left","9":"mobile-align-left","11":"first","12":"instock","13":"shipping-taxable","14":"purchasable","15":"product-type-simple"},"acf":[],"_links":{"self":[{"href":"https:\/\/www.fjpremium.com\/pt\/wp-json\/wp\/v2\/product\/16427","targetHints":{"allow":["GET"]}}],"collection":[{"href":"https:\/\/www.fjpremium.com\/pt\/wp-json\/wp\/v2\/product"}],"about":[{"href":"https:\/\/www.fjpremium.com\/pt\/wp-json\/wp\/v2\/types\/product"}],"wp:featuredmedia":[{"embeddable":true,"href":"https:\/\/www.fjpremium.com\/pt\/wp-json\/wp\/v2\/media\/16440"}],"wp:attachment":[{"href":"https:\/\/www.fjpremium.com\/pt\/wp-json\/wp\/v2\/media?parent=16427"}],"wp:term":[{"taxonomy":"product_brand","embeddable":true,"href":"https:\/\/www.fjpremium.com\/pt\/wp-json\/wp\/v2\/product_brand?post=16427"},{"taxonomy":"product_cat","embeddable":true,"href":"https:\/\/www.fjpremium.com\/pt\/wp-json\/wp\/v2\/product_cat?post=16427"},{"taxonomy":"product_tag","embeddable":true,"href":"https:\/\/www.fjpremium.com\/pt\/wp-json\/wp\/v2\/product_tag?post=16427"}],"curies":[{"name":"wp","href":"https:\/\/api.w.org\/{rel}","templated":true}]}}