{"id":16425,"date":"2020-09-09T16:13:31","date_gmt":"2020-09-09T08:13:31","guid":{"rendered":"https:\/\/www.fjpremium.com\/?post_type=product&#038;p=16425"},"modified":"2023-10-07T17:19:27","modified_gmt":"2023-10-07T09:19:27","slug":"high-quality-lfh59-dms-59-to-dual-displayport-female-y-splitter-graphics-card-monitor-cable","status":"publish","type":"product","link":"https:\/\/www.fjpremium.com\/pt\/product\/high-quality-lfh59-dms-59-to-dual-displayport-female-y-splitter-graphics-card-monitor-cable\/","title":{"rendered":"Cabos divisores Y LFH59 (DMS-59) para Dual DisplayPort f\u00eamea para monitores"},"content":{"rendered":"<p>Concebidos propositadamente para ligar sem problemas dois monitores DisplayPort a placas gr\u00e1ficas equipadas com DMS\/LFH, estes cabos para monitores garantem que aproveita o verdadeiro poder de imagens superiores.<\/p>\n<p>Com capacidades para suportar resolu\u00e7\u00f5es impressionantes at\u00e9 4k x 2k (3840 x 2160), garantem uma experi\u00eancia de visualiza\u00e7\u00e3o imersiva auxiliada por uma robusta largura de banda HBR2 de 21,6 Gbps.<\/p>\n<p>Al\u00e9m disso, a compatibilidade \u00e9 vasta, desde marcas de placas gr\u00e1ficas de renome como a Matrox at\u00e9 \u00e0 NVIDIA e \u00e0 ATI.<\/p>\n<p>Distinguidos pelos contactos banhados a ouro dos cabos e pela constru\u00e7\u00e3o moldada robusta, a longevidade e a fiabilidade permanecem sem compromissos.<\/p>\n<p>As suas especifica\u00e7\u00f5es:<\/p>\n<ul>\n<li>Condutor do cabo: Cobre nu<\/li>\n<li>Isolamento: Espuma de PE SKIN\/HDPE<\/li>\n<li>Bitola do fio: 28AWG<\/li>\n<li>Blindagem tripla: par entran\u00e7ado de folha de alum\u00ednio, folha de alum\u00ednio geral, entran\u00e7ado<\/li>\n<li>Carca\u00e7a: Moldagem por inje\u00e7\u00e3o de pl\u00e1stico<\/li>\n<li>Revestimento: PVC<\/li>\n<li>Di\u00e2metro exterior: 7,3\u00b10,2 mm<\/li>\n<li>Conformidade: RoHS, REACH<\/li>\n<\/ul>\n<p>Expanda as suas capacidades de visualiza\u00e7\u00e3o com op\u00e7\u00f5es adicionais, uma vez que tamb\u00e9m oferecemos varia\u00e7\u00f5es de cabos divisores duplos HDMI, DVI, VGA e DVI+VGA. Por isso, contacte-nos hoje mesmo e encomende-os.<\/p>","protected":false},"excerpt":{"rendered":"<p>Aproveite o poder dos cabos divisores DisplayPort para LFH59 de alta qualidade da FARSINCE para monitores, garantindo a compatibilidade com as principais marcas de placas gr\u00e1ficas.<\/p>","protected":false},"featured_media":16429,"template":"","meta":{"_acf_changed":false,"_seopress_robots_primary_cat":"","_seopress_titles_title":"Best Y Splitter Cables for Monitors - Farsince","_seopress_titles_desc":"","_seopress_robots_index":"","site-sidebar-layout":"default","site-content-layout":"default","ast-site-content-layout":"default","site-content-style":"default","site-sidebar-style":"default","ast-global-header-display":"","ast-banner-title-visibility":"","ast-main-header-display":"","ast-hfb-above-header-display":"","ast-hfb-below-header-display":"","ast-hfb-mobile-header-display":"","site-post-title":"","ast-breadcrumbs-content":"","ast-featured-img":"","footer-sml-layout":"","ast-disable-related-posts":"","theme-transparent-header-meta":"default","adv-header-id-meta":"","stick-header-meta":"","header-above-stick-meta":"","header-main-stick-meta":"","header-below-stick-meta":"","astra-migrate-meta-layouts":"set","ast-page-background-enabled":"default","ast-page-background-meta":{"desktop":{"background-color":"","background-image":"","background-repeat":"repeat","background-position":"center center","background-size":"auto","background-attachment":"scroll","background-type":"","background-media":"","overlay-type":"","overlay-color":"","overlay-opacity":"","overlay-gradient":""},"tablet":{"background-color":"","background-image":"","background-repeat":"repeat","background-position":"center center","background-size":"auto","background-attachment":"scroll","background-type":"","background-media":"","overlay-type":"","overlay-color":"","overlay-opacity":"","overlay-gradient":""},"mobile":{"background-color":"","background-image":"","background-repeat":"repeat","background-position":"center center","background-size":"auto","background-attachment":"scroll","background-type":"","background-media":"","overlay-type":"","overlay-color":"","overlay-opacity":"","overlay-gradient":""}},"ast-content-background-meta":{"desktop":{"background-color":"var(--ast-global-color-5)","background-image":"","background-repeat":"repeat","background-position":"center center","background-size":"auto","background-attachment":"scroll","background-type":"","background-media":"","overlay-type":"","overlay-color":"","overlay-opacity":"","overlay-gradient":""},"tablet":{"background-color":"var(--ast-global-color-5)","background-image":"","background-repeat":"repeat","background-position":"center center","background-size":"auto","background-attachment":"scroll","background-type":"","background-media":"","overlay-type":"","overlay-color":"","overlay-opacity":"","overlay-gradient":""},"mobile":{"background-color":"var(--ast-global-color-5)","background-image":"","background-repeat":"repeat","background-position":"center center","background-size":"auto","background-attachment":"scroll","background-type":"","background-media":"","overlay-type":"","overlay-color":"","overlay-opacity":"","overlay-gradient":""}},"iawp_total_views":6},"product_brand":[],"product_cat":[212],"product_tag":[],"class_list":{"0":"post-16425","1":"product","2":"type-product","3":"status-publish","4":"has-post-thumbnail","6":"product_cat-displayport","7":"desktop-align-left","8":"tablet-align-left","9":"mobile-align-left","11":"first","12":"instock","13":"shipping-taxable","14":"purchasable","15":"product-type-simple"},"acf":[],"_links":{"self":[{"href":"https:\/\/www.fjpremium.com\/pt\/wp-json\/wp\/v2\/product\/16425","targetHints":{"allow":["GET"]}}],"collection":[{"href":"https:\/\/www.fjpremium.com\/pt\/wp-json\/wp\/v2\/product"}],"about":[{"href":"https:\/\/www.fjpremium.com\/pt\/wp-json\/wp\/v2\/types\/product"}],"wp:featuredmedia":[{"embeddable":true,"href":"https:\/\/www.fjpremium.com\/pt\/wp-json\/wp\/v2\/media\/16429"}],"wp:attachment":[{"href":"https:\/\/www.fjpremium.com\/pt\/wp-json\/wp\/v2\/media?parent=16425"}],"wp:term":[{"taxonomy":"product_brand","embeddable":true,"href":"https:\/\/www.fjpremium.com\/pt\/wp-json\/wp\/v2\/product_brand?post=16425"},{"taxonomy":"product_cat","embeddable":true,"href":"https:\/\/www.fjpremium.com\/pt\/wp-json\/wp\/v2\/product_cat?post=16425"},{"taxonomy":"product_tag","embeddable":true,"href":"https:\/\/www.fjpremium.com\/pt\/wp-json\/wp\/v2\/product_tag?post=16425"}],"curies":[{"name":"wp","href":"https:\/\/api.w.org\/{rel}","templated":true}]}}