{"id":16411,"date":"2020-09-09T16:09:45","date_gmt":"2020-09-09T08:09:45","guid":{"rendered":"https:\/\/www.fjpremium.com\/?post_type=product&#038;p=16411"},"modified":"2023-10-07T17:22:22","modified_gmt":"2023-10-07T09:22:22","slug":"mini-displayport-1-2-thunderbolt-2-to-displayport-coupler-mini-dp-to-dp-adapter-4k-60hz","status":"publish","type":"product","link":"https:\/\/www.fjpremium.com\/pt\/product\/mini-displayport-1-2-thunderbolt-2-to-displayport-coupler-mini-dp-to-dp-adapter-4k-60hz\/","title":{"rendered":"Adaptador Mini DisplayPort 1.2 (Thunderbolt 2) para acoplador DisplayPort Mini DP 4K 60hz"},"content":{"rendered":"<p>Especialmente concebido, o acoplador adaptador facilita a liga\u00e7\u00e3o de v\u00eddeo de um Chromebook ou port\u00e1til equipado com mini DisplayPort diretamente a ecr\u00e3s com entradas DisplayPort.<\/p>\n<p>Proporciona imagens sem paralelo com suporte para resolu\u00e7\u00f5es t\u00e3o elevadas como 4K@30 (3840\u00d72160, Ultra HD) e 1080P (Full HD). E pode mergulhar em \u00e1udio sem perdas, desde formatos 7.1 a 2 canais.<\/p>\n<p>Criado para cumprir as normas DisplayPort 1.2, o nosso adaptador mini DP garante um desempenho \u00f3timo para aplica\u00e7\u00f5es topo de gama. Nomeadamente, este \u00e9 um adaptador unidirecional concebido exclusivamente para convers\u00f5es de Mini DisplayPort para HDMI.<\/p>\n<p>Para uma integridade de sinal sem falhas, possui condutores de resist\u00eancia EMI\/RFI totalmente blindados e conectores banhados a ouro 24-K.<\/p>\n<p>As suas especifica\u00e7\u00f5es:<\/p>\n<ul>\n<li>Contacto banhado a ouro; concha banhada a ouro<\/li>\n<li>Caixa: Concha em ABS<\/li>\n<li>Chipset: nenhum<\/li>\n<li>Revestimento: PVC<\/li>\n<li>Conformidade: RoHS, REACH<\/li>\n<\/ul>\n<p>Para al\u00e9m disso, est\u00e1 coberto por uma garantia Farsince de 5 anos. Por isso, contacte-nos hoje mesmo e adicione este adaptador ao seu invent\u00e1rio.<\/p>","protected":false},"excerpt":{"rendered":"<p>Experimente uma conetividade superior com o acoplador adaptador mini DP da FARSINCE, que suporta at\u00e9 4K@30, garantindo v\u00eddeo e \u00e1udio impec\u00e1veis.<\/p>","protected":false},"featured_media":16413,"template":"","meta":{"_acf_changed":false,"_seopress_robots_primary_cat":"","_seopress_titles_title":"Best Mini DP Adapter 4K 60hz - Farsince","_seopress_titles_desc":"","_seopress_robots_index":"","site-sidebar-layout":"default","site-content-layout":"default","ast-site-content-layout":"default","site-content-style":"default","site-sidebar-style":"default","ast-global-header-display":"","ast-banner-title-visibility":"","ast-main-header-display":"","ast-hfb-above-header-display":"","ast-hfb-below-header-display":"","ast-hfb-mobile-header-display":"","site-post-title":"","ast-breadcrumbs-content":"","ast-featured-img":"","footer-sml-layout":"","ast-disable-related-posts":"","theme-transparent-header-meta":"default","adv-header-id-meta":"","stick-header-meta":"","header-above-stick-meta":"","header-main-stick-meta":"","header-below-stick-meta":"","astra-migrate-meta-layouts":"set","ast-page-background-enabled":"default","ast-page-background-meta":{"desktop":{"background-color":"","background-image":"","background-repeat":"repeat","background-position":"center center","background-size":"auto","background-attachment":"scroll","background-type":"","background-media":"","overlay-type":"","overlay-color":"","overlay-opacity":"","overlay-gradient":""},"tablet":{"background-color":"","background-image":"","background-repeat":"repeat","background-position":"center center","background-size":"auto","background-attachment":"scroll","background-type":"","background-media":"","overlay-type":"","overlay-color":"","overlay-opacity":"","overlay-gradient":""},"mobile":{"background-color":"","background-image":"","background-repeat":"repeat","background-position":"center center","background-size":"auto","background-attachment":"scroll","background-type":"","background-media":"","overlay-type":"","overlay-color":"","overlay-opacity":"","overlay-gradient":""}},"ast-content-background-meta":{"desktop":{"background-color":"var(--ast-global-color-5)","background-image":"","background-repeat":"repeat","background-position":"center center","background-size":"auto","background-attachment":"scroll","background-type":"","background-media":"","overlay-type":"","overlay-color":"","overlay-opacity":"","overlay-gradient":""},"tablet":{"background-color":"var(--ast-global-color-5)","background-image":"","background-repeat":"repeat","background-position":"center center","background-size":"auto","background-attachment":"scroll","background-type":"","background-media":"","overlay-type":"","overlay-color":"","overlay-opacity":"","overlay-gradient":""},"mobile":{"background-color":"var(--ast-global-color-5)","background-image":"","background-repeat":"repeat","background-position":"center center","background-size":"auto","background-attachment":"scroll","background-type":"","background-media":"","overlay-type":"","overlay-color":"","overlay-opacity":"","overlay-gradient":""}},"iawp_total_views":4},"product_brand":[],"product_cat":[212],"product_tag":[],"class_list":{"0":"post-16411","1":"product","2":"type-product","3":"status-publish","4":"has-post-thumbnail","6":"product_cat-displayport","7":"desktop-align-left","8":"tablet-align-left","9":"mobile-align-left","11":"first","12":"instock","13":"shipping-taxable","14":"purchasable","15":"product-type-simple"},"acf":[],"_links":{"self":[{"href":"https:\/\/www.fjpremium.com\/pt\/wp-json\/wp\/v2\/product\/16411","targetHints":{"allow":["GET"]}}],"collection":[{"href":"https:\/\/www.fjpremium.com\/pt\/wp-json\/wp\/v2\/product"}],"about":[{"href":"https:\/\/www.fjpremium.com\/pt\/wp-json\/wp\/v2\/types\/product"}],"wp:featuredmedia":[{"embeddable":true,"href":"https:\/\/www.fjpremium.com\/pt\/wp-json\/wp\/v2\/media\/16413"}],"wp:attachment":[{"href":"https:\/\/www.fjpremium.com\/pt\/wp-json\/wp\/v2\/media?parent=16411"}],"wp:term":[{"taxonomy":"product_brand","embeddable":true,"href":"https:\/\/www.fjpremium.com\/pt\/wp-json\/wp\/v2\/product_brand?post=16411"},{"taxonomy":"product_cat","embeddable":true,"href":"https:\/\/www.fjpremium.com\/pt\/wp-json\/wp\/v2\/product_cat?post=16411"},{"taxonomy":"product_tag","embeddable":true,"href":"https:\/\/www.fjpremium.com\/pt\/wp-json\/wp\/v2\/product_tag?post=16411"}],"curies":[{"name":"wp","href":"https:\/\/api.w.org\/{rel}","templated":true}]}}