{"id":16402,"date":"2020-09-09T16:07:25","date_gmt":"2020-09-09T08:07:25","guid":{"rendered":"https:\/\/www.fjpremium.com\/?post_type=product&#038;p=16402"},"modified":"2023-10-07T17:23:48","modified_gmt":"2023-10-07T09:23:48","slug":"mini-displayport-mini-dp-thunderbolt-2-to-4k-hdmi-2-0-coupler-hdmi-out-to-displayport-in-adapter-up-to-4k-60hz","status":"publish","type":"product","link":"https:\/\/www.fjpremium.com\/pt\/product\/mini-displayport-mini-dp-thunderbolt-2-to-4k-hdmi-2-0-coupler-hdmi-out-to-displayport-in-adapter-up-to-4k-60hz\/","title":{"rendered":"Mini DisplayPort Mini DP (Thunderbolt 2) para 4K HDMI 2.0 Acoplador Displayport para HDMI Adaptador 4k 60hz"},"content":{"rendered":"<p>O nosso adaptador de alta qualidade foi concebido com precis\u00e3o para ligar sem problemas o seu Chromebook ou port\u00e1til compat\u00edvel com mini DisplayPort a ecr\u00e3s HDMI.<\/p>\n<p>Transforma sem esfor\u00e7o os sinais de v\u00eddeo digital do Mini DisplayPort em HDMI, permitindo imagens ultra n\u00edtidas at\u00e9 4K@30 (3840\u00d72160, Ultra HD) e 1080P (Full HD). Tamb\u00e9m garante uma experi\u00eancia de \u00e1udio cristalina, compat\u00edvel com 7.1, 5.1 ou 2 canais digitais.<\/p>\n<p>Este adaptador, concebido em conformidade com as normas DisplayPort 1.2, satisfaz as exig\u00eancias das aplica\u00e7\u00f5es de elevado desempenho.<\/p>\n<p>Com uma constru\u00e7\u00e3o robusta, promete um desempenho duradouro. As interfer\u00eancias EMI\/RFI s\u00e3o mantidas \u00e0 dist\u00e2ncia com os condutores totalmente blindados, enquanto os conectores banhados a ouro de 24 K garantem uma \u00f3ptima integridade do sinal.<\/p>\n<p>As suas especifica\u00e7\u00f5es:<\/p>\n<ul>\n<li>Caixa: Concha em ABS<\/li>\n<li>Chipset: PS8121E<\/li>\n<li>Revestimento: PVC<\/li>\n<li>Conformidade: RoHS, REACH<\/li>\n<\/ul>\n<p>Al\u00e9m disso, est\u00e1 protegido pela garantia de 2 anos da FARSINCE. Por conseguinte, contacte-nos hoje mesmo e invista no adaptador Displayport para HDMI 4k 60hz.<\/p>","protected":false},"excerpt":{"rendered":"<p>Apresentamos o adaptador Displayport para HDMI 4k 60hz da FARSINCE, concebido com precis\u00e3o para a excel\u00eancia, salvaguardado por uma garantia de 2 anos.<\/p>","protected":false},"featured_media":16403,"template":"","meta":{"_acf_changed":false,"_seopress_robots_primary_cat":"","_seopress_titles_title":"Best Displayport to HDMI Adapter 4k 60hz - Farsince","_seopress_titles_desc":"","_seopress_robots_index":"","site-sidebar-layout":"default","site-content-layout":"default","ast-site-content-layout":"default","site-content-style":"default","site-sidebar-style":"default","ast-global-header-display":"","ast-banner-title-visibility":"","ast-main-header-display":"","ast-hfb-above-header-display":"","ast-hfb-below-header-display":"","ast-hfb-mobile-header-display":"","site-post-title":"","ast-breadcrumbs-content":"","ast-featured-img":"","footer-sml-layout":"","ast-disable-related-posts":"","theme-transparent-header-meta":"default","adv-header-id-meta":"","stick-header-meta":"","header-above-stick-meta":"","header-main-stick-meta":"","header-below-stick-meta":"","astra-migrate-meta-layouts":"set","ast-page-background-enabled":"default","ast-page-background-meta":{"desktop":{"background-color":"","background-image":"","background-repeat":"repeat","background-position":"center center","background-size":"auto","background-attachment":"scroll","background-type":"","background-media":"","overlay-type":"","overlay-color":"","overlay-opacity":"","overlay-gradient":""},"tablet":{"background-color":"","background-image":"","background-repeat":"repeat","background-position":"center center","background-size":"auto","background-attachment":"scroll","background-type":"","background-media":"","overlay-type":"","overlay-color":"","overlay-opacity":"","overlay-gradient":""},"mobile":{"background-color":"","background-image":"","background-repeat":"repeat","background-position":"center center","background-size":"auto","background-attachment":"scroll","background-type":"","background-media":"","overlay-type":"","overlay-color":"","overlay-opacity":"","overlay-gradient":""}},"ast-content-background-meta":{"desktop":{"background-color":"var(--ast-global-color-5)","background-image":"","background-repeat":"repeat","background-position":"center center","background-size":"auto","background-attachment":"scroll","background-type":"","background-media":"","overlay-type":"","overlay-color":"","overlay-opacity":"","overlay-gradient":""},"tablet":{"background-color":"var(--ast-global-color-5)","background-image":"","background-repeat":"repeat","background-position":"center center","background-size":"auto","background-attachment":"scroll","background-type":"","background-media":"","overlay-type":"","overlay-color":"","overlay-opacity":"","overlay-gradient":""},"mobile":{"background-color":"var(--ast-global-color-5)","background-image":"","background-repeat":"repeat","background-position":"center center","background-size":"auto","background-attachment":"scroll","background-type":"","background-media":"","overlay-type":"","overlay-color":"","overlay-opacity":"","overlay-gradient":""}},"iawp_total_views":5},"product_brand":[],"product_cat":[212],"product_tag":[],"class_list":{"0":"post-16402","1":"product","2":"type-product","3":"status-publish","4":"has-post-thumbnail","6":"product_cat-displayport","7":"desktop-align-left","8":"tablet-align-left","9":"mobile-align-left","11":"first","12":"instock","13":"shipping-taxable","14":"purchasable","15":"product-type-simple"},"acf":[],"_links":{"self":[{"href":"https:\/\/www.fjpremium.com\/pt\/wp-json\/wp\/v2\/product\/16402","targetHints":{"allow":["GET"]}}],"collection":[{"href":"https:\/\/www.fjpremium.com\/pt\/wp-json\/wp\/v2\/product"}],"about":[{"href":"https:\/\/www.fjpremium.com\/pt\/wp-json\/wp\/v2\/types\/product"}],"wp:featuredmedia":[{"embeddable":true,"href":"https:\/\/www.fjpremium.com\/pt\/wp-json\/wp\/v2\/media\/16403"}],"wp:attachment":[{"href":"https:\/\/www.fjpremium.com\/pt\/wp-json\/wp\/v2\/media?parent=16402"}],"wp:term":[{"taxonomy":"product_brand","embeddable":true,"href":"https:\/\/www.fjpremium.com\/pt\/wp-json\/wp\/v2\/product_brand?post=16402"},{"taxonomy":"product_cat","embeddable":true,"href":"https:\/\/www.fjpremium.com\/pt\/wp-json\/wp\/v2\/product_cat?post=16402"},{"taxonomy":"product_tag","embeddable":true,"href":"https:\/\/www.fjpremium.com\/pt\/wp-json\/wp\/v2\/product_tag?post=16402"}],"curies":[{"name":"wp","href":"https:\/\/api.w.org\/{rel}","templated":true}]}}