{"id":16392,"date":"2020-09-09T16:02:39","date_gmt":"2020-09-09T08:02:39","guid":{"rendered":"https:\/\/www.fjpremium.com\/?post_type=product&#038;p=16392"},"modified":"2023-10-07T14:50:45","modified_gmt":"2023-10-07T06:50:45","slug":"mini-displayport-to-mini-displayport-cable-mini-dp-male-to-mini-dp-male-cable-4k-resolution","status":"publish","type":"product","link":"https:\/\/www.fjpremium.com\/pt\/product\/mini-displayport-to-mini-displayport-cable-mini-dp-male-to-mini-dp-male-cable-4k-resolution\/","title":{"rendered":"Cabo Mini DisplayPort para Mini DisplayPort Cabo DP macho para DP macho Resolu\u00e7\u00e3o 4K"},"content":{"rendered":"<p>Este cabo vers\u00e1til liga sem esfor\u00e7o dispositivos equipados com mini DisplayPort ou Thunderbolt 2, como MacBooks, computadores port\u00e1teis ou de secret\u00e1ria a HDTVs, monitores, projectores e outros com entrada Mini DisplayPort ou Thunderbolt 2.<\/p>\n<p>Garante imagens impressionantes ao suportar resolu\u00e7\u00f5es at\u00e9 4K*2K (3840\u00d72160, Ultra HD) e 1080P (Full HD). Assim, desfrutar\u00e1 de uma transmiss\u00e3o sem falhas de sinais de v\u00eddeo e \u00e1udio para uma transmiss\u00e3o de v\u00eddeo e jogos envolventes.<\/p>\n<p>O cabo DP macho para DP macho cumpre as normas DisplayPort 1.2, oferecendo compatibilidade de alto desempenho.<\/p>\n<p>As suas especifica\u00e7\u00f5es:<\/p>\n<ul>\n<li>Condutor do cabo: Copp estanhado<\/li>\n<li>Isolamento: Espuma de PE SKIN\/HDPE<\/li>\n<li>Bitola do fio: 32AWG<\/li>\n<li>Blindagem tripla: par entran\u00e7ado de folha de alum\u00ednio, folha de alum\u00ednio geral, entran\u00e7ado<\/li>\n<li>Caixa: Concha em ABS ou moldagem por inje\u00e7\u00e3o<\/li>\n<li>Revestimento: PVC<\/li>\n<li>Di\u00e2metro exterior: 4,8\u00b10,2 mm<\/li>\n<li>Conformidade: RoHS, REACH<\/li>\n<\/ul>\n<p>Al\u00e9m disso, os seus condutores totalmente blindados proporcionam imunidade \u00e0 interfer\u00eancia EMI\/RFI e os conectores banhados a ouro garantem uma transfer\u00eancia de sinal superior.<\/p>\n<p>Por conseguinte, contacte-nos hoje mesmo e adicione-o ao seu invent\u00e1rio para obter um desempenho fi\u00e1vel e de elevada largura de banda.<\/p>","protected":false},"excerpt":{"rendered":"<p>Experimente a conetividade \u00e1udio-v\u00eddeo sem falhas com o cabo FARSINCE DP macho para DP macho, a sua solu\u00e7\u00e3o para aplica\u00e7\u00f5es de cinema em casa e de secret\u00e1ria melhoradas.<\/p>","protected":false},"featured_media":16393,"template":"","meta":{"_acf_changed":false,"_seopress_robots_primary_cat":"","_seopress_titles_title":"Best DP Male to DP Male Cable 4K Resolution - Farsince","_seopress_titles_desc":"","_seopress_robots_index":"","site-sidebar-layout":"default","site-content-layout":"default","ast-site-content-layout":"default","site-content-style":"default","site-sidebar-style":"default","ast-global-header-display":"","ast-banner-title-visibility":"","ast-main-header-display":"","ast-hfb-above-header-display":"","ast-hfb-below-header-display":"","ast-hfb-mobile-header-display":"","site-post-title":"","ast-breadcrumbs-content":"","ast-featured-img":"","footer-sml-layout":"","ast-disable-related-posts":"","theme-transparent-header-meta":"default","adv-header-id-meta":"","stick-header-meta":"","header-above-stick-meta":"","header-main-stick-meta":"","header-below-stick-meta":"","astra-migrate-meta-layouts":"set","ast-page-background-enabled":"default","ast-page-background-meta":{"desktop":{"background-color":"","background-image":"","background-repeat":"repeat","background-position":"center center","background-size":"auto","background-attachment":"scroll","background-type":"","background-media":"","overlay-type":"","overlay-color":"","overlay-opacity":"","overlay-gradient":""},"tablet":{"background-color":"","background-image":"","background-repeat":"repeat","background-position":"center center","background-size":"auto","background-attachment":"scroll","background-type":"","background-media":"","overlay-type":"","overlay-color":"","overlay-opacity":"","overlay-gradient":""},"mobile":{"background-color":"","background-image":"","background-repeat":"repeat","background-position":"center center","background-size":"auto","background-attachment":"scroll","background-type":"","background-media":"","overlay-type":"","overlay-color":"","overlay-opacity":"","overlay-gradient":""}},"ast-content-background-meta":{"desktop":{"background-color":"var(--ast-global-color-5)","background-image":"","background-repeat":"repeat","background-position":"center center","background-size":"auto","background-attachment":"scroll","background-type":"","background-media":"","overlay-type":"","overlay-color":"","overlay-opacity":"","overlay-gradient":""},"tablet":{"background-color":"var(--ast-global-color-5)","background-image":"","background-repeat":"repeat","background-position":"center center","background-size":"auto","background-attachment":"scroll","background-type":"","background-media":"","overlay-type":"","overlay-color":"","overlay-opacity":"","overlay-gradient":""},"mobile":{"background-color":"var(--ast-global-color-5)","background-image":"","background-repeat":"repeat","background-position":"center center","background-size":"auto","background-attachment":"scroll","background-type":"","background-media":"","overlay-type":"","overlay-color":"","overlay-opacity":"","overlay-gradient":""}},"iawp_total_views":5},"product_brand":[],"product_cat":[460,212],"product_tag":[],"class_list":{"0":"post-16392","1":"product","2":"type-product","3":"status-publish","4":"has-post-thumbnail","6":"product_cat-featured-products","7":"product_cat-displayport","8":"desktop-align-left","9":"tablet-align-left","10":"mobile-align-left","12":"first","13":"instock","14":"shipping-taxable","15":"purchasable","16":"product-type-simple"},"acf":[],"_links":{"self":[{"href":"https:\/\/www.fjpremium.com\/pt\/wp-json\/wp\/v2\/product\/16392","targetHints":{"allow":["GET"]}}],"collection":[{"href":"https:\/\/www.fjpremium.com\/pt\/wp-json\/wp\/v2\/product"}],"about":[{"href":"https:\/\/www.fjpremium.com\/pt\/wp-json\/wp\/v2\/types\/product"}],"wp:featuredmedia":[{"embeddable":true,"href":"https:\/\/www.fjpremium.com\/pt\/wp-json\/wp\/v2\/media\/16393"}],"wp:attachment":[{"href":"https:\/\/www.fjpremium.com\/pt\/wp-json\/wp\/v2\/media?parent=16392"}],"wp:term":[{"taxonomy":"product_brand","embeddable":true,"href":"https:\/\/www.fjpremium.com\/pt\/wp-json\/wp\/v2\/product_brand?post=16392"},{"taxonomy":"product_cat","embeddable":true,"href":"https:\/\/www.fjpremium.com\/pt\/wp-json\/wp\/v2\/product_cat?post=16392"},{"taxonomy":"product_tag","embeddable":true,"href":"https:\/\/www.fjpremium.com\/pt\/wp-json\/wp\/v2\/product_tag?post=16392"}],"curies":[{"name":"wp","href":"https:\/\/api.w.org\/{rel}","templated":true}]}}