{"id":16357,"date":"2020-09-09T15:54:07","date_gmt":"2020-09-09T07:54:07","guid":{"rendered":"https:\/\/www.fjpremium.com\/?post_type=product&#038;p=16357"},"modified":"2023-10-07T17:25:06","modified_gmt":"2023-10-07T09:25:06","slug":"right-left-up-down-displayport-male-to-displayport-female-dp-to-dp-extender-coupler-adapter-up-to-4k","status":"publish","type":"product","link":"https:\/\/www.fjpremium.com\/pt\/product\/right-left-up-down-displayport-male-to-displayport-female-dp-to-dp-extender-coupler-adapter-up-to-4k\/","title":{"rendered":"Direita esquerda cima baixo Adaptador DisplayPort para DisplayPort Adaptador de acoplador extensor DP para DP at\u00e9 4K"},"content":{"rendered":"<p>Este vers\u00e1til adaptador DisplayPort para DisplayPort, dispon\u00edvel em \u00e2ngulos direccionais esquerdo, direito, para cima e para baixo, garante uma sincroniza\u00e7\u00e3o perfeita de \u00e1udio e v\u00eddeo.<\/p>\n<p>\u00c9 perfeito para prolongar o seu atual cabo DisplayPort para dispositivos com entrada DisplayPort, incluindo monitores HD, projectores, computadores port\u00e1teis e de secret\u00e1ria.<\/p>\n<p>O design em \u00e2ngulo de 90 graus brilha em espa\u00e7os apertados, revelando-se indispens\u00e1vel para os cantos apertados das mesas e espa\u00e7os estreitos nas paredes, permitindo mesmo a instala\u00e7\u00e3o por baixo de suportes de montagem.<\/p>\n<p>As suas especifica\u00e7\u00f5es:<\/p>\n<ul>\n<li>Conector 1: DisplayPort 1.2v 20 pinos macho<\/li>\n<li>Conector 2: DisplayPort 1.2v 20 pinos f\u00eamea<\/li>\n<li>Contacto banhado a ouro; concha banhada a ouro<\/li>\n<li>Caixa: Inv\u00f3lucro em ABS<\/li>\n<li>Conformidade: RoHS, REACH<\/li>\n<\/ul>\n<p>Al\u00e9m disso, suportando uma resolu\u00e7\u00e3o de v\u00eddeo at\u00e9 4K@60Hz, a funcionalidade plug-and-play garante uma configura\u00e7\u00e3o f\u00e1cil e sem complica\u00e7\u00f5es. Por isso, contacte-nos hoje mesmo e encomende o adaptador.<\/p>","protected":false},"excerpt":{"rendered":"<p>Apresentando o adaptador DisplayPort para DisplayPort da direita para a esquerda da FARSINCE, dispon\u00edvel em quatro \u00e2ngulos direcionais e suportando at\u00e9 4K a 60 Hz, perfeito para espa\u00e7os apertados.<\/p>","protected":false},"featured_media":16384,"template":"","meta":{"_acf_changed":false,"_seopress_robots_primary_cat":"","_seopress_titles_title":"Best DisplayPort to DisplayPort Adapter - Farsince","_seopress_titles_desc":"Presenting FARSINCE&#039;s right left up down DisplayPort to  DisplayPort adapter, supporting up to 4K@60Hz, perfect for tight spaces.","_seopress_robots_index":"","site-sidebar-layout":"default","site-content-layout":"default","ast-site-content-layout":"default","site-content-style":"default","site-sidebar-style":"default","ast-global-header-display":"","ast-banner-title-visibility":"","ast-main-header-display":"","ast-hfb-above-header-display":"","ast-hfb-below-header-display":"","ast-hfb-mobile-header-display":"","site-post-title":"","ast-breadcrumbs-content":"","ast-featured-img":"","footer-sml-layout":"","ast-disable-related-posts":"","theme-transparent-header-meta":"default","adv-header-id-meta":"","stick-header-meta":"","header-above-stick-meta":"","header-main-stick-meta":"","header-below-stick-meta":"","astra-migrate-meta-layouts":"set","ast-page-background-enabled":"default","ast-page-background-meta":{"desktop":{"background-color":"","background-image":"","background-repeat":"repeat","background-position":"center center","background-size":"auto","background-attachment":"scroll","background-type":"","background-media":"","overlay-type":"","overlay-color":"","overlay-opacity":"","overlay-gradient":""},"tablet":{"background-color":"","background-image":"","background-repeat":"repeat","background-position":"center center","background-size":"auto","background-attachment":"scroll","background-type":"","background-media":"","overlay-type":"","overlay-color":"","overlay-opacity":"","overlay-gradient":""},"mobile":{"background-color":"","background-image":"","background-repeat":"repeat","background-position":"center center","background-size":"auto","background-attachment":"scroll","background-type":"","background-media":"","overlay-type":"","overlay-color":"","overlay-opacity":"","overlay-gradient":""}},"ast-content-background-meta":{"desktop":{"background-color":"var(--ast-global-color-5)","background-image":"","background-repeat":"repeat","background-position":"center center","background-size":"auto","background-attachment":"scroll","background-type":"","background-media":"","overlay-type":"","overlay-color":"","overlay-opacity":"","overlay-gradient":""},"tablet":{"background-color":"var(--ast-global-color-5)","background-image":"","background-repeat":"repeat","background-position":"center center","background-size":"auto","background-attachment":"scroll","background-type":"","background-media":"","overlay-type":"","overlay-color":"","overlay-opacity":"","overlay-gradient":""},"mobile":{"background-color":"var(--ast-global-color-5)","background-image":"","background-repeat":"repeat","background-position":"center center","background-size":"auto","background-attachment":"scroll","background-type":"","background-media":"","overlay-type":"","overlay-color":"","overlay-opacity":"","overlay-gradient":""}},"iawp_total_views":4},"product_brand":[],"product_cat":[212],"product_tag":[],"class_list":{"0":"post-16357","1":"product","2":"type-product","3":"status-publish","4":"has-post-thumbnail","6":"product_cat-displayport","7":"desktop-align-left","8":"tablet-align-left","9":"mobile-align-left","11":"first","12":"instock","13":"shipping-taxable","14":"purchasable","15":"product-type-simple"},"acf":[],"_links":{"self":[{"href":"https:\/\/www.fjpremium.com\/pt\/wp-json\/wp\/v2\/product\/16357","targetHints":{"allow":["GET"]}}],"collection":[{"href":"https:\/\/www.fjpremium.com\/pt\/wp-json\/wp\/v2\/product"}],"about":[{"href":"https:\/\/www.fjpremium.com\/pt\/wp-json\/wp\/v2\/types\/product"}],"wp:featuredmedia":[{"embeddable":true,"href":"https:\/\/www.fjpremium.com\/pt\/wp-json\/wp\/v2\/media\/16384"}],"wp:attachment":[{"href":"https:\/\/www.fjpremium.com\/pt\/wp-json\/wp\/v2\/media?parent=16357"}],"wp:term":[{"taxonomy":"product_brand","embeddable":true,"href":"https:\/\/www.fjpremium.com\/pt\/wp-json\/wp\/v2\/product_brand?post=16357"},{"taxonomy":"product_cat","embeddable":true,"href":"https:\/\/www.fjpremium.com\/pt\/wp-json\/wp\/v2\/product_cat?post=16357"},{"taxonomy":"product_tag","embeddable":true,"href":"https:\/\/www.fjpremium.com\/pt\/wp-json\/wp\/v2\/product_tag?post=16357"}],"curies":[{"name":"wp","href":"https:\/\/api.w.org\/{rel}","templated":true}]}}