{"id":16354,"date":"2020-09-09T15:54:04","date_gmt":"2020-09-09T07:54:04","guid":{"rendered":"https:\/\/www.fjpremium.com\/?post_type=product&#038;p=16354"},"modified":"2023-10-07T17:28:53","modified_gmt":"2023-10-07T09:28:53","slug":"displayport-1-2-1-4-to-vga-converter-coupler-dp-to-vga-adapter-1080p","status":"publish","type":"product","link":"https:\/\/www.fjpremium.com\/pt\/product\/displayport-1-2-1-4-to-vga-converter-coupler-dp-to-vga-adapter-1080p\/","title":{"rendered":"Adaptador DisplayPort 1.2 para VGA Adaptador de acoplador de conversor DP para VGA 1080p"},"content":{"rendered":"<p>O nosso conversor de \u00faltima gera\u00e7\u00e3o liga computadores port\u00e1teis ou de secret\u00e1ria compat\u00edveis com DisplayPort a dispositivos com entrada VGA, como HDTVs, monitores, projectores ou ecr\u00e3s CRT digitais.<\/p>\n<p>Converte eficazmente sinais digitais em imagens, oferecendo resolu\u00e7\u00f5es de alta defini\u00e7\u00e3o at\u00e9 1080P a 60Hz. Concebido para se destacar, possui uma qualidade de material inigual\u00e1vel, proporcionando um desempenho consistente ao longo da sua vida \u00fatil.<\/p>\n<p>Com uma prote\u00e7\u00e3o completa contra interfer\u00eancias EMI\/RFI e conectores banhados a ouro 24K, a transfer\u00eancia de sinal permanece imaculada.<\/p>\n<p>As suas especifica\u00e7\u00f5es:<\/p>\n<ul>\n<li>Caixa: Concha em ABS<\/li>\n<li>Chipset: ANX9833<\/li>\n<li>Revestimento: PVC<\/li>\n<li>Di\u00e2metro exterior: 4,8\u00b10,2 mm<\/li>\n<li>Conformidade: RoHS, REACH, CE, UL<\/li>\n<\/ul>\n<p>Al\u00e9m disso, este adaptador DisplayPort 1.2 para VGA garante a ades\u00e3o aos padr\u00f5es de refer\u00eancia do sector e oferece uma garantia de 2 anos para maior seguran\u00e7a. Em suma, contacte-nos hoje mesmo e invista nele.<\/p>","protected":false},"excerpt":{"rendered":"<p>Libere o potencial dos dispositivos com o adaptador DisplayPort 1.2 para VGA da FARSINCE, oferecendo visual n\u00edtido de 1080P a 60 Hz e garantia de 2 anos.<\/p>","protected":false},"featured_media":16364,"template":"","meta":{"_acf_changed":false,"_seopress_robots_primary_cat":"","_seopress_titles_title":"Best DisplayPort 1.2 to VGA Adapter - Farsince","_seopress_titles_desc":"","_seopress_robots_index":"","site-sidebar-layout":"default","site-content-layout":"default","ast-site-content-layout":"default","site-content-style":"default","site-sidebar-style":"default","ast-global-header-display":"","ast-banner-title-visibility":"","ast-main-header-display":"","ast-hfb-above-header-display":"","ast-hfb-below-header-display":"","ast-hfb-mobile-header-display":"","site-post-title":"","ast-breadcrumbs-content":"","ast-featured-img":"","footer-sml-layout":"","ast-disable-related-posts":"","theme-transparent-header-meta":"default","adv-header-id-meta":"","stick-header-meta":"","header-above-stick-meta":"","header-main-stick-meta":"","header-below-stick-meta":"","astra-migrate-meta-layouts":"set","ast-page-background-enabled":"default","ast-page-background-meta":{"desktop":{"background-color":"","background-image":"","background-repeat":"repeat","background-position":"center center","background-size":"auto","background-attachment":"scroll","background-type":"","background-media":"","overlay-type":"","overlay-color":"","overlay-opacity":"","overlay-gradient":""},"tablet":{"background-color":"","background-image":"","background-repeat":"repeat","background-position":"center center","background-size":"auto","background-attachment":"scroll","background-type":"","background-media":"","overlay-type":"","overlay-color":"","overlay-opacity":"","overlay-gradient":""},"mobile":{"background-color":"","background-image":"","background-repeat":"repeat","background-position":"center center","background-size":"auto","background-attachment":"scroll","background-type":"","background-media":"","overlay-type":"","overlay-color":"","overlay-opacity":"","overlay-gradient":""}},"ast-content-background-meta":{"desktop":{"background-color":"var(--ast-global-color-5)","background-image":"","background-repeat":"repeat","background-position":"center center","background-size":"auto","background-attachment":"scroll","background-type":"","background-media":"","overlay-type":"","overlay-color":"","overlay-opacity":"","overlay-gradient":""},"tablet":{"background-color":"var(--ast-global-color-5)","background-image":"","background-repeat":"repeat","background-position":"center center","background-size":"auto","background-attachment":"scroll","background-type":"","background-media":"","overlay-type":"","overlay-color":"","overlay-opacity":"","overlay-gradient":""},"mobile":{"background-color":"var(--ast-global-color-5)","background-image":"","background-repeat":"repeat","background-position":"center center","background-size":"auto","background-attachment":"scroll","background-type":"","background-media":"","overlay-type":"","overlay-color":"","overlay-opacity":"","overlay-gradient":""}},"iawp_total_views":4},"product_brand":[],"product_cat":[212],"product_tag":[],"class_list":{"0":"post-16354","1":"product","2":"type-product","3":"status-publish","4":"has-post-thumbnail","6":"product_cat-displayport","7":"desktop-align-left","8":"tablet-align-left","9":"mobile-align-left","11":"first","12":"instock","13":"shipping-taxable","14":"purchasable","15":"product-type-simple"},"acf":[],"_links":{"self":[{"href":"https:\/\/www.fjpremium.com\/pt\/wp-json\/wp\/v2\/product\/16354","targetHints":{"allow":["GET"]}}],"collection":[{"href":"https:\/\/www.fjpremium.com\/pt\/wp-json\/wp\/v2\/product"}],"about":[{"href":"https:\/\/www.fjpremium.com\/pt\/wp-json\/wp\/v2\/types\/product"}],"wp:featuredmedia":[{"embeddable":true,"href":"https:\/\/www.fjpremium.com\/pt\/wp-json\/wp\/v2\/media\/16364"}],"wp:attachment":[{"href":"https:\/\/www.fjpremium.com\/pt\/wp-json\/wp\/v2\/media?parent=16354"}],"wp:term":[{"taxonomy":"product_brand","embeddable":true,"href":"https:\/\/www.fjpremium.com\/pt\/wp-json\/wp\/v2\/product_brand?post=16354"},{"taxonomy":"product_cat","embeddable":true,"href":"https:\/\/www.fjpremium.com\/pt\/wp-json\/wp\/v2\/product_cat?post=16354"},{"taxonomy":"product_tag","embeddable":true,"href":"https:\/\/www.fjpremium.com\/pt\/wp-json\/wp\/v2\/product_tag?post=16354"}],"curies":[{"name":"wp","href":"https:\/\/api.w.org\/{rel}","templated":true}]}}