{"id":16353,"date":"2020-09-09T15:54:03","date_gmt":"2020-09-09T07:54:03","guid":{"rendered":"https:\/\/www.fjpremium.com\/?post_type=product&#038;p=16353"},"modified":"2023-10-07T17:30:44","modified_gmt":"2023-10-07T09:30:44","slug":"displayport-1-2-1-4-to-dvi-adapter-coupler-dp-to-dvi-converter-1080p","status":"publish","type":"product","link":"https:\/\/www.fjpremium.com\/pt\/product\/displayport-1-2-1-4-to-dvi-adapter-coupler-dp-to-dvi-converter-1080p\/","title":{"rendered":"Adaptador DisplayPort 1.2 1.4 para DVI Acoplador DP para DVI Conversor 1080p"},"content":{"rendered":"<p>Concebido para diversas aplica\u00e7\u00f5es, quer se trate de um sistema de cinema em casa ou de um ambiente de trabalho, este adaptador liga sem problemas dispositivos equipados com DisplayPort (incluindo DP, DP++ e DisplayPort++), como computadores port\u00e1teis e de secret\u00e1ria, a HDTVs, monitores, projectores ou qualquer equipamento compat\u00edvel com DVI.<\/p>\n<p>Oferecendo transmiss\u00f5es de \u00e1udio e v\u00eddeo, \u00e9 ideal para transmiss\u00e3o de v\u00eddeo envolvente ou sess\u00f5es de jogos envolventes. Al\u00e9m disso, espere apenas os visuais mais n\u00edtidos, uma vez que suporta resolu\u00e7\u00f5es que atingem 1080P (Full HD).<\/p>\n<p>A integridade do conversor DP para DVI \u00e9 mantida atrav\u00e9s de materiais de primeira qualidade, com imunidade acrescida contra perturba\u00e7\u00f5es EMI\/RFI gra\u00e7as aos seus condutores totalmente blindados.<\/p>\n<p>A excel\u00eancia do sinal \u00e9 ainda mais assegurada com os seus conectores banhados a ouro de 24K.<\/p>\n<p>As suas especifica\u00e7\u00f5es:<\/p>\n<ul>\n<li>Condutor do cabo: Cobre estanhado<\/li>\n<li>Caixa: Concha em ABS<\/li>\n<li>Chipset: PS8121E<\/li>\n<li>Revestimento: PVC<\/li>\n<li>Conformidade: RoHS, REACH<\/li>\n<\/ul>\n<p>E com o nosso compromisso de qualidade, resiste ao teste do tempo e \u00e0s refer\u00eancias da ind\u00fastria, refor\u00e7ado com uma garantia de 2 anos. Em resumo, contacte-nos hoje mesmo e encomende o nosso produto.<\/p>","protected":false},"excerpt":{"rendered":"<p>Experimente conectividade audiovisual incompar\u00e1vel com o conversor DP para DVI da Farsince, oferecendo visuais cristalinos de at\u00e9 1080P a 60 Hz e um retransmissor de \u00e1udio impec\u00e1vel.<\/p>","protected":false},"featured_media":16358,"template":"","meta":{"_acf_changed":false,"_seopress_robots_primary_cat":"","_seopress_titles_title":"DP to DVI Converter 1080p - Farsince","_seopress_titles_desc":"","_seopress_robots_index":"","site-sidebar-layout":"default","site-content-layout":"default","ast-site-content-layout":"default","site-content-style":"default","site-sidebar-style":"default","ast-global-header-display":"","ast-banner-title-visibility":"","ast-main-header-display":"","ast-hfb-above-header-display":"","ast-hfb-below-header-display":"","ast-hfb-mobile-header-display":"","site-post-title":"","ast-breadcrumbs-content":"","ast-featured-img":"","footer-sml-layout":"","ast-disable-related-posts":"","theme-transparent-header-meta":"default","adv-header-id-meta":"","stick-header-meta":"","header-above-stick-meta":"","header-main-stick-meta":"","header-below-stick-meta":"","astra-migrate-meta-layouts":"set","ast-page-background-enabled":"default","ast-page-background-meta":{"desktop":{"background-color":"","background-image":"","background-repeat":"repeat","background-position":"center center","background-size":"auto","background-attachment":"scroll","background-type":"","background-media":"","overlay-type":"","overlay-color":"","overlay-opacity":"","overlay-gradient":""},"tablet":{"background-color":"","background-image":"","background-repeat":"repeat","background-position":"center center","background-size":"auto","background-attachment":"scroll","background-type":"","background-media":"","overlay-type":"","overlay-color":"","overlay-opacity":"","overlay-gradient":""},"mobile":{"background-color":"","background-image":"","background-repeat":"repeat","background-position":"center center","background-size":"auto","background-attachment":"scroll","background-type":"","background-media":"","overlay-type":"","overlay-color":"","overlay-opacity":"","overlay-gradient":""}},"ast-content-background-meta":{"desktop":{"background-color":"var(--ast-global-color-5)","background-image":"","background-repeat":"repeat","background-position":"center center","background-size":"auto","background-attachment":"scroll","background-type":"","background-media":"","overlay-type":"","overlay-color":"","overlay-opacity":"","overlay-gradient":""},"tablet":{"background-color":"var(--ast-global-color-5)","background-image":"","background-repeat":"repeat","background-position":"center center","background-size":"auto","background-attachment":"scroll","background-type":"","background-media":"","overlay-type":"","overlay-color":"","overlay-opacity":"","overlay-gradient":""},"mobile":{"background-color":"var(--ast-global-color-5)","background-image":"","background-repeat":"repeat","background-position":"center center","background-size":"auto","background-attachment":"scroll","background-type":"","background-media":"","overlay-type":"","overlay-color":"","overlay-opacity":"","overlay-gradient":""}},"iawp_total_views":28},"product_brand":[],"product_cat":[212],"product_tag":[],"class_list":{"0":"post-16353","1":"product","2":"type-product","3":"status-publish","4":"has-post-thumbnail","6":"product_cat-displayport","7":"desktop-align-left","8":"tablet-align-left","9":"mobile-align-left","11":"first","12":"instock","13":"shipping-taxable","14":"purchasable","15":"product-type-simple"},"acf":[],"_links":{"self":[{"href":"https:\/\/www.fjpremium.com\/pt\/wp-json\/wp\/v2\/product\/16353","targetHints":{"allow":["GET"]}}],"collection":[{"href":"https:\/\/www.fjpremium.com\/pt\/wp-json\/wp\/v2\/product"}],"about":[{"href":"https:\/\/www.fjpremium.com\/pt\/wp-json\/wp\/v2\/types\/product"}],"wp:featuredmedia":[{"embeddable":true,"href":"https:\/\/www.fjpremium.com\/pt\/wp-json\/wp\/v2\/media\/16358"}],"wp:attachment":[{"href":"https:\/\/www.fjpremium.com\/pt\/wp-json\/wp\/v2\/media?parent=16353"}],"wp:term":[{"taxonomy":"product_brand","embeddable":true,"href":"https:\/\/www.fjpremium.com\/pt\/wp-json\/wp\/v2\/product_brand?post=16353"},{"taxonomy":"product_cat","embeddable":true,"href":"https:\/\/www.fjpremium.com\/pt\/wp-json\/wp\/v2\/product_cat?post=16353"},{"taxonomy":"product_tag","embeddable":true,"href":"https:\/\/www.fjpremium.com\/pt\/wp-json\/wp\/v2\/product_tag?post=16353"}],"curies":[{"name":"wp","href":"https:\/\/api.w.org\/{rel}","templated":true}]}}