{"id":16344,"date":"2020-09-09T15:51:17","date_gmt":"2020-09-09T07:51:17","guid":{"rendered":"https:\/\/www.fjpremium.com\/?post_type=product&#038;p=16344"},"modified":"2023-10-07T17:45:48","modified_gmt":"2023-10-07T09:45:48","slug":"displayport-to-4k-hdmi-2-0-female-adapter-coupler-hdmi-out-to-displayport-in-coupler-up-to-4k-60hz","status":"publish","type":"product","link":"https:\/\/www.fjpremium.com\/pt\/product\/displayport-to-4k-hdmi-2-0-female-adapter-coupler-hdmi-out-to-displayport-in-coupler-up-to-4k-60hz\/","title":{"rendered":"Adaptador DisplayPort para 4K HDMI Acoplador HDMI out to Displayport in Acoplador at\u00e9 4K 60hz"},"content":{"rendered":"<p>O adaptador faz a ponte, sem esfor\u00e7o, entre dispositivos equipados com DisplayPort (como DP, DP++ e DisplayPort++) e equipamento compat\u00edvel com HDMI, incluindo HDTVs, monitores, projectores e muito mais.<\/p>\n<p>Quer esteja a transmitir v\u00eddeos ou a jogar, assegura uma transfer\u00eancia suave dos sinais de \u00e1udio e v\u00eddeo do computador para o ecr\u00e3.<\/p>\n<p>Com suporte para resolu\u00e7\u00f5es Ultra HD at\u00e9 4K*2K (3840\u00d72160) e Full HD a 1080P (1920\u00d71080), os visuais s\u00e3o claros e n\u00edtidos.<\/p>\n<p>Constru\u00eddo com materiais de primeira qualidade, o nosso adaptador DisplayPort para 4K HDMI \u00e9 dur\u00e1vel e eficiente.<\/p>\n<p>Os seus condutores totalmente blindados resistem a interfer\u00eancias EMI\/RFI, enquanto os conectores banhados a ouro de 24K garantem uma \u00f3ptima qualidade de sinal.<\/p>\n<p>As suas especifica\u00e7\u00f5es:<\/p>\n<ul>\n<li>Blindagem tripla: par entran\u00e7ado de folha de alum\u00ednio, folha de alum\u00ednio geral, entran\u00e7ado<\/li>\n<li>Caixa: Concha em ABS<\/li>\n<li>Chipset: PS8121E<\/li>\n<li>Revestimento: PVC<\/li>\n<li>Conformidade: RoHS, REACH<\/li>\n<\/ul>\n<p>Al\u00e9m disso, cumprindo os padr\u00f5es da ind\u00fastria, \u00e9 apoiado por uma garantia de 2 anos da nossa parte. Em conclus\u00e3o, contacte-nos hoje mesmo e adicione este produto ao seu invent\u00e1rio.<\/p>","protected":false},"excerpt":{"rendered":"<p>Optimize as configura\u00e7\u00f5es visuais e de \u00e1udio com o acoplador adaptador DisplayPort para 4K HDMI da FARSINCE, equipado com blindagem contra interfer\u00eancias e uma garantia de 2 anos.<\/p>","protected":false},"featured_media":16345,"template":"","meta":{"_acf_changed":false,"_seopress_robots_primary_cat":"","_seopress_titles_title":"Best DisplayPort to 4K HDMI Adapter - Farsince","_seopress_titles_desc":"","_seopress_robots_index":"","site-sidebar-layout":"default","site-content-layout":"default","ast-site-content-layout":"default","site-content-style":"default","site-sidebar-style":"default","ast-global-header-display":"","ast-banner-title-visibility":"","ast-main-header-display":"","ast-hfb-above-header-display":"","ast-hfb-below-header-display":"","ast-hfb-mobile-header-display":"","site-post-title":"","ast-breadcrumbs-content":"","ast-featured-img":"","footer-sml-layout":"","ast-disable-related-posts":"","theme-transparent-header-meta":"default","adv-header-id-meta":"","stick-header-meta":"","header-above-stick-meta":"","header-main-stick-meta":"","header-below-stick-meta":"","astra-migrate-meta-layouts":"set","ast-page-background-enabled":"default","ast-page-background-meta":{"desktop":{"background-color":"","background-image":"","background-repeat":"repeat","background-position":"center center","background-size":"auto","background-attachment":"scroll","background-type":"","background-media":"","overlay-type":"","overlay-color":"","overlay-opacity":"","overlay-gradient":""},"tablet":{"background-color":"","background-image":"","background-repeat":"repeat","background-position":"center center","background-size":"auto","background-attachment":"scroll","background-type":"","background-media":"","overlay-type":"","overlay-color":"","overlay-opacity":"","overlay-gradient":""},"mobile":{"background-color":"","background-image":"","background-repeat":"repeat","background-position":"center center","background-size":"auto","background-attachment":"scroll","background-type":"","background-media":"","overlay-type":"","overlay-color":"","overlay-opacity":"","overlay-gradient":""}},"ast-content-background-meta":{"desktop":{"background-color":"var(--ast-global-color-5)","background-image":"","background-repeat":"repeat","background-position":"center center","background-size":"auto","background-attachment":"scroll","background-type":"","background-media":"","overlay-type":"","overlay-color":"","overlay-opacity":"","overlay-gradient":""},"tablet":{"background-color":"var(--ast-global-color-5)","background-image":"","background-repeat":"repeat","background-position":"center center","background-size":"auto","background-attachment":"scroll","background-type":"","background-media":"","overlay-type":"","overlay-color":"","overlay-opacity":"","overlay-gradient":""},"mobile":{"background-color":"var(--ast-global-color-5)","background-image":"","background-repeat":"repeat","background-position":"center center","background-size":"auto","background-attachment":"scroll","background-type":"","background-media":"","overlay-type":"","overlay-color":"","overlay-opacity":"","overlay-gradient":""}},"iawp_total_views":6},"product_brand":[],"product_cat":[212],"product_tag":[],"class_list":{"0":"post-16344","1":"product","2":"type-product","3":"status-publish","4":"has-post-thumbnail","6":"product_cat-displayport","7":"desktop-align-left","8":"tablet-align-left","9":"mobile-align-left","11":"first","12":"instock","13":"shipping-taxable","14":"purchasable","15":"product-type-simple"},"acf":[],"_links":{"self":[{"href":"https:\/\/www.fjpremium.com\/pt\/wp-json\/wp\/v2\/product\/16344","targetHints":{"allow":["GET"]}}],"collection":[{"href":"https:\/\/www.fjpremium.com\/pt\/wp-json\/wp\/v2\/product"}],"about":[{"href":"https:\/\/www.fjpremium.com\/pt\/wp-json\/wp\/v2\/types\/product"}],"wp:featuredmedia":[{"embeddable":true,"href":"https:\/\/www.fjpremium.com\/pt\/wp-json\/wp\/v2\/media\/16345"}],"wp:attachment":[{"href":"https:\/\/www.fjpremium.com\/pt\/wp-json\/wp\/v2\/media?parent=16344"}],"wp:term":[{"taxonomy":"product_brand","embeddable":true,"href":"https:\/\/www.fjpremium.com\/pt\/wp-json\/wp\/v2\/product_brand?post=16344"},{"taxonomy":"product_cat","embeddable":true,"href":"https:\/\/www.fjpremium.com\/pt\/wp-json\/wp\/v2\/product_cat?post=16344"},{"taxonomy":"product_tag","embeddable":true,"href":"https:\/\/www.fjpremium.com\/pt\/wp-json\/wp\/v2\/product_tag?post=16344"}],"curies":[{"name":"wp","href":"https:\/\/api.w.org\/{rel}","templated":true}]}}