{"id":16329,"date":"2020-09-09T15:41:20","date_gmt":"2020-09-09T07:41:20","guid":{"rendered":"https:\/\/www.fjpremium.com\/?post_type=product&#038;p=16329"},"modified":"2023-10-10T09:30:12","modified_gmt":"2023-10-10T01:30:12","slug":"displayport-dp-to-hdmi-to-vga-2-in-1-adapter-converter-4k-1080p","status":"publish","type":"product","link":"https:\/\/www.fjpremium.com\/pt\/product\/displayport-dp-to-hdmi-to-vga-2-in-1-adapter-converter-4k-1080p\/","title":{"rendered":"Adaptador 2 em 1 DisplayPort para HDMI VGA Conversor 4K 1080P"},"content":{"rendered":"<p>O nosso adaptador DisplayPort para HDMI VGA permite-lhe ligar dispositivos compat\u00edveis com DisplayPort, como computadores, computadores port\u00e1teis ou descodificadores, diretamente a HDTVs, monitores ou projectores com portas HDMI ou VGA.<\/p>\n<p>O HDMI pode produzir imagens at\u00e9 4K*2K@30Hz, e o VGA pode fornecer at\u00e9 1080P@60Hz. No entanto, lembre-se de que, embora tenha HDMI e VGA, s\u00f3 pode funcionar um de cada vez.<\/p>\n<p>Tamb\u00e9m suporta modos de visualiza\u00e7\u00e3o vers\u00e1teis, permitindo-lhe escolher entre os modos duplo espelho e estendido para uma experi\u00eancia de visualiza\u00e7\u00e3o personalizada.<\/p>\n<p>Este adaptador oferece uma funcionalidade de configura\u00e7\u00e3o est\u00e9reo. Se estiver a utilizar o Windows 10, pode gerir facilmente a sa\u00edda de \u00e1udio seleccionando o dispositivo adequado nas defini\u00e7\u00f5es de som.<\/p>\n<p>Possui conectores banhados a ouro e condutores de cobre estanhado, triplamente blindados com folha de alum\u00ednio de par entran\u00e7ado.<\/p>\n<p>A estrutura em ABS garante durabilidade e o revestimento em PVC acrescenta uma camada extra de prote\u00e7\u00e3o.<\/p>\n<p>As suas especifica\u00e7\u00f5es:<\/p>\n<ul>\n<li>Isolamento: Espuma de PE SKIN\/HDPE<\/li>\n<li>Bitola do fio: 32AWG<\/li>\n<li>Di\u00e2metro exterior: 4,8\u00b10,2 mm<\/li>\n<\/ul>\n<p>Al\u00e9m disso, est\u00e1 em conformidade com as normas RoHS e REACH, garantindo seguran\u00e7a e fiabilidade. Em geral, contacte-nos hoje e invista no adaptador.<\/p>","protected":false},"excerpt":{"rendered":"<p>Descubra o avan\u00e7ado adaptador 2 em 1 DisplayPort para HDMI VGA da FARSINCE, uma solu\u00e7\u00e3o plug-and-play sem complica\u00e7\u00f5es que actualiza a liga\u00e7\u00e3o digital sem esfor\u00e7o.<\/p>","protected":false},"featured_media":16331,"template":"","meta":{"_acf_changed":false,"_seopress_robots_primary_cat":"","_seopress_titles_title":"Best 2 in 1 DisplayPort to HDMI VGA Adapter %%sep%% %%sitetitle%%","_seopress_titles_desc":"","_seopress_robots_index":"","site-sidebar-layout":"default","site-content-layout":"default","ast-site-content-layout":"default","site-content-style":"default","site-sidebar-style":"default","ast-global-header-display":"","ast-banner-title-visibility":"","ast-main-header-display":"","ast-hfb-above-header-display":"","ast-hfb-below-header-display":"","ast-hfb-mobile-header-display":"","site-post-title":"","ast-breadcrumbs-content":"","ast-featured-img":"","footer-sml-layout":"","ast-disable-related-posts":"","theme-transparent-header-meta":"default","adv-header-id-meta":"","stick-header-meta":"","header-above-stick-meta":"","header-main-stick-meta":"","header-below-stick-meta":"","astra-migrate-meta-layouts":"set","ast-page-background-enabled":"default","ast-page-background-meta":{"desktop":{"background-color":"","background-image":"","background-repeat":"repeat","background-position":"center center","background-size":"auto","background-attachment":"scroll","background-type":"","background-media":"","overlay-type":"","overlay-color":"","overlay-opacity":"","overlay-gradient":""},"tablet":{"background-color":"","background-image":"","background-repeat":"repeat","background-position":"center center","background-size":"auto","background-attachment":"scroll","background-type":"","background-media":"","overlay-type":"","overlay-color":"","overlay-opacity":"","overlay-gradient":""},"mobile":{"background-color":"","background-image":"","background-repeat":"repeat","background-position":"center center","background-size":"auto","background-attachment":"scroll","background-type":"","background-media":"","overlay-type":"","overlay-color":"","overlay-opacity":"","overlay-gradient":""}},"ast-content-background-meta":{"desktop":{"background-color":"var(--ast-global-color-5)","background-image":"","background-repeat":"repeat","background-position":"center center","background-size":"auto","background-attachment":"scroll","background-type":"","background-media":"","overlay-type":"","overlay-color":"","overlay-opacity":"","overlay-gradient":""},"tablet":{"background-color":"var(--ast-global-color-5)","background-image":"","background-repeat":"repeat","background-position":"center center","background-size":"auto","background-attachment":"scroll","background-type":"","background-media":"","overlay-type":"","overlay-color":"","overlay-opacity":"","overlay-gradient":""},"mobile":{"background-color":"var(--ast-global-color-5)","background-image":"","background-repeat":"repeat","background-position":"center center","background-size":"auto","background-attachment":"scroll","background-type":"","background-media":"","overlay-type":"","overlay-color":"","overlay-opacity":"","overlay-gradient":""}},"iawp_total_views":61},"product_brand":[],"product_cat":[212],"product_tag":[],"class_list":{"0":"post-16329","1":"product","2":"type-product","3":"status-publish","4":"has-post-thumbnail","6":"product_cat-displayport","7":"desktop-align-left","8":"tablet-align-left","9":"mobile-align-left","11":"first","12":"instock","13":"shipping-taxable","14":"purchasable","15":"product-type-simple"},"acf":[],"_links":{"self":[{"href":"https:\/\/www.fjpremium.com\/pt\/wp-json\/wp\/v2\/product\/16329","targetHints":{"allow":["GET"]}}],"collection":[{"href":"https:\/\/www.fjpremium.com\/pt\/wp-json\/wp\/v2\/product"}],"about":[{"href":"https:\/\/www.fjpremium.com\/pt\/wp-json\/wp\/v2\/types\/product"}],"wp:featuredmedia":[{"embeddable":true,"href":"https:\/\/www.fjpremium.com\/pt\/wp-json\/wp\/v2\/media\/16331"}],"wp:attachment":[{"href":"https:\/\/www.fjpremium.com\/pt\/wp-json\/wp\/v2\/media?parent=16329"}],"wp:term":[{"taxonomy":"product_brand","embeddable":true,"href":"https:\/\/www.fjpremium.com\/pt\/wp-json\/wp\/v2\/product_brand?post=16329"},{"taxonomy":"product_cat","embeddable":true,"href":"https:\/\/www.fjpremium.com\/pt\/wp-json\/wp\/v2\/product_cat?post=16329"},{"taxonomy":"product_tag","embeddable":true,"href":"https:\/\/www.fjpremium.com\/pt\/wp-json\/wp\/v2\/product_tag?post=16329"}],"curies":[{"name":"wp","href":"https:\/\/api.w.org\/{rel}","templated":true}]}}