{"id":16320,"date":"2020-09-09T15:35:07","date_gmt":"2020-09-09T07:35:07","guid":{"rendered":"https:\/\/www.fjpremium.com\/?post_type=product&#038;p=16320"},"modified":"2023-10-10T09:32:51","modified_gmt":"2023-10-10T01:32:51","slug":"metal-mini-displayport-thunderbolt-2-mini-dp-to-hdmi-to-vga-2-in-1-adapter-converter-4k-1080p","status":"publish","type":"product","link":"https:\/\/www.fjpremium.com\/pt\/product\/metal-mini-displayport-thunderbolt-2-mini-dp-to-hdmi-to-vga-2-in-1-adapter-converter-4k-1080p\/","title":{"rendered":"Adaptador de metal mini DP para HDMI Adaptador DP para HDMI para VGA 2 em 1 Conversor 4K 1080P"},"content":{"rendered":"<p>O adaptador combina na perfei\u00e7\u00e3o as sa\u00eddas de v\u00eddeo de dispositivos equipados com mini DisplayPort, como Chromebooks e computadores port\u00e1teis, com ecr\u00e3s HDMI ou VGA.<\/p>\n<p>Disp\u00f5e de resolu\u00e7\u00f5es HDMI que atingem uns deslumbrantes 4K@30 (3840\u00d72160, Ultra HD) e VGA com uns n\u00edtidos 1080P (1920\u00d71080, Full HD).<\/p>\n<p>Constru\u00eddo em conformidade com as normas DisplayPort 1.2, o nosso adaptador mini DP para HDMI apresenta desempenho e promete durabilidade.<\/p>\n<p>Com blindagem tripla, a interfer\u00eancia EMI\/RFI \u00e9 um pensamento distante, enquanto os conectores banhados a ouro 24K garantem uma integridade de sinal impec\u00e1vel.<\/p>\n<p>As suas especifica\u00e7\u00f5es:<\/p>\n<ul>\n<li>Condutor do cabo: Cobre estanhado<\/li>\n<li>Isolamento: Espuma de PE SKIN\/HDPE<\/li>\n<li>Bitola do fio: 32AWG<\/li>\n<li>Caixa: Concha em ABS<\/li>\n<li>Chipset: PS8339+ANX9833<\/li>\n<li>Revestimento: PVC<\/li>\n<li>Di\u00e2metro exterior: 4,8\u00b10,2 mm<\/li>\n<li>Conformidade: RoHS, REACH, CE, UL<\/li>\n<\/ul>\n<p>Al\u00e9m disso, est\u00e1 coberto pela garantia de 2 anos da FARSINCE. Tenha em aten\u00e7\u00e3o que \u00e9 unidirecional, convertendo apenas de mini DisplayPort para HDMI ou VGA. Por isso, contacte-nos hoje mesmo e encomende este produto.<\/p>","protected":false},"excerpt":{"rendered":"<p>Descubra uma liga\u00e7\u00e3o sem paralelo com o adaptador mini DP para HDMI da FARSINCE, com imagens 4K 1080P, precis\u00e3o banhada a ouro e qualidade inabal\u00e1vel.<\/p>","protected":false},"featured_media":16321,"template":"","meta":{"_acf_changed":false,"_seopress_robots_primary_cat":"","_seopress_titles_title":"Metal Mini DP to HDMI Adapter %%sep%% %%sitetitle%%","_seopress_titles_desc":"","_seopress_robots_index":"","site-sidebar-layout":"default","site-content-layout":"default","ast-site-content-layout":"default","site-content-style":"default","site-sidebar-style":"default","ast-global-header-display":"","ast-banner-title-visibility":"","ast-main-header-display":"","ast-hfb-above-header-display":"","ast-hfb-below-header-display":"","ast-hfb-mobile-header-display":"","site-post-title":"","ast-breadcrumbs-content":"","ast-featured-img":"","footer-sml-layout":"","ast-disable-related-posts":"","theme-transparent-header-meta":"default","adv-header-id-meta":"","stick-header-meta":"","header-above-stick-meta":"","header-main-stick-meta":"","header-below-stick-meta":"","astra-migrate-meta-layouts":"set","ast-page-background-enabled":"default","ast-page-background-meta":{"desktop":{"background-color":"","background-image":"","background-repeat":"repeat","background-position":"center center","background-size":"auto","background-attachment":"scroll","background-type":"","background-media":"","overlay-type":"","overlay-color":"","overlay-opacity":"","overlay-gradient":""},"tablet":{"background-color":"","background-image":"","background-repeat":"repeat","background-position":"center center","background-size":"auto","background-attachment":"scroll","background-type":"","background-media":"","overlay-type":"","overlay-color":"","overlay-opacity":"","overlay-gradient":""},"mobile":{"background-color":"","background-image":"","background-repeat":"repeat","background-position":"center center","background-size":"auto","background-attachment":"scroll","background-type":"","background-media":"","overlay-type":"","overlay-color":"","overlay-opacity":"","overlay-gradient":""}},"ast-content-background-meta":{"desktop":{"background-color":"var(--ast-global-color-5)","background-image":"","background-repeat":"repeat","background-position":"center center","background-size":"auto","background-attachment":"scroll","background-type":"","background-media":"","overlay-type":"","overlay-color":"","overlay-opacity":"","overlay-gradient":""},"tablet":{"background-color":"var(--ast-global-color-5)","background-image":"","background-repeat":"repeat","background-position":"center center","background-size":"auto","background-attachment":"scroll","background-type":"","background-media":"","overlay-type":"","overlay-color":"","overlay-opacity":"","overlay-gradient":""},"mobile":{"background-color":"var(--ast-global-color-5)","background-image":"","background-repeat":"repeat","background-position":"center center","background-size":"auto","background-attachment":"scroll","background-type":"","background-media":"","overlay-type":"","overlay-color":"","overlay-opacity":"","overlay-gradient":""}},"iawp_total_views":5},"product_brand":[],"product_cat":[212],"product_tag":[],"class_list":{"0":"post-16320","1":"product","2":"type-product","3":"status-publish","4":"has-post-thumbnail","6":"product_cat-displayport","7":"desktop-align-left","8":"tablet-align-left","9":"mobile-align-left","11":"first","12":"instock","13":"shipping-taxable","14":"purchasable","15":"product-type-simple"},"acf":[],"_links":{"self":[{"href":"https:\/\/www.fjpremium.com\/pt\/wp-json\/wp\/v2\/product\/16320","targetHints":{"allow":["GET"]}}],"collection":[{"href":"https:\/\/www.fjpremium.com\/pt\/wp-json\/wp\/v2\/product"}],"about":[{"href":"https:\/\/www.fjpremium.com\/pt\/wp-json\/wp\/v2\/types\/product"}],"wp:featuredmedia":[{"embeddable":true,"href":"https:\/\/www.fjpremium.com\/pt\/wp-json\/wp\/v2\/media\/16321"}],"wp:attachment":[{"href":"https:\/\/www.fjpremium.com\/pt\/wp-json\/wp\/v2\/media?parent=16320"}],"wp:term":[{"taxonomy":"product_brand","embeddable":true,"href":"https:\/\/www.fjpremium.com\/pt\/wp-json\/wp\/v2\/product_brand?post=16320"},{"taxonomy":"product_cat","embeddable":true,"href":"https:\/\/www.fjpremium.com\/pt\/wp-json\/wp\/v2\/product_cat?post=16320"},{"taxonomy":"product_tag","embeddable":true,"href":"https:\/\/www.fjpremium.com\/pt\/wp-json\/wp\/v2\/product_tag?post=16320"}],"curies":[{"name":"wp","href":"https:\/\/api.w.org\/{rel}","templated":true}]}}