{"id":16305,"date":"2020-09-09T15:24:36","date_gmt":"2020-09-09T07:24:36","guid":{"rendered":"https:\/\/www.fjpremium.com\/?post_type=product&#038;p=16305"},"modified":"2023-10-10T09:44:37","modified_gmt":"2023-10-10T01:44:37","slug":"displayport-dp-1-4-8k-cable-for-144hz-monitor-support-8k60hz-4k120hz","status":"publish","type":"product","link":"https:\/\/www.fjpremium.com\/pt\/product\/displayport-dp-1-4-8k-cable-for-144hz-monitor-support-8k60hz-4k120hz\/","title":{"rendered":"Cabo DisplayPort DP 8K para monitor de 144hz Suporte 8K@60hz, 4K@120hz"},"content":{"rendered":"<p>O nosso cabo foi concebido para ultrapassar os limites, permitindo resolu\u00e7\u00f5es de v\u00eddeo impressionantes at\u00e9 8K (7680\u00d74320).<\/p>\n<p>N\u00e3o apenas 8K, mas acomoda perfeitamente 5K (5120\u00d72880 @ 60Hz), 4K Ultra HD (3840\u00d72160 @ 60Hz) e 1080P (Full HD), garantindo experi\u00eancias visuais sem paralelo.<\/p>\n<p>Para al\u00e9m dos efeitos visuais, pode mergulhar num \u00e1udio cativante, que passa sem esfor\u00e7o por canais digitais n\u00e3o comprimidos, sejam eles 7.1, 5.1 ou um simples 2.<\/p>\n<p>Refor\u00e7ado com funcionalidades avan\u00e7adas como a elevada largura de banda HBR3, a compress\u00e3o de fluxo de imagem DSC 1.2 e a corre\u00e7\u00e3o de erros de encaminhamento FEC, este cabo DP 8K oferece uma rica largura de banda de 32,4 Gbps e 32 canais de \u00e1udio para uma experi\u00eancia multim\u00e9dia superior.<\/p>\n<p>As suas especifica\u00e7\u00f5es:<\/p>\n<ul>\n<li>Contacto banhado a ouro; concha banhada a ouro<\/li>\n<li>Condutor do cabo: Cobre estanhado<\/li>\n<li>Isolamento: Espuma de PE SKIN\/HDPE<\/li>\n<li>Bitola do fio: 30AWG(1-3M), 28AWG(5M)<\/li>\n<li>Blindagem tripla: par entran\u00e7ado de folha de alum\u00ednio, folha de alum\u00ednio geral, entran\u00e7ado,<\/li>\n<li>Revestimento: PVC<\/li>\n<\/ul>\n<p>Al\u00e9m disso, concebido em conformidade com as normas RoHS e REACH e compat\u00edvel com as vers\u00f5es anteriores do DisplayPort 1.2, \u00e9 uma mistura de inova\u00e7\u00e3o e compatibilidade. Por conseguinte, contacte-nos hoje mesmo e adicione-o ao seu invent\u00e1rio.<\/p>","protected":false},"excerpt":{"rendered":"<p>Entre no futuro da tecnologia de exibi\u00e7\u00e3o com o inovador cabo DP 8K da Farsince, que oferece \u00e1udio envolvente e conectividade perfeita.<\/p>","protected":false},"featured_media":16306,"template":"","meta":{"_acf_changed":false,"_seopress_robots_primary_cat":"","_seopress_titles_title":"Best DisplayPort DP 8K Cable for 144hz Monitor %%sep%% %%sitetitle%%","_seopress_titles_desc":"","_seopress_robots_index":"","site-sidebar-layout":"default","site-content-layout":"default","ast-site-content-layout":"default","site-content-style":"default","site-sidebar-style":"default","ast-global-header-display":"","ast-banner-title-visibility":"","ast-main-header-display":"","ast-hfb-above-header-display":"","ast-hfb-below-header-display":"","ast-hfb-mobile-header-display":"","site-post-title":"","ast-breadcrumbs-content":"","ast-featured-img":"","footer-sml-layout":"","ast-disable-related-posts":"","theme-transparent-header-meta":"default","adv-header-id-meta":"","stick-header-meta":"","header-above-stick-meta":"","header-main-stick-meta":"","header-below-stick-meta":"","astra-migrate-meta-layouts":"set","ast-page-background-enabled":"default","ast-page-background-meta":{"desktop":{"background-color":"","background-image":"","background-repeat":"repeat","background-position":"center center","background-size":"auto","background-attachment":"scroll","background-type":"","background-media":"","overlay-type":"","overlay-color":"","overlay-opacity":"","overlay-gradient":""},"tablet":{"background-color":"","background-image":"","background-repeat":"repeat","background-position":"center center","background-size":"auto","background-attachment":"scroll","background-type":"","background-media":"","overlay-type":"","overlay-color":"","overlay-opacity":"","overlay-gradient":""},"mobile":{"background-color":"","background-image":"","background-repeat":"repeat","background-position":"center center","background-size":"auto","background-attachment":"scroll","background-type":"","background-media":"","overlay-type":"","overlay-color":"","overlay-opacity":"","overlay-gradient":""}},"ast-content-background-meta":{"desktop":{"background-color":"var(--ast-global-color-5)","background-image":"","background-repeat":"repeat","background-position":"center center","background-size":"auto","background-attachment":"scroll","background-type":"","background-media":"","overlay-type":"","overlay-color":"","overlay-opacity":"","overlay-gradient":""},"tablet":{"background-color":"var(--ast-global-color-5)","background-image":"","background-repeat":"repeat","background-position":"center center","background-size":"auto","background-attachment":"scroll","background-type":"","background-media":"","overlay-type":"","overlay-color":"","overlay-opacity":"","overlay-gradient":""},"mobile":{"background-color":"var(--ast-global-color-5)","background-image":"","background-repeat":"repeat","background-position":"center center","background-size":"auto","background-attachment":"scroll","background-type":"","background-media":"","overlay-type":"","overlay-color":"","overlay-opacity":"","overlay-gradient":""}},"iawp_total_views":11},"product_brand":[],"product_cat":[212],"product_tag":[],"class_list":{"0":"post-16305","1":"product","2":"type-product","3":"status-publish","4":"has-post-thumbnail","6":"product_cat-displayport","7":"desktop-align-left","8":"tablet-align-left","9":"mobile-align-left","11":"first","12":"instock","13":"shipping-taxable","14":"purchasable","15":"product-type-simple"},"acf":[],"_links":{"self":[{"href":"https:\/\/www.fjpremium.com\/pt\/wp-json\/wp\/v2\/product\/16305","targetHints":{"allow":["GET"]}}],"collection":[{"href":"https:\/\/www.fjpremium.com\/pt\/wp-json\/wp\/v2\/product"}],"about":[{"href":"https:\/\/www.fjpremium.com\/pt\/wp-json\/wp\/v2\/types\/product"}],"wp:featuredmedia":[{"embeddable":true,"href":"https:\/\/www.fjpremium.com\/pt\/wp-json\/wp\/v2\/media\/16306"}],"wp:attachment":[{"href":"https:\/\/www.fjpremium.com\/pt\/wp-json\/wp\/v2\/media?parent=16305"}],"wp:term":[{"taxonomy":"product_brand","embeddable":true,"href":"https:\/\/www.fjpremium.com\/pt\/wp-json\/wp\/v2\/product_brand?post=16305"},{"taxonomy":"product_cat","embeddable":true,"href":"https:\/\/www.fjpremium.com\/pt\/wp-json\/wp\/v2\/product_cat?post=16305"},{"taxonomy":"product_tag","embeddable":true,"href":"https:\/\/www.fjpremium.com\/pt\/wp-json\/wp\/v2\/product_tag?post=16305"}],"curies":[{"name":"wp","href":"https:\/\/api.w.org\/{rel}","templated":true}]}}