{"id":16296,"date":"2020-09-09T15:20:37","date_gmt":"2020-09-09T07:20:37","guid":{"rendered":"https:\/\/www.fjpremium.com\/?post_type=product&#038;p=16296"},"modified":"2023-10-10T09:48:45","modified_gmt":"2023-10-10T01:48:45","slug":"wholesale-displayport-male-to-displayport-female-dp-m-f-extension-cable","status":"publish","type":"product","link":"https:\/\/www.fjpremium.com\/pt\/product\/wholesale-displayport-male-to-displayport-female-dp-m-f-extension-cable\/","title":{"rendered":"Cabo Displayport macho para DisplayPort f\u00eamea DP M F por atacado"},"content":{"rendered":"<p>Este cabo \u00e9 a derradeira ponte entre o seu televisor Ultra 4K, HDTV, monitor, projetor e qualquer dispositivo de origem DisplayPort.<\/p>\n<p>Visualiza\u00e7\u00f5es mais n\u00edtidas e vibrantes com resolu\u00e7\u00f5es que atingem at\u00e9 4K (3840\u00d72160, Ultra HD) e 1080P (Full HD).<\/p>\n<p>Al\u00e9m disso, poder\u00e1 desfrutar de uma passagem de \u00e1udio sem falhas que abrange canais digitais n\u00e3o comprimidos, quer seja um 7.1 din\u00e2mico, um 5.1 rico ou um 2 n\u00edtido.<\/p>\n<p>Fabricado meticulosamente, o cabo DP M F cumpre rigorosamente as normas DisplayPort 1.2. Os conectores banhados a ouro asseguram um sinal ininterrupto, enquanto os condutores totalmente blindados garantem imunidade a interfer\u00eancias EMI\/RFI.<\/p>\n<p>O design do fecho do conetor DisplayPort garante a sua fixa\u00e7\u00e3o, minimizando os riscos de desconex\u00e3o.<\/p>\n<p>As suas especifica\u00e7\u00f5es:<\/p>\n<ul>\n<li>Condutor do cabo: Cobre nu<\/li>\n<li>Isolamento: Espuma de PE SKIN\/HDPE<\/li>\n<li>Bitola do fio: 30AWG(1-5M)<\/li>\n<li>Revestimento: PVC<\/li>\n<li>Conformidade: RoHS, REACH<\/li>\n<\/ul>\n<p>Testado de acordo com os padr\u00f5es de refer\u00eancia da ind\u00fastria e refor\u00e7ado com a nossa garantia de 2 anos, tamb\u00e9m redefine a fiabilidade e o desempenho. Por isso, contacte-nos hoje mesmo e invista no nosso produto.<\/p>","protected":false},"excerpt":{"rendered":"<p>Eleve a configura\u00e7\u00e3o tecnol\u00f3gica com o cabo DP MF da FARSINCE, com clareza 4K, \u00e1udio envolvente e uma conex\u00e3o segura, ideal para espa\u00e7os multim\u00eddia modernos.<\/p>","protected":false},"featured_media":16297,"template":"","meta":{"_acf_changed":false,"_seopress_robots_primary_cat":"","_seopress_titles_title":"Displayport Male to DisplayPort Female DP M F Cable %%sep%% %%sitetitle%%","_seopress_titles_desc":"","_seopress_robots_index":"","site-sidebar-layout":"default","site-content-layout":"default","ast-site-content-layout":"default","site-content-style":"default","site-sidebar-style":"default","ast-global-header-display":"","ast-banner-title-visibility":"","ast-main-header-display":"","ast-hfb-above-header-display":"","ast-hfb-below-header-display":"","ast-hfb-mobile-header-display":"","site-post-title":"","ast-breadcrumbs-content":"","ast-featured-img":"","footer-sml-layout":"","ast-disable-related-posts":"","theme-transparent-header-meta":"default","adv-header-id-meta":"","stick-header-meta":"","header-above-stick-meta":"","header-main-stick-meta":"","header-below-stick-meta":"","astra-migrate-meta-layouts":"set","ast-page-background-enabled":"default","ast-page-background-meta":{"desktop":{"background-color":"","background-image":"","background-repeat":"repeat","background-position":"center center","background-size":"auto","background-attachment":"scroll","background-type":"","background-media":"","overlay-type":"","overlay-color":"","overlay-opacity":"","overlay-gradient":""},"tablet":{"background-color":"","background-image":"","background-repeat":"repeat","background-position":"center center","background-size":"auto","background-attachment":"scroll","background-type":"","background-media":"","overlay-type":"","overlay-color":"","overlay-opacity":"","overlay-gradient":""},"mobile":{"background-color":"","background-image":"","background-repeat":"repeat","background-position":"center center","background-size":"auto","background-attachment":"scroll","background-type":"","background-media":"","overlay-type":"","overlay-color":"","overlay-opacity":"","overlay-gradient":""}},"ast-content-background-meta":{"desktop":{"background-color":"var(--ast-global-color-5)","background-image":"","background-repeat":"repeat","background-position":"center center","background-size":"auto","background-attachment":"scroll","background-type":"","background-media":"","overlay-type":"","overlay-color":"","overlay-opacity":"","overlay-gradient":""},"tablet":{"background-color":"var(--ast-global-color-5)","background-image":"","background-repeat":"repeat","background-position":"center center","background-size":"auto","background-attachment":"scroll","background-type":"","background-media":"","overlay-type":"","overlay-color":"","overlay-opacity":"","overlay-gradient":""},"mobile":{"background-color":"var(--ast-global-color-5)","background-image":"","background-repeat":"repeat","background-position":"center center","background-size":"auto","background-attachment":"scroll","background-type":"","background-media":"","overlay-type":"","overlay-color":"","overlay-opacity":"","overlay-gradient":""}},"iawp_total_views":11},"product_brand":[],"product_cat":[212],"product_tag":[],"class_list":{"0":"post-16296","1":"product","2":"type-product","3":"status-publish","4":"has-post-thumbnail","6":"product_cat-displayport","7":"desktop-align-left","8":"tablet-align-left","9":"mobile-align-left","11":"first","12":"instock","13":"shipping-taxable","14":"purchasable","15":"product-type-simple"},"acf":[],"_links":{"self":[{"href":"https:\/\/www.fjpremium.com\/pt\/wp-json\/wp\/v2\/product\/16296","targetHints":{"allow":["GET"]}}],"collection":[{"href":"https:\/\/www.fjpremium.com\/pt\/wp-json\/wp\/v2\/product"}],"about":[{"href":"https:\/\/www.fjpremium.com\/pt\/wp-json\/wp\/v2\/types\/product"}],"wp:featuredmedia":[{"embeddable":true,"href":"https:\/\/www.fjpremium.com\/pt\/wp-json\/wp\/v2\/media\/16297"}],"wp:attachment":[{"href":"https:\/\/www.fjpremium.com\/pt\/wp-json\/wp\/v2\/media?parent=16296"}],"wp:term":[{"taxonomy":"product_brand","embeddable":true,"href":"https:\/\/www.fjpremium.com\/pt\/wp-json\/wp\/v2\/product_brand?post=16296"},{"taxonomy":"product_cat","embeddable":true,"href":"https:\/\/www.fjpremium.com\/pt\/wp-json\/wp\/v2\/product_cat?post=16296"},{"taxonomy":"product_tag","embeddable":true,"href":"https:\/\/www.fjpremium.com\/pt\/wp-json\/wp\/v2\/product_tag?post=16296"}],"curies":[{"name":"wp","href":"https:\/\/api.w.org\/{rel}","templated":true}]}}