{"id":16286,"date":"2020-09-09T13:32:42","date_gmt":"2020-09-09T05:32:42","guid":{"rendered":"https:\/\/www.fjpremium.com\/?post_type=product&#038;p=16286"},"modified":"2023-10-07T14:19:36","modified_gmt":"2023-10-07T06:19:36","slug":"right-left-up-down-angled-displayport-to-displayport-cable","status":"publish","type":"product","link":"https:\/\/www.fjpremium.com\/pt\/product\/right-left-up-down-angled-displayport-to-displayport-cable\/","title":{"rendered":"Adaptador angular DisplayPort para DisplayPort com \u00e2ngulo direito, esquerdo, para cima e para baixo"},"content":{"rendered":"<p>O nosso cabo de conce\u00e7\u00e3o exclusiva est\u00e1 dispon\u00edvel em quatro op\u00e7\u00f5es de dire\u00e7\u00e3o, esquerda, direita, para cima e para baixo, dando-lhe a liberdade de ligar dispositivos da forma mais adequada.<\/p>\n<p>Idealmente criado para a liga\u00e7\u00e3o de dispositivos DVD ou Blu-ray a televisores ou monitores a PCs ou computadores port\u00e1teis, o conetor angular de 90 graus oferece um acesso c\u00f3modo \u00e0 porta e alivia a tens\u00e3o no ponto de liga\u00e7\u00e3o.<\/p>\n<p>Al\u00e9m disso, isto reduz eficazmente os potenciais danos no cabo e nas portas DisplayPort.<\/p>\n<p>Com suporte para resolu\u00e7\u00f5es 4K Ultra HD (desde que os seus dispositivos sejam compat\u00edveis), este adaptador angular DisplayPort garante uma reprodu\u00e7\u00e3o de \u00e1udio e v\u00eddeo de qualidade superior, ao mesmo tempo que transporta sinais digitais sem problemas.<\/p>\n<p>As suas especifica\u00e7\u00f5es:<\/p>\n<ul>\n<li>Contacto banhado a ouro, concha banhada a ouro<\/li>\n<li>Condutor do cabo: Cobre nu<\/li>\n<li>Isolamento: Espuma de PE SKIN\/HDPE<\/li>\n<li>Bitola do fio: 30AWG(1-5M), 28AWG(5-10M)<\/li>\n<li>Blindagem tripla: par entran\u00e7ado de folha de alum\u00ednio, folha de alum\u00ednio geral, entran\u00e7ado<\/li>\n<li>Revestimento: PVC<\/li>\n<\/ul>\n<p>E constru\u00eddo de acordo com as normas DisplayPort 1.2, \u00e9 compat\u00edvel com RoHS e REACH, demonstrando um compromisso com a responsabilidade ambiental. Por conseguinte, contacte-nos hoje mesmo e invista nele.<\/p>","protected":false},"excerpt":{"rendered":"<p>Maximize a liga\u00e7\u00e3o DisplayPort com o vers\u00e1til adaptador angular DisplayPort da FARSINCE, que suporta 4K Ultra HD e transfer\u00eancia r\u00e1pida de dados.<\/p>","protected":false},"featured_media":16288,"template":"","meta":{"_acf_changed":false,"_seopress_robots_primary_cat":"","_seopress_titles_title":"Best DisplayPort to DisplayPort Angle Adapter - Farsince","_seopress_titles_desc":"","_seopress_robots_index":"","site-sidebar-layout":"default","site-content-layout":"default","ast-site-content-layout":"default","site-content-style":"default","site-sidebar-style":"default","ast-global-header-display":"","ast-banner-title-visibility":"","ast-main-header-display":"","ast-hfb-above-header-display":"","ast-hfb-below-header-display":"","ast-hfb-mobile-header-display":"","site-post-title":"","ast-breadcrumbs-content":"","ast-featured-img":"","footer-sml-layout":"","ast-disable-related-posts":"","theme-transparent-header-meta":"default","adv-header-id-meta":"","stick-header-meta":"","header-above-stick-meta":"","header-main-stick-meta":"","header-below-stick-meta":"","astra-migrate-meta-layouts":"set","ast-page-background-enabled":"default","ast-page-background-meta":{"desktop":{"background-color":"","background-image":"","background-repeat":"repeat","background-position":"center center","background-size":"auto","background-attachment":"scroll","background-type":"","background-media":"","overlay-type":"","overlay-color":"","overlay-opacity":"","overlay-gradient":""},"tablet":{"background-color":"","background-image":"","background-repeat":"repeat","background-position":"center center","background-size":"auto","background-attachment":"scroll","background-type":"","background-media":"","overlay-type":"","overlay-color":"","overlay-opacity":"","overlay-gradient":""},"mobile":{"background-color":"","background-image":"","background-repeat":"repeat","background-position":"center center","background-size":"auto","background-attachment":"scroll","background-type":"","background-media":"","overlay-type":"","overlay-color":"","overlay-opacity":"","overlay-gradient":""}},"ast-content-background-meta":{"desktop":{"background-color":"var(--ast-global-color-5)","background-image":"","background-repeat":"repeat","background-position":"center center","background-size":"auto","background-attachment":"scroll","background-type":"","background-media":"","overlay-type":"","overlay-color":"","overlay-opacity":"","overlay-gradient":""},"tablet":{"background-color":"var(--ast-global-color-5)","background-image":"","background-repeat":"repeat","background-position":"center center","background-size":"auto","background-attachment":"scroll","background-type":"","background-media":"","overlay-type":"","overlay-color":"","overlay-opacity":"","overlay-gradient":""},"mobile":{"background-color":"var(--ast-global-color-5)","background-image":"","background-repeat":"repeat","background-position":"center center","background-size":"auto","background-attachment":"scroll","background-type":"","background-media":"","overlay-type":"","overlay-color":"","overlay-opacity":"","overlay-gradient":""}},"iawp_total_views":28},"product_brand":[],"product_cat":[212],"product_tag":[],"class_list":{"0":"post-16286","1":"product","2":"type-product","3":"status-publish","4":"has-post-thumbnail","6":"product_cat-displayport","7":"desktop-align-left","8":"tablet-align-left","9":"mobile-align-left","11":"first","12":"instock","13":"shipping-taxable","14":"purchasable","15":"product-type-simple"},"acf":[],"_links":{"self":[{"href":"https:\/\/www.fjpremium.com\/pt\/wp-json\/wp\/v2\/product\/16286","targetHints":{"allow":["GET"]}}],"collection":[{"href":"https:\/\/www.fjpremium.com\/pt\/wp-json\/wp\/v2\/product"}],"about":[{"href":"https:\/\/www.fjpremium.com\/pt\/wp-json\/wp\/v2\/types\/product"}],"wp:featuredmedia":[{"embeddable":true,"href":"https:\/\/www.fjpremium.com\/pt\/wp-json\/wp\/v2\/media\/16288"}],"wp:attachment":[{"href":"https:\/\/www.fjpremium.com\/pt\/wp-json\/wp\/v2\/media?parent=16286"}],"wp:term":[{"taxonomy":"product_brand","embeddable":true,"href":"https:\/\/www.fjpremium.com\/pt\/wp-json\/wp\/v2\/product_brand?post=16286"},{"taxonomy":"product_cat","embeddable":true,"href":"https:\/\/www.fjpremium.com\/pt\/wp-json\/wp\/v2\/product_cat?post=16286"},{"taxonomy":"product_tag","embeddable":true,"href":"https:\/\/www.fjpremium.com\/pt\/wp-json\/wp\/v2\/product_tag?post=16286"}],"curies":[{"name":"wp","href":"https:\/\/api.w.org\/{rel}","templated":true}]}}