{"id":16277,"date":"2020-09-09T13:27:08","date_gmt":"2020-09-09T05:27:08","guid":{"rendered":"https:\/\/www.fjpremium.com\/?post_type=product&#038;p=16277"},"modified":"2023-10-10T09:49:50","modified_gmt":"2023-10-10T01:49:50","slug":"high-quality-lfh59-dms-59-to-dual-dvi-vga-female-y-splitter-graphics-card-monitor-cable","status":"publish","type":"product","link":"https:\/\/www.fjpremium.com\/pt\/product\/high-quality-lfh59-dms-59-to-dual-dvi-vga-female-y-splitter-graphics-card-monitor-cable\/","title":{"rendered":"Cabo divisor DMS 59 para VGA duplo de alta qualidade para monitor"},"content":{"rendered":"<p>Especialmente concebido para dar vida a cada pixel, o cabo divide sem esfor\u00e7o o v\u00eddeo da sua placa gr\u00e1fica LFH, permitindo uma liga\u00e7\u00e3o perfeita a dois monitores DisplayPort.<\/p>\n<p>Suponha que est\u00e1 a utilizar uma placa gr\u00e1fica DMS \/ LFH 59 ou DMS \/ LFH 60 de marcas de renome como Matrox, NVIDIA, PNY, ATI ou HP. Nesse caso, assegura a compatibilidade enquanto fornece resolu\u00e7\u00f5es elevadas que atingem as alturas deslumbrantes de 4k x 2k (3840 x 2160).<\/p>\n<p>E com a sua constru\u00e7\u00e3o moldada robusta e contactos banhados a ouro, foi concebido para durabilidade, garantindo uma utiliza\u00e7\u00e3o a longo prazo sem degrada\u00e7\u00e3o do sinal.<\/p>\n<p>As suas especifica\u00e7\u00f5es:<\/p>\n<ul>\n<li>Condutor do cabo: Cobre nu<\/li>\n<li>Isolamento: Espuma de PE SKIN\/HDPE<\/li>\n<li>Bitola do fio: 28AWG<\/li>\n<li>Blindagem tripla: par entran\u00e7ado de folha de alum\u00ednio, folha de alum\u00ednio geral, entran\u00e7ado<\/li>\n<li>Carca\u00e7a: Moldagem por inje\u00e7\u00e3o de pl\u00e1stico<\/li>\n<li>Revestimento: PVC<\/li>\n<li>Di\u00e2metro exterior: 7,3\u00b10,2 mm<\/li>\n<li>Conformidade: RoHS, REACH<\/li>\n<\/ul>\n<p>Al\u00e9m disso, n\u00e3o se limita apenas ao DisplayPort. Oferecemos um espetro de possibilidades de liga\u00e7\u00e3o, incluindo cabos divisores DMS59 para HDMI duplo, DVI duplo, VGA duplo e DVI+VGA.<\/p>\n<p>Em suma, contacte-nos hoje e adicione o nosso cabo divisor DMS 59 para VGA duplo ao seu invent\u00e1rio.<\/p>","protected":false},"excerpt":{"rendered":"<p>Mergulhe num mundo de impressionante clareza visual e versatilidade com o cabo divisor DMS 59 para VGA duplo de alta qualidade da FARSINCE, a ponte perfeita para placas gr\u00e1ficas e monitores.<\/p>","protected":false},"featured_media":16278,"template":"","meta":{"_acf_changed":false,"_seopress_robots_primary_cat":"","_seopress_titles_title":"DMS 59 to Dual VGA Splitter Cable for Monitor %%sep%% %%sitetitle%%","_seopress_titles_desc":"Dive into a world of stunning visual clarity and versatility with our DMS 59 to dual VGA splitter cable, the perfect bridge for graphics cards and monitors.","_seopress_robots_index":"","site-sidebar-layout":"default","site-content-layout":"default","ast-site-content-layout":"default","site-content-style":"default","site-sidebar-style":"default","ast-global-header-display":"","ast-banner-title-visibility":"","ast-main-header-display":"","ast-hfb-above-header-display":"","ast-hfb-below-header-display":"","ast-hfb-mobile-header-display":"","site-post-title":"","ast-breadcrumbs-content":"","ast-featured-img":"","footer-sml-layout":"","ast-disable-related-posts":"","theme-transparent-header-meta":"default","adv-header-id-meta":"","stick-header-meta":"","header-above-stick-meta":"","header-main-stick-meta":"","header-below-stick-meta":"","astra-migrate-meta-layouts":"set","ast-page-background-enabled":"default","ast-page-background-meta":{"desktop":{"background-color":"","background-image":"","background-repeat":"repeat","background-position":"center center","background-size":"auto","background-attachment":"scroll","background-type":"","background-media":"","overlay-type":"","overlay-color":"","overlay-opacity":"","overlay-gradient":""},"tablet":{"background-color":"","background-image":"","background-repeat":"repeat","background-position":"center center","background-size":"auto","background-attachment":"scroll","background-type":"","background-media":"","overlay-type":"","overlay-color":"","overlay-opacity":"","overlay-gradient":""},"mobile":{"background-color":"","background-image":"","background-repeat":"repeat","background-position":"center center","background-size":"auto","background-attachment":"scroll","background-type":"","background-media":"","overlay-type":"","overlay-color":"","overlay-opacity":"","overlay-gradient":""}},"ast-content-background-meta":{"desktop":{"background-color":"var(--ast-global-color-5)","background-image":"","background-repeat":"repeat","background-position":"center center","background-size":"auto","background-attachment":"scroll","background-type":"","background-media":"","overlay-type":"","overlay-color":"","overlay-opacity":"","overlay-gradient":""},"tablet":{"background-color":"var(--ast-global-color-5)","background-image":"","background-repeat":"repeat","background-position":"center center","background-size":"auto","background-attachment":"scroll","background-type":"","background-media":"","overlay-type":"","overlay-color":"","overlay-opacity":"","overlay-gradient":""},"mobile":{"background-color":"var(--ast-global-color-5)","background-image":"","background-repeat":"repeat","background-position":"center center","background-size":"auto","background-attachment":"scroll","background-type":"","background-media":"","overlay-type":"","overlay-color":"","overlay-opacity":"","overlay-gradient":""}},"iawp_total_views":20},"product_brand":[],"product_cat":[212],"product_tag":[],"class_list":{"0":"post-16277","1":"product","2":"type-product","3":"status-publish","4":"has-post-thumbnail","6":"product_cat-displayport","7":"desktop-align-left","8":"tablet-align-left","9":"mobile-align-left","11":"first","12":"instock","13":"shipping-taxable","14":"purchasable","15":"product-type-simple"},"acf":[],"_links":{"self":[{"href":"https:\/\/www.fjpremium.com\/pt\/wp-json\/wp\/v2\/product\/16277","targetHints":{"allow":["GET"]}}],"collection":[{"href":"https:\/\/www.fjpremium.com\/pt\/wp-json\/wp\/v2\/product"}],"about":[{"href":"https:\/\/www.fjpremium.com\/pt\/wp-json\/wp\/v2\/types\/product"}],"wp:featuredmedia":[{"embeddable":true,"href":"https:\/\/www.fjpremium.com\/pt\/wp-json\/wp\/v2\/media\/16278"}],"wp:attachment":[{"href":"https:\/\/www.fjpremium.com\/pt\/wp-json\/wp\/v2\/media?parent=16277"}],"wp:term":[{"taxonomy":"product_brand","embeddable":true,"href":"https:\/\/www.fjpremium.com\/pt\/wp-json\/wp\/v2\/product_brand?post=16277"},{"taxonomy":"product_cat","embeddable":true,"href":"https:\/\/www.fjpremium.com\/pt\/wp-json\/wp\/v2\/product_cat?post=16277"},{"taxonomy":"product_tag","embeddable":true,"href":"https:\/\/www.fjpremium.com\/pt\/wp-json\/wp\/v2\/product_tag?post=16277"}],"curies":[{"name":"wp","href":"https:\/\/api.w.org\/{rel}","templated":true}]}}