{"id":16230,"date":"2020-09-09T09:03:30","date_gmt":"2020-09-09T01:03:30","guid":{"rendered":"https:\/\/www.fjpremium.com\/?post_type=product&#038;p=16230"},"modified":"2023-10-10T10:36:59","modified_gmt":"2023-10-10T02:36:59","slug":"vr-cable","status":"publish","type":"product","link":"https:\/\/www.fjpremium.com\/pt\/product\/vr-cable\/","title":{"rendered":"Gest\u00e3o de cabos retr\u00e1til Kiwi Silent VR para caixa PS4 HTC VR"},"content":{"rendered":"<p>O nosso cabo \u00e1udio-v\u00eddeo VR personalizado promete imagens sem paralelo em resolu\u00e7\u00e3o 4K Ultra HD. De arenas de jogos a universos cinematogr\u00e1ficos, entrar\u00e1 em realidades vibrantes melhoradas por High Dynamic Range (HDR).<\/p>\n<p>E concebido com precis\u00e3o, o seu cabo leve e flex\u00edvel de 34AWG assegura uma instala\u00e7\u00e3o simples e sem complica\u00e7\u00f5es.<\/p>\n<p>Os conectores banhados a ouro deste cabo de 3,5 m, forjados a partir de cobre estanhado, garantem velocidades de transmiss\u00e3o ininterruptas e de topo at\u00e9 18 Gbps.<\/p>\n<p>As suas especifica\u00e7\u00f5es:<\/p>\n<ul>\n<li>Revestimento: PVC<\/li>\n<li>OD: 4.0MM<\/li>\n<li>Resolu\u00e7\u00e3o: 4K@60Hz<\/li>\n<li>Conformidade: RoHS<\/li>\n<li>Embalagem: Saco com fecho<\/li>\n<li>Garantia: 2 anos<\/li>\n<\/ul>\n<p>Al\u00e9m disso, envolto num elegante revestimento preto, n\u00e3o \u00e9 apenas funcional; \u00e9 uma afirma\u00e7\u00e3o de qualidade. Em geral, contacte-nos hoje e invista na nossa gest\u00e3o de cabos retr\u00e1til.<\/p>","protected":false},"excerpt":{"rendered":"<p>Eleve a experi\u00eancia de realidade virtual com o gerenciamento de cabo retr\u00e1til VR silencioso kiwi da FARSINCE feito sob medida para PS4 HTC VR Box, com suporte para velocidade de 18 Gbps.<\/p>","protected":false},"featured_media":16269,"template":"","meta":{"_acf_changed":false,"_seopress_robots_primary_cat":"","_seopress_titles_title":"Retractable Cable Management for PS4 HTC VR Box %%sep%% %%sitetitle%%","_seopress_titles_desc":"","_seopress_robots_index":"","site-sidebar-layout":"default","site-content-layout":"default","ast-site-content-layout":"default","site-content-style":"default","site-sidebar-style":"default","ast-global-header-display":"","ast-banner-title-visibility":"","ast-main-header-display":"","ast-hfb-above-header-display":"","ast-hfb-below-header-display":"","ast-hfb-mobile-header-display":"","site-post-title":"","ast-breadcrumbs-content":"","ast-featured-img":"","footer-sml-layout":"","ast-disable-related-posts":"","theme-transparent-header-meta":"default","adv-header-id-meta":"","stick-header-meta":"","header-above-stick-meta":"","header-main-stick-meta":"","header-below-stick-meta":"","astra-migrate-meta-layouts":"set","ast-page-background-enabled":"default","ast-page-background-meta":{"desktop":{"background-color":"","background-image":"","background-repeat":"repeat","background-position":"center center","background-size":"auto","background-attachment":"scroll","background-type":"","background-media":"","overlay-type":"","overlay-color":"","overlay-opacity":"","overlay-gradient":""},"tablet":{"background-color":"","background-image":"","background-repeat":"repeat","background-position":"center center","background-size":"auto","background-attachment":"scroll","background-type":"","background-media":"","overlay-type":"","overlay-color":"","overlay-opacity":"","overlay-gradient":""},"mobile":{"background-color":"","background-image":"","background-repeat":"repeat","background-position":"center center","background-size":"auto","background-attachment":"scroll","background-type":"","background-media":"","overlay-type":"","overlay-color":"","overlay-opacity":"","overlay-gradient":""}},"ast-content-background-meta":{"desktop":{"background-color":"var(--ast-global-color-5)","background-image":"","background-repeat":"repeat","background-position":"center center","background-size":"auto","background-attachment":"scroll","background-type":"","background-media":"","overlay-type":"","overlay-color":"","overlay-opacity":"","overlay-gradient":""},"tablet":{"background-color":"var(--ast-global-color-5)","background-image":"","background-repeat":"repeat","background-position":"center center","background-size":"auto","background-attachment":"scroll","background-type":"","background-media":"","overlay-type":"","overlay-color":"","overlay-opacity":"","overlay-gradient":""},"mobile":{"background-color":"var(--ast-global-color-5)","background-image":"","background-repeat":"repeat","background-position":"center center","background-size":"auto","background-attachment":"scroll","background-type":"","background-media":"","overlay-type":"","overlay-color":"","overlay-opacity":"","overlay-gradient":""}},"iawp_total_views":14},"product_brand":[],"product_cat":[211],"product_tag":[],"class_list":{"0":"post-16230","1":"product","2":"type-product","3":"status-publish","4":"has-post-thumbnail","6":"product_cat-hdmi","7":"desktop-align-left","8":"tablet-align-left","9":"mobile-align-left","11":"first","12":"instock","13":"shipping-taxable","14":"purchasable","15":"product-type-simple"},"acf":[],"_links":{"self":[{"href":"https:\/\/www.fjpremium.com\/pt\/wp-json\/wp\/v2\/product\/16230","targetHints":{"allow":["GET"]}}],"collection":[{"href":"https:\/\/www.fjpremium.com\/pt\/wp-json\/wp\/v2\/product"}],"about":[{"href":"https:\/\/www.fjpremium.com\/pt\/wp-json\/wp\/v2\/types\/product"}],"wp:featuredmedia":[{"embeddable":true,"href":"https:\/\/www.fjpremium.com\/pt\/wp-json\/wp\/v2\/media\/16269"}],"wp:attachment":[{"href":"https:\/\/www.fjpremium.com\/pt\/wp-json\/wp\/v2\/media?parent=16230"}],"wp:term":[{"taxonomy":"product_brand","embeddable":true,"href":"https:\/\/www.fjpremium.com\/pt\/wp-json\/wp\/v2\/product_brand?post=16230"},{"taxonomy":"product_cat","embeddable":true,"href":"https:\/\/www.fjpremium.com\/pt\/wp-json\/wp\/v2\/product_cat?post=16230"},{"taxonomy":"product_tag","embeddable":true,"href":"https:\/\/www.fjpremium.com\/pt\/wp-json\/wp\/v2\/product_tag?post=16230"}],"curies":[{"name":"wp","href":"https:\/\/api.w.org\/{rel}","templated":true}]}}