{"id":16229,"date":"2020-09-09T11:03:29","date_gmt":"2020-09-09T03:03:29","guid":{"rendered":"https:\/\/www.fjpremium.com\/?post_type=product&#038;p=16229"},"modified":"2023-10-07T14:23:47","modified_gmt":"2023-10-07T06:23:47","slug":"hdmi-wall-plate","status":"publish","type":"product","link":"https:\/\/www.fjpremium.com\/pt\/product\/hdmi-wall-plate\/","title":{"rendered":"Placa de parede HDMI Placa frontal do painel com cabo adaptador HDMI f\u00eamea Keystone lateral angular"},"content":{"rendered":"<p>Concebido para guardar os seus cabos HDMI atr\u00e1s da parede, este cabo garante uma configura\u00e7\u00e3o mais limpa, mais segura e com um aspeto profissional, livrando-o da desordem de cabos inest\u00e9ticos.<\/p>\n<p>Dispon\u00edvel em formato reto ou em forma de L, resiste ao teste do tempo. Al\u00e9m disso, a embalagem inclui parafusos pintados, o que confere um aspeto polido \u00e0 sua instala\u00e7\u00e3o.<\/p>\n<p>A placa de parede do cabo adaptador HDMI \u00e9 compat\u00edvel com a placa de parede padr\u00e3o, adequada para ser utilizada com uma caixa de um s\u00f3 gancho ou suporte de baixa tens\u00e3o.<\/p>\n<p>Suporta resolu\u00e7\u00f5es de v\u00eddeo at\u00e9 4K (3840\u00d72160), incluindo 2560\u00d71440, 1920\u00d71200 e Full HD 1080p.<\/p>\n<p>Al\u00e9m disso, com suporte adicional para Master Audio e Dolby TrueHD, e profundidade de cor de 48 bits, proporciona v\u00eddeo v\u00edvido e \u00e1udio envolvente, melhorando a sua experi\u00eancia de visualiza\u00e7\u00e3o.<\/p>\n<p>Por isso, contacte-nos hoje mesmo e encomende o nosso cabo.<\/p>","protected":false},"excerpt":{"rendered":"<p>Eleve a sua configura\u00e7\u00e3o com o cabo adaptador HDMI 4K da FARSINCE, concebido para ser f\u00e1cil de instalar e compat\u00edvel com placas de parede padr\u00e3o.<\/p>","protected":false},"featured_media":16263,"template":"","meta":{"_acf_changed":false,"_seopress_robots_primary_cat":"","_seopress_titles_title":"Best HDMI Adapter Cable - Farsince","_seopress_titles_desc":"","_seopress_robots_index":"","site-sidebar-layout":"default","site-content-layout":"default","ast-site-content-layout":"default","site-content-style":"default","site-sidebar-style":"default","ast-global-header-display":"","ast-banner-title-visibility":"","ast-main-header-display":"","ast-hfb-above-header-display":"","ast-hfb-below-header-display":"","ast-hfb-mobile-header-display":"","site-post-title":"","ast-breadcrumbs-content":"","ast-featured-img":"","footer-sml-layout":"","ast-disable-related-posts":"","theme-transparent-header-meta":"default","adv-header-id-meta":"","stick-header-meta":"","header-above-stick-meta":"","header-main-stick-meta":"","header-below-stick-meta":"","astra-migrate-meta-layouts":"set","ast-page-background-enabled":"default","ast-page-background-meta":{"desktop":{"background-color":"","background-image":"","background-repeat":"repeat","background-position":"center center","background-size":"auto","background-attachment":"scroll","background-type":"","background-media":"","overlay-type":"","overlay-color":"","overlay-opacity":"","overlay-gradient":""},"tablet":{"background-color":"","background-image":"","background-repeat":"repeat","background-position":"center center","background-size":"auto","background-attachment":"scroll","background-type":"","background-media":"","overlay-type":"","overlay-color":"","overlay-opacity":"","overlay-gradient":""},"mobile":{"background-color":"","background-image":"","background-repeat":"repeat","background-position":"center center","background-size":"auto","background-attachment":"scroll","background-type":"","background-media":"","overlay-type":"","overlay-color":"","overlay-opacity":"","overlay-gradient":""}},"ast-content-background-meta":{"desktop":{"background-color":"var(--ast-global-color-5)","background-image":"","background-repeat":"repeat","background-position":"center center","background-size":"auto","background-attachment":"scroll","background-type":"","background-media":"","overlay-type":"","overlay-color":"","overlay-opacity":"","overlay-gradient":""},"tablet":{"background-color":"var(--ast-global-color-5)","background-image":"","background-repeat":"repeat","background-position":"center center","background-size":"auto","background-attachment":"scroll","background-type":"","background-media":"","overlay-type":"","overlay-color":"","overlay-opacity":"","overlay-gradient":""},"mobile":{"background-color":"var(--ast-global-color-5)","background-image":"","background-repeat":"repeat","background-position":"center center","background-size":"auto","background-attachment":"scroll","background-type":"","background-media":"","overlay-type":"","overlay-color":"","overlay-opacity":"","overlay-gradient":""}},"iawp_total_views":7},"product_brand":[],"product_cat":[211],"product_tag":[],"class_list":{"0":"post-16229","1":"product","2":"type-product","3":"status-publish","4":"has-post-thumbnail","6":"product_cat-hdmi","7":"desktop-align-left","8":"tablet-align-left","9":"mobile-align-left","11":"first","12":"instock","13":"shipping-taxable","14":"purchasable","15":"product-type-simple"},"acf":[],"_links":{"self":[{"href":"https:\/\/www.fjpremium.com\/pt\/wp-json\/wp\/v2\/product\/16229","targetHints":{"allow":["GET"]}}],"collection":[{"href":"https:\/\/www.fjpremium.com\/pt\/wp-json\/wp\/v2\/product"}],"about":[{"href":"https:\/\/www.fjpremium.com\/pt\/wp-json\/wp\/v2\/types\/product"}],"wp:featuredmedia":[{"embeddable":true,"href":"https:\/\/www.fjpremium.com\/pt\/wp-json\/wp\/v2\/media\/16263"}],"wp:attachment":[{"href":"https:\/\/www.fjpremium.com\/pt\/wp-json\/wp\/v2\/media?parent=16229"}],"wp:term":[{"taxonomy":"product_brand","embeddable":true,"href":"https:\/\/www.fjpremium.com\/pt\/wp-json\/wp\/v2\/product_brand?post=16229"},{"taxonomy":"product_cat","embeddable":true,"href":"https:\/\/www.fjpremium.com\/pt\/wp-json\/wp\/v2\/product_cat?post=16229"},{"taxonomy":"product_tag","embeddable":true,"href":"https:\/\/www.fjpremium.com\/pt\/wp-json\/wp\/v2\/product_tag?post=16229"}],"curies":[{"name":"wp","href":"https:\/\/api.w.org\/{rel}","templated":true}]}}