{"id":16227,"date":"2020-09-09T11:03:26","date_gmt":"2020-09-09T03:03:26","guid":{"rendered":"https:\/\/www.fjpremium.com\/?post_type=product&#038;p=16227"},"modified":"2023-12-22T16:24:54","modified_gmt":"2023-12-22T08:24:54","slug":"hdmi-to-av-converter","status":"publish","type":"product","link":"https:\/\/www.fjpremium.com\/pt\/product\/hdmi-to-av-converter\/","title":{"rendered":"Cabo HDMI para 3 RCA AV Mini conversor de v\u00eddeo \u00e1udio AV com \u00f3timo pre\u00e7o"},"content":{"rendered":"<p>Concebido meticulosamente para fazer a ponte entre o moderno e o cl\u00e1ssico, o nosso conversor transforma sem esfor\u00e7o sinais de v\u00eddeo ou \u00e1udio HDMI de alta qualidade em sinais de v\u00eddeo composto AV (CVBS) e sinais de \u00e1udio est\u00e9reo FL\/FR comprovados pelo tempo.<\/p>\n<p>Com ele, poder\u00e1 desfrutar da nitidez cristalina dos v\u00eddeos HDMI em plataformas tradicionais, quer se trate do seu televisor, videogravador VHS ou gravadores de DVD. Al\u00e9m disso, quer esteja no espetro NTSC ou PAL, garante uma compatibilidade sem falhas.<\/p>\n<p>As suas especifica\u00e7\u00f5es:<\/p>\n<ul>\n<li>Dimens\u00f5es (mm): 66(P) x55(L) x20(A);<\/li>\n<li>Wight (g): 40;<\/li>\n<li>Resolu\u00e7\u00e3o de entrada HDMI:<\/li>\n<\/ul>\n<p>640\u00d7480@60Hz,800\u00d7600@60Hz,<\/p>\n<p>1024\u00d7768@60Hz,1280\u00d7720@60Hz,<\/p>\n<p>1280\u00d71024@60Hz,1360\u00d7768@60Hz,<\/p>\n<p>1600\u00d71200@60Hz,1920\u00d71080@60Hz,<\/p>\n<p>480i\/60Hz, 480p\/60Hz, 576i\/60Hz, 576p\/60Hz,<\/p>\n<p>720p50\/60Hz,1080I50\/60Hz, 1080p50\/60Hz.<\/p>\n<p>Este cabo HDMI para 3 RCA AV \u00e9 compacto, pr\u00e1tico e n\u00e3o necessita de alimenta\u00e7\u00e3o externa, pelo que pode experimentar a convers\u00e3o no seu melhor sem gastar muito. Em resumo, contacte-nos hoje mesmo e invista nele.<\/p>","protected":false},"excerpt":{"rendered":"<p>Liberte o poder da conetividade sem falhas com o cabo FARSINCE HDMI para 3 RCA AV, trazendo visuais modernos para plataformas tradicionais.<\/p>","protected":false},"featured_media":16247,"template":"","meta":{"_acf_changed":false,"_seopress_robots_primary_cat":"","_seopress_titles_title":"Best HDMI to 3 RCA AV Cable %%sep%% %%sitetitle%%","_seopress_titles_desc":"","_seopress_robots_index":"","site-sidebar-layout":"default","site-content-layout":"default","ast-site-content-layout":"default","site-content-style":"default","site-sidebar-style":"default","ast-global-header-display":"","ast-banner-title-visibility":"","ast-main-header-display":"","ast-hfb-above-header-display":"","ast-hfb-below-header-display":"","ast-hfb-mobile-header-display":"","site-post-title":"","ast-breadcrumbs-content":"","ast-featured-img":"","footer-sml-layout":"","ast-disable-related-posts":"","theme-transparent-header-meta":"default","adv-header-id-meta":"","stick-header-meta":"","header-above-stick-meta":"","header-main-stick-meta":"","header-below-stick-meta":"","astra-migrate-meta-layouts":"set","ast-page-background-enabled":"default","ast-page-background-meta":{"desktop":{"background-color":"","background-image":"","background-repeat":"repeat","background-position":"center center","background-size":"auto","background-attachment":"scroll","background-type":"","background-media":"","overlay-type":"","overlay-color":"","overlay-opacity":"","overlay-gradient":""},"tablet":{"background-color":"","background-image":"","background-repeat":"repeat","background-position":"center center","background-size":"auto","background-attachment":"scroll","background-type":"","background-media":"","overlay-type":"","overlay-color":"","overlay-opacity":"","overlay-gradient":""},"mobile":{"background-color":"","background-image":"","background-repeat":"repeat","background-position":"center center","background-size":"auto","background-attachment":"scroll","background-type":"","background-media":"","overlay-type":"","overlay-color":"","overlay-opacity":"","overlay-gradient":""}},"ast-content-background-meta":{"desktop":{"background-color":"var(--ast-global-color-5)","background-image":"","background-repeat":"repeat","background-position":"center center","background-size":"auto","background-attachment":"scroll","background-type":"","background-media":"","overlay-type":"","overlay-color":"","overlay-opacity":"","overlay-gradient":""},"tablet":{"background-color":"var(--ast-global-color-5)","background-image":"","background-repeat":"repeat","background-position":"center center","background-size":"auto","background-attachment":"scroll","background-type":"","background-media":"","overlay-type":"","overlay-color":"","overlay-opacity":"","overlay-gradient":""},"mobile":{"background-color":"var(--ast-global-color-5)","background-image":"","background-repeat":"repeat","background-position":"center center","background-size":"auto","background-attachment":"scroll","background-type":"","background-media":"","overlay-type":"","overlay-color":"","overlay-opacity":"","overlay-gradient":""}},"iawp_total_views":4},"product_brand":[],"product_cat":[211,673],"product_tag":[],"class_list":{"0":"post-16227","1":"product","2":"type-product","3":"status-publish","4":"has-post-thumbnail","6":"product_cat-hdmi","7":"product_cat-hdmi-devices","8":"desktop-align-left","9":"tablet-align-left","10":"mobile-align-left","12":"first","13":"instock","14":"shipping-taxable","15":"purchasable","16":"product-type-simple"},"acf":[],"_links":{"self":[{"href":"https:\/\/www.fjpremium.com\/pt\/wp-json\/wp\/v2\/product\/16227","targetHints":{"allow":["GET"]}}],"collection":[{"href":"https:\/\/www.fjpremium.com\/pt\/wp-json\/wp\/v2\/product"}],"about":[{"href":"https:\/\/www.fjpremium.com\/pt\/wp-json\/wp\/v2\/types\/product"}],"wp:featuredmedia":[{"embeddable":true,"href":"https:\/\/www.fjpremium.com\/pt\/wp-json\/wp\/v2\/media\/16247"}],"wp:attachment":[{"href":"https:\/\/www.fjpremium.com\/pt\/wp-json\/wp\/v2\/media?parent=16227"}],"wp:term":[{"taxonomy":"product_brand","embeddable":true,"href":"https:\/\/www.fjpremium.com\/pt\/wp-json\/wp\/v2\/product_brand?post=16227"},{"taxonomy":"product_cat","embeddable":true,"href":"https:\/\/www.fjpremium.com\/pt\/wp-json\/wp\/v2\/product_cat?post=16227"},{"taxonomy":"product_tag","embeddable":true,"href":"https:\/\/www.fjpremium.com\/pt\/wp-json\/wp\/v2\/product_tag?post=16227"}],"curies":[{"name":"wp","href":"https:\/\/api.w.org\/{rel}","templated":true}]}}