{"id":16225,"date":"2020-09-09T11:03:22","date_gmt":"2020-09-09T03:03:22","guid":{"rendered":"https:\/\/www.fjpremium.com\/?post_type=product&#038;p=16225"},"modified":"2023-12-22T16:25:59","modified_gmt":"2023-12-22T08:25:59","slug":"hdmi-3-in-1-switch","status":"publish","type":"product","link":"https:\/\/www.fjpremium.com\/pt\/product\/hdmi-3-in-1-switch\/","title":{"rendered":"Interruptor HDMI 3 em 1 sa\u00edda 4k UHD com o melhor pre\u00e7o"},"content":{"rendered":"<p>Concebido para ligar tr\u00eas dispositivos HDMI, seja o leitor de Blu-Ray, o sistema de jogos ou qualquer outro dispositivo de \u00e1udio\/v\u00eddeo, a um \u00fanico ecr\u00e3 HDMI, este HDMI Switch 4k UHD oferece a comodidade de comutar facilmente sinais HDMI de tr\u00eas grupos.<\/p>\n<p>Com um controlo remoto que o acompanha, promete o inc\u00f3modo de estar constantemente a ligar e a desligar a ficha.<\/p>\n<p>O dispositivo \"plug-and-play\" suporta resolu\u00e7\u00f5es 3D e de v\u00eddeo que atingem 4Kx2K@30Hz, permitindo sempre um ecr\u00e3 impressionante.<\/p>\n<p>A sua compatibilidade com DVI utilizando um adaptador HDMI para DVI e a ades\u00e3o ao protocolo HDCP fazem dele uma mais-valia para qualquer grossista.<\/p>\n<p>Para al\u00e9m disso, est\u00e1 encerrado num inv\u00f3lucro met\u00e1lico blindado, prometendo a integridade do sinal, e vem com uma garantia de 2 anos da nossa parte. Em conclus\u00e3o, contacte-nos hoje mesmo e invista nele.<\/p>","protected":false},"excerpt":{"rendered":"<p>Liberte a liberdade de conetividade com o comutador FARSINCE 3 In 1 out HDMI 4k UHD, compat\u00edvel com resolu\u00e7\u00f5es 3D e 4K, alternando facilmente entre tr\u00eas dispositivos HDMI.<\/p>","protected":false},"featured_media":16231,"template":"","meta":{"_acf_changed":false,"_seopress_robots_primary_cat":"","_seopress_titles_title":"3 in 1 Out HDMI Switch 4k UHD with Best price - FARSINCE","_seopress_titles_desc":"","_seopress_robots_index":"","site-sidebar-layout":"default","site-content-layout":"default","ast-site-content-layout":"default","site-content-style":"default","site-sidebar-style":"default","ast-global-header-display":"","ast-banner-title-visibility":"","ast-main-header-display":"","ast-hfb-above-header-display":"","ast-hfb-below-header-display":"","ast-hfb-mobile-header-display":"","site-post-title":"","ast-breadcrumbs-content":"","ast-featured-img":"","footer-sml-layout":"","ast-disable-related-posts":"","theme-transparent-header-meta":"default","adv-header-id-meta":"","stick-header-meta":"","header-above-stick-meta":"","header-main-stick-meta":"","header-below-stick-meta":"","astra-migrate-meta-layouts":"set","ast-page-background-enabled":"default","ast-page-background-meta":{"desktop":{"background-color":"","background-image":"","background-repeat":"repeat","background-position":"center center","background-size":"auto","background-attachment":"scroll","background-type":"","background-media":"","overlay-type":"","overlay-color":"","overlay-opacity":"","overlay-gradient":""},"tablet":{"background-color":"","background-image":"","background-repeat":"repeat","background-position":"center center","background-size":"auto","background-attachment":"scroll","background-type":"","background-media":"","overlay-type":"","overlay-color":"","overlay-opacity":"","overlay-gradient":""},"mobile":{"background-color":"","background-image":"","background-repeat":"repeat","background-position":"center center","background-size":"auto","background-attachment":"scroll","background-type":"","background-media":"","overlay-type":"","overlay-color":"","overlay-opacity":"","overlay-gradient":""}},"ast-content-background-meta":{"desktop":{"background-color":"var(--ast-global-color-5)","background-image":"","background-repeat":"repeat","background-position":"center center","background-size":"auto","background-attachment":"scroll","background-type":"","background-media":"","overlay-type":"","overlay-color":"","overlay-opacity":"","overlay-gradient":""},"tablet":{"background-color":"var(--ast-global-color-5)","background-image":"","background-repeat":"repeat","background-position":"center center","background-size":"auto","background-attachment":"scroll","background-type":"","background-media":"","overlay-type":"","overlay-color":"","overlay-opacity":"","overlay-gradient":""},"mobile":{"background-color":"var(--ast-global-color-5)","background-image":"","background-repeat":"repeat","background-position":"center center","background-size":"auto","background-attachment":"scroll","background-type":"","background-media":"","overlay-type":"","overlay-color":"","overlay-opacity":"","overlay-gradient":""}},"iawp_total_views":3},"product_brand":[],"product_cat":[211,673],"product_tag":[],"class_list":{"0":"post-16225","1":"product","2":"type-product","3":"status-publish","4":"has-post-thumbnail","6":"product_cat-hdmi","7":"product_cat-hdmi-devices","8":"desktop-align-left","9":"tablet-align-left","10":"mobile-align-left","12":"first","13":"instock","14":"shipping-taxable","15":"purchasable","16":"product-type-simple"},"acf":[],"_links":{"self":[{"href":"https:\/\/www.fjpremium.com\/pt\/wp-json\/wp\/v2\/product\/16225","targetHints":{"allow":["GET"]}}],"collection":[{"href":"https:\/\/www.fjpremium.com\/pt\/wp-json\/wp\/v2\/product"}],"about":[{"href":"https:\/\/www.fjpremium.com\/pt\/wp-json\/wp\/v2\/types\/product"}],"wp:featuredmedia":[{"embeddable":true,"href":"https:\/\/www.fjpremium.com\/pt\/wp-json\/wp\/v2\/media\/16231"}],"wp:attachment":[{"href":"https:\/\/www.fjpremium.com\/pt\/wp-json\/wp\/v2\/media?parent=16225"}],"wp:term":[{"taxonomy":"product_brand","embeddable":true,"href":"https:\/\/www.fjpremium.com\/pt\/wp-json\/wp\/v2\/product_brand?post=16225"},{"taxonomy":"product_cat","embeddable":true,"href":"https:\/\/www.fjpremium.com\/pt\/wp-json\/wp\/v2\/product_cat?post=16225"},{"taxonomy":"product_tag","embeddable":true,"href":"https:\/\/www.fjpremium.com\/pt\/wp-json\/wp\/v2\/product_tag?post=16225"}],"curies":[{"name":"wp","href":"https:\/\/api.w.org\/{rel}","templated":true}]}}