{"id":16182,"date":"2020-09-09T10:51:53","date_gmt":"2020-09-09T02:51:53","guid":{"rendered":"https:\/\/www.fjpremium.com\/?post_type=product&#038;p=16182"},"modified":"2023-10-10T10:13:58","modified_gmt":"2023-10-10T02:13:58","slug":"hdmi-to-mini-displayport-active-cable","status":"publish","type":"product","link":"https:\/\/www.fjpremium.com\/pt\/product\/hdmi-to-mini-displayport-active-cable\/","title":{"rendered":"Adaptador ativo de entrada HDMI para sa\u00edda Mini DisplayPort com alimenta\u00e7\u00e3o USB Adaptador HDMI DP Suporte para resolu\u00e7\u00e3o de v\u00eddeo 4K"},"content":{"rendered":"<p>O nosso adaptador HDMI DP 4K \u00e9 a ponte ultra-moderna para dispositivos. Concebido para ser brilhante, une na perfei\u00e7\u00e3o tecnologia equipada com HDMI e monitores mini DisplayPort, amplificando a sua experi\u00eancia de visualiza\u00e7\u00e3o com uma resolu\u00e7\u00e3o n\u00edtida de 4K@30Hz.<\/p>\n<p>O contacto e o inv\u00f3lucro banhados a ouro d\u00e3o um toque de luxo e garantem a melhor transfer\u00eancia de sinal, assegurando que os seus gr\u00e1ficos, apresenta\u00e7\u00f5es ou jogos nunca tenham um aspeto mais n\u00edtido.<\/p>\n<p>Para al\u00e9m da excel\u00eancia visual, este adaptador foi concebido para ser pr\u00e1tico; a sua ficha USB incorporada est\u00e1 pronta a ser ligada. Com a funcionalidade plug-and-play, a configura\u00e7\u00e3o \u00e9 muito f\u00e1cil, sem necessidade de software ou controladores.<\/p>\n<p>As suas especifica\u00e7\u00f5es:<\/p>\n<ul>\n<li>Bitola do fio: 30AWG<\/li>\n<li>Chipset: STDP2600<\/li>\n<li>Revestimento: PVC<\/li>\n<li>Conformidade: RoHS, REACH<\/li>\n<\/ul>\n<p>Al\u00e9m disso, todos os pormenores, desde o condutor de cobre nu at\u00e9 \u00e0 blindagem tripla, sustentam o compromisso com a qualidade. Em suma, contacte-nos hoje e invista no adaptador HDMI DP 4K.<\/p>","protected":false},"excerpt":{"rendered":"<p>Maximize a visualiza\u00e7\u00e3o em 4K com o adaptador FARSINCE HDMI DP 4K, com revestimento dourado, blindagem tripla e plug-and-play, oferecendo conetividade perfeita.<\/p>","protected":false},"featured_media":16185,"template":"","meta":{"_acf_changed":false,"_seopress_robots_primary_cat":"","_seopress_titles_title":"HDMI DP Adapter 4K Video Resolution Support %%sep%% %%sitetitle%%","_seopress_titles_desc":"","_seopress_robots_index":"","site-sidebar-layout":"default","site-content-layout":"default","ast-site-content-layout":"default","site-content-style":"default","site-sidebar-style":"default","ast-global-header-display":"","ast-banner-title-visibility":"","ast-main-header-display":"","ast-hfb-above-header-display":"","ast-hfb-below-header-display":"","ast-hfb-mobile-header-display":"","site-post-title":"","ast-breadcrumbs-content":"","ast-featured-img":"","footer-sml-layout":"","ast-disable-related-posts":"","theme-transparent-header-meta":"default","adv-header-id-meta":"","stick-header-meta":"","header-above-stick-meta":"","header-main-stick-meta":"","header-below-stick-meta":"","astra-migrate-meta-layouts":"set","ast-page-background-enabled":"default","ast-page-background-meta":{"desktop":{"background-color":"","background-image":"","background-repeat":"repeat","background-position":"center center","background-size":"auto","background-attachment":"scroll","background-type":"","background-media":"","overlay-type":"","overlay-color":"","overlay-opacity":"","overlay-gradient":""},"tablet":{"background-color":"","background-image":"","background-repeat":"repeat","background-position":"center center","background-size":"auto","background-attachment":"scroll","background-type":"","background-media":"","overlay-type":"","overlay-color":"","overlay-opacity":"","overlay-gradient":""},"mobile":{"background-color":"","background-image":"","background-repeat":"repeat","background-position":"center center","background-size":"auto","background-attachment":"scroll","background-type":"","background-media":"","overlay-type":"","overlay-color":"","overlay-opacity":"","overlay-gradient":""}},"ast-content-background-meta":{"desktop":{"background-color":"var(--ast-global-color-5)","background-image":"","background-repeat":"repeat","background-position":"center center","background-size":"auto","background-attachment":"scroll","background-type":"","background-media":"","overlay-type":"","overlay-color":"","overlay-opacity":"","overlay-gradient":""},"tablet":{"background-color":"var(--ast-global-color-5)","background-image":"","background-repeat":"repeat","background-position":"center center","background-size":"auto","background-attachment":"scroll","background-type":"","background-media":"","overlay-type":"","overlay-color":"","overlay-opacity":"","overlay-gradient":""},"mobile":{"background-color":"var(--ast-global-color-5)","background-image":"","background-repeat":"repeat","background-position":"center center","background-size":"auto","background-attachment":"scroll","background-type":"","background-media":"","overlay-type":"","overlay-color":"","overlay-opacity":"","overlay-gradient":""}},"iawp_total_views":3},"product_brand":[],"product_cat":[211],"product_tag":[],"class_list":{"0":"post-16182","1":"product","2":"type-product","3":"status-publish","4":"has-post-thumbnail","6":"product_cat-hdmi","7":"desktop-align-left","8":"tablet-align-left","9":"mobile-align-left","11":"first","12":"instock","13":"shipping-taxable","14":"purchasable","15":"product-type-simple"},"acf":[],"_links":{"self":[{"href":"https:\/\/www.fjpremium.com\/pt\/wp-json\/wp\/v2\/product\/16182","targetHints":{"allow":["GET"]}}],"collection":[{"href":"https:\/\/www.fjpremium.com\/pt\/wp-json\/wp\/v2\/product"}],"about":[{"href":"https:\/\/www.fjpremium.com\/pt\/wp-json\/wp\/v2\/types\/product"}],"wp:featuredmedia":[{"embeddable":true,"href":"https:\/\/www.fjpremium.com\/pt\/wp-json\/wp\/v2\/media\/16185"}],"wp:attachment":[{"href":"https:\/\/www.fjpremium.com\/pt\/wp-json\/wp\/v2\/media?parent=16182"}],"wp:term":[{"taxonomy":"product_brand","embeddable":true,"href":"https:\/\/www.fjpremium.com\/pt\/wp-json\/wp\/v2\/product_brand?post=16182"},{"taxonomy":"product_cat","embeddable":true,"href":"https:\/\/www.fjpremium.com\/pt\/wp-json\/wp\/v2\/product_cat?post=16182"},{"taxonomy":"product_tag","embeddable":true,"href":"https:\/\/www.fjpremium.com\/pt\/wp-json\/wp\/v2\/product_tag?post=16182"}],"curies":[{"name":"wp","href":"https:\/\/api.w.org\/{rel}","templated":true}]}}