{"id":16167,"date":"2020-09-09T10:48:28","date_gmt":"2020-09-09T02:48:28","guid":{"rendered":"https:\/\/www.fjpremium.com\/?post_type=product&#038;p=16167"},"modified":"2023-12-14T13:45:49","modified_gmt":"2023-12-14T05:45:49","slug":"hdmi-to-dvi-d-bi-direction-coupler-copy","status":"publish","type":"product","link":"https:\/\/www.fjpremium.com\/pt\/product\/hdmi-to-dvi-d-bi-direction-coupler-copy\/","title":{"rendered":"Adaptador de liga\u00e7\u00e3o dupla 24+1 DVI D para HDMI Acoplador de conversor"},"content":{"rendered":"<p>Quer se trate da transi\u00e7\u00e3o da porta DVI de um computador para o rico mundo do HDMI ou vice-versa, este acoplador faz a ponte sem falhas, tornando os problemas de compatibilidade uma rel\u00edquia do passado.<\/p>\n<p>Trata-se de uma resolu\u00e7\u00e3o de suporte que atinge um pico impressionante de 1920*1080@60Hz. E os conectores banhados a ouro brilhante n\u00e3o s\u00f3 d\u00e3o um toque de eleg\u00e2ncia como tamb\u00e9m garantem longevidade e qualidade de sinal ininterrupta.<\/p>\n<p>Fabricado meticulosamente, a caixa de moldagem de pl\u00e1stico do adaptador DVI D para HDMI garante a sua durabilidade. Assim, contacte-nos hoje mesmo e invista nele.<\/p>","protected":false},"excerpt":{"rendered":"<p>Apresentando o adaptador conversor DVI D para HDMI da FARSINCE, equipado com revestimento a ouro para um desempenho superior, a solu\u00e7\u00e3o perfeita para diversas necessidades de visualiza\u00e7\u00e3o digital.<\/p>","protected":false},"featured_media":16168,"template":"","meta":{"_acf_changed":false,"_seopress_robots_primary_cat":"","_seopress_titles_title":"Bi-Direction Coupler DVI D to HDMI Adapter %%sep%% %%sitetitle%%","_seopress_titles_desc":"Our DVI D to HDMI Adapter provides a reliable and seamless connection for high-quality video transfer. Whether you need to connect your laptop to a monitor or your gaming console to a TV, our coupler ensures a crisp and clear video experience.","_seopress_robots_index":"","site-sidebar-layout":"default","site-content-layout":"default","ast-site-content-layout":"default","site-content-style":"default","site-sidebar-style":"default","ast-global-header-display":"","ast-banner-title-visibility":"","ast-main-header-display":"","ast-hfb-above-header-display":"","ast-hfb-below-header-display":"","ast-hfb-mobile-header-display":"","site-post-title":"","ast-breadcrumbs-content":"","ast-featured-img":"","footer-sml-layout":"","ast-disable-related-posts":"","theme-transparent-header-meta":"default","adv-header-id-meta":"","stick-header-meta":"","header-above-stick-meta":"","header-main-stick-meta":"","header-below-stick-meta":"","astra-migrate-meta-layouts":"set","ast-page-background-enabled":"default","ast-page-background-meta":{"desktop":{"background-color":"","background-image":"","background-repeat":"repeat","background-position":"center center","background-size":"auto","background-attachment":"scroll","background-type":"","background-media":"","overlay-type":"","overlay-color":"","overlay-opacity":"","overlay-gradient":""},"tablet":{"background-color":"","background-image":"","background-repeat":"repeat","background-position":"center center","background-size":"auto","background-attachment":"scroll","background-type":"","background-media":"","overlay-type":"","overlay-color":"","overlay-opacity":"","overlay-gradient":""},"mobile":{"background-color":"","background-image":"","background-repeat":"repeat","background-position":"center center","background-size":"auto","background-attachment":"scroll","background-type":"","background-media":"","overlay-type":"","overlay-color":"","overlay-opacity":"","overlay-gradient":""}},"ast-content-background-meta":{"desktop":{"background-color":"var(--ast-global-color-5)","background-image":"","background-repeat":"repeat","background-position":"center center","background-size":"auto","background-attachment":"scroll","background-type":"","background-media":"","overlay-type":"","overlay-color":"","overlay-opacity":"","overlay-gradient":""},"tablet":{"background-color":"var(--ast-global-color-5)","background-image":"","background-repeat":"repeat","background-position":"center center","background-size":"auto","background-attachment":"scroll","background-type":"","background-media":"","overlay-type":"","overlay-color":"","overlay-opacity":"","overlay-gradient":""},"mobile":{"background-color":"var(--ast-global-color-5)","background-image":"","background-repeat":"repeat","background-position":"center center","background-size":"auto","background-attachment":"scroll","background-type":"","background-media":"","overlay-type":"","overlay-color":"","overlay-opacity":"","overlay-gradient":""}},"iawp_total_views":6},"product_brand":[],"product_cat":[211,642],"product_tag":[],"class_list":{"0":"post-16167","1":"product","2":"type-product","3":"status-publish","4":"has-post-thumbnail","6":"product_cat-hdmi","7":"product_cat-hdmi-adapters","8":"desktop-align-left","9":"tablet-align-left","10":"mobile-align-left","12":"first","13":"instock","14":"shipping-taxable","15":"purchasable","16":"product-type-simple"},"acf":[],"_links":{"self":[{"href":"https:\/\/www.fjpremium.com\/pt\/wp-json\/wp\/v2\/product\/16167","targetHints":{"allow":["GET"]}}],"collection":[{"href":"https:\/\/www.fjpremium.com\/pt\/wp-json\/wp\/v2\/product"}],"about":[{"href":"https:\/\/www.fjpremium.com\/pt\/wp-json\/wp\/v2\/types\/product"}],"wp:featuredmedia":[{"embeddable":true,"href":"https:\/\/www.fjpremium.com\/pt\/wp-json\/wp\/v2\/media\/16168"}],"wp:attachment":[{"href":"https:\/\/www.fjpremium.com\/pt\/wp-json\/wp\/v2\/media?parent=16167"}],"wp:term":[{"taxonomy":"product_brand","embeddable":true,"href":"https:\/\/www.fjpremium.com\/pt\/wp-json\/wp\/v2\/product_brand?post=16167"},{"taxonomy":"product_cat","embeddable":true,"href":"https:\/\/www.fjpremium.com\/pt\/wp-json\/wp\/v2\/product_cat?post=16167"},{"taxonomy":"product_tag","embeddable":true,"href":"https:\/\/www.fjpremium.com\/pt\/wp-json\/wp\/v2\/product_tag?post=16167"}],"curies":[{"name":"wp","href":"https:\/\/api.w.org\/{rel}","templated":true}]}}