{"id":16129,"date":"2020-09-09T10:41:09","date_gmt":"2020-09-09T02:41:09","guid":{"rendered":"https:\/\/www.fjpremium.com\/?post_type=product&#038;p=16129"},"modified":"2023-12-14T13:45:51","modified_gmt":"2023-12-14T05:45:51","slug":"micro-hdmi-male-to-hdmi-female-coupler","status":"publish","type":"product","link":"https:\/\/www.fjpremium.com\/pt\/product\/micro-hdmi-male-to-hdmi-female-coupler\/","title":{"rendered":"Conector f\u00eamea HDMI para conetor macho Micro HDMI Acoplador de adaptador de entrada e sa\u00edda HDMI"},"content":{"rendered":"<p>Fundindo na perfei\u00e7\u00e3o um cabo HDMI nos limites de uma porta Micro HDMI, este acoplador adaptador HDMI in out \u00e9 a pedra de toque da adaptabilidade para dispositivos como computadores port\u00e1teis, drones ou DSLRs.<\/p>\n<p>Transcende as limita\u00e7\u00f5es do tamanho do ecr\u00e3, canalizando imagens de um dispositivo compacto para ecr\u00e3s de grandes dimens\u00f5es.<\/p>\n<p>Com suporte para resolu\u00e7\u00f5es que se estendem at\u00e9 um not\u00e1vel 4Kx2K (UHD) e funcionalidades como \u00e1udio True HD 7.1 e v\u00eddeo 3D, cada pixel canta uma can\u00e7\u00e3o de clareza.<\/p>\n<p>As suas especifica\u00e7\u00f5es:<\/p>\n<ul>\n<li>Conector 1: Micro HDMI macho<\/li>\n<li>Conector 2: HDMI f\u00eamea<\/li>\n<li>Caixa: Moldagem de pl\u00e1stico<\/li>\n<\/ul>\n<p>Al\u00e9m disso, a arquitetura banhada a ouro assegura a longevidade, enquanto os degraus de ader\u00eancia d\u00e3o prioridade \u00e0 facilidade de utiliza\u00e7\u00e3o. Por conseguinte, contacte-nos hoje mesmo e encomende o acoplador adaptador.<\/p>","protected":false},"excerpt":{"rendered":"<p>Aumente a conectividade com o acoplador adaptador de entrada HDMI da FARSINCE, com detalhes dourados, f\u00e1cil de usar e projetado para resolu\u00e7\u00e3o superior.<\/p>","protected":false},"featured_media":16149,"template":"","meta":{"_acf_changed":false,"_seopress_robots_primary_cat":"","_seopress_titles_title":"HDMI in out Adapter Coupler %%sep%% %%sitetitle%%","_seopress_titles_desc":"","_seopress_robots_index":"","site-sidebar-layout":"default","site-content-layout":"default","ast-site-content-layout":"default","site-content-style":"default","site-sidebar-style":"default","ast-global-header-display":"","ast-banner-title-visibility":"","ast-main-header-display":"","ast-hfb-above-header-display":"","ast-hfb-below-header-display":"","ast-hfb-mobile-header-display":"","site-post-title":"","ast-breadcrumbs-content":"","ast-featured-img":"","footer-sml-layout":"","ast-disable-related-posts":"","theme-transparent-header-meta":"default","adv-header-id-meta":"","stick-header-meta":"","header-above-stick-meta":"","header-main-stick-meta":"","header-below-stick-meta":"","astra-migrate-meta-layouts":"set","ast-page-background-enabled":"default","ast-page-background-meta":{"desktop":{"background-color":"","background-image":"","background-repeat":"repeat","background-position":"center center","background-size":"auto","background-attachment":"scroll","background-type":"","background-media":"","overlay-type":"","overlay-color":"","overlay-opacity":"","overlay-gradient":""},"tablet":{"background-color":"","background-image":"","background-repeat":"repeat","background-position":"center center","background-size":"auto","background-attachment":"scroll","background-type":"","background-media":"","overlay-type":"","overlay-color":"","overlay-opacity":"","overlay-gradient":""},"mobile":{"background-color":"","background-image":"","background-repeat":"repeat","background-position":"center center","background-size":"auto","background-attachment":"scroll","background-type":"","background-media":"","overlay-type":"","overlay-color":"","overlay-opacity":"","overlay-gradient":""}},"ast-content-background-meta":{"desktop":{"background-color":"var(--ast-global-color-5)","background-image":"","background-repeat":"repeat","background-position":"center center","background-size":"auto","background-attachment":"scroll","background-type":"","background-media":"","overlay-type":"","overlay-color":"","overlay-opacity":"","overlay-gradient":""},"tablet":{"background-color":"var(--ast-global-color-5)","background-image":"","background-repeat":"repeat","background-position":"center center","background-size":"auto","background-attachment":"scroll","background-type":"","background-media":"","overlay-type":"","overlay-color":"","overlay-opacity":"","overlay-gradient":""},"mobile":{"background-color":"var(--ast-global-color-5)","background-image":"","background-repeat":"repeat","background-position":"center center","background-size":"auto","background-attachment":"scroll","background-type":"","background-media":"","overlay-type":"","overlay-color":"","overlay-opacity":"","overlay-gradient":""}},"iawp_total_views":3},"product_brand":[],"product_cat":[211,642],"product_tag":[],"class_list":{"0":"post-16129","1":"product","2":"type-product","3":"status-publish","4":"has-post-thumbnail","6":"product_cat-hdmi","7":"product_cat-hdmi-adapters","8":"desktop-align-left","9":"tablet-align-left","10":"mobile-align-left","12":"first","13":"instock","14":"shipping-taxable","15":"purchasable","16":"product-type-simple"},"acf":[],"_links":{"self":[{"href":"https:\/\/www.fjpremium.com\/pt\/wp-json\/wp\/v2\/product\/16129","targetHints":{"allow":["GET"]}}],"collection":[{"href":"https:\/\/www.fjpremium.com\/pt\/wp-json\/wp\/v2\/product"}],"about":[{"href":"https:\/\/www.fjpremium.com\/pt\/wp-json\/wp\/v2\/types\/product"}],"wp:featuredmedia":[{"embeddable":true,"href":"https:\/\/www.fjpremium.com\/pt\/wp-json\/wp\/v2\/media\/16149"}],"wp:attachment":[{"href":"https:\/\/www.fjpremium.com\/pt\/wp-json\/wp\/v2\/media?parent=16129"}],"wp:term":[{"taxonomy":"product_brand","embeddable":true,"href":"https:\/\/www.fjpremium.com\/pt\/wp-json\/wp\/v2\/product_brand?post=16129"},{"taxonomy":"product_cat","embeddable":true,"href":"https:\/\/www.fjpremium.com\/pt\/wp-json\/wp\/v2\/product_cat?post=16129"},{"taxonomy":"product_tag","embeddable":true,"href":"https:\/\/www.fjpremium.com\/pt\/wp-json\/wp\/v2\/product_tag?post=16129"}],"curies":[{"name":"wp","href":"https:\/\/api.w.org\/{rel}","templated":true}]}}