{"id":16128,"date":"2020-09-09T10:41:07","date_gmt":"2020-09-09T02:41:07","guid":{"rendered":"https:\/\/www.fjpremium.com\/?post_type=product&#038;p=16128"},"modified":"2023-12-14T13:45:52","modified_gmt":"2023-12-14T05:45:52","slug":"mini-hdmi-male-to-hdmi-female-coupler","status":"publish","type":"product","link":"https:\/\/www.fjpremium.com\/pt\/product\/mini-hdmi-male-to-hdmi-female-coupler\/","title":{"rendered":"Acoplador de adaptador HDMI para Mini HDMI f\u00eamea para macho"},"content":{"rendered":"<p>O adaptador faz a ponte, sem esfor\u00e7o, entre o mundo dos cabos HDMI normais e os dispositivos compactos com porta mini HDMI, como c\u00e2maras, tablets, drones e muito mais.<\/p>\n<p>N\u00e3o \u00e9 apenas um conetor, \u00e9 um bilhete para os reinos UHD, com resolu\u00e7\u00f5es at\u00e9 4Kx2K. Ir\u00e1 sentir uma imers\u00e3o como nunca antes com o seu suporte para \u00e1udio True HD 7.1 e v\u00eddeo 3D.<\/p>\n<p>O canal de retorno de \u00e1udio (ARC) e o canal Ethernet HDMI (HEC) deste adaptador integram perfeitamente as suas configura\u00e7\u00f5es.<\/p>\n<p>As suas especifica\u00e7\u00f5es:<\/p>\n<ul>\n<li>Conector 1: Mini HDMI macho<\/li>\n<li>Conector 2: HDMI f\u00eamea<\/li>\n<li>Caixa: Moldagem de pl\u00e1stico<\/li>\n<\/ul>\n<p>Al\u00e9m disso, os conectores banhados a ouro garantem uma condutividade e resist\u00eancia \u00e0 corros\u00e3o sem paralelo. E os degraus de ader\u00eancia adicionados facilitam a liga\u00e7\u00e3o e a remo\u00e7\u00e3o da ficha.<\/p>\n<p>Em suma, contacte-nos hoje e adicione o nosso adaptador HDMI para mini HDMI ao seu invent\u00e1rio.<\/p>","protected":false},"excerpt":{"rendered":"<p>Liberte experi\u00eancias 4K e True HD com o adaptador HDMI para mini HDMI da FARSINCE, conex\u00e3o perfeita para c\u00e2meras, tablets e muito mais.<\/p>","protected":false},"featured_media":16141,"template":"","meta":{"_acf_changed":false,"_seopress_robots_primary_cat":"","_seopress_titles_title":"Female to Male HDMI to Mini HDMI Adapter Coupler %%sep%% %%sitetitle%%","_seopress_titles_desc":"","_seopress_robots_index":"","site-sidebar-layout":"default","site-content-layout":"default","ast-site-content-layout":"default","site-content-style":"default","site-sidebar-style":"default","ast-global-header-display":"","ast-banner-title-visibility":"","ast-main-header-display":"","ast-hfb-above-header-display":"","ast-hfb-below-header-display":"","ast-hfb-mobile-header-display":"","site-post-title":"","ast-breadcrumbs-content":"","ast-featured-img":"","footer-sml-layout":"","ast-disable-related-posts":"","theme-transparent-header-meta":"default","adv-header-id-meta":"","stick-header-meta":"","header-above-stick-meta":"","header-main-stick-meta":"","header-below-stick-meta":"","astra-migrate-meta-layouts":"set","ast-page-background-enabled":"default","ast-page-background-meta":{"desktop":{"background-color":"","background-image":"","background-repeat":"repeat","background-position":"center center","background-size":"auto","background-attachment":"scroll","background-type":"","background-media":"","overlay-type":"","overlay-color":"","overlay-opacity":"","overlay-gradient":""},"tablet":{"background-color":"","background-image":"","background-repeat":"repeat","background-position":"center center","background-size":"auto","background-attachment":"scroll","background-type":"","background-media":"","overlay-type":"","overlay-color":"","overlay-opacity":"","overlay-gradient":""},"mobile":{"background-color":"","background-image":"","background-repeat":"repeat","background-position":"center center","background-size":"auto","background-attachment":"scroll","background-type":"","background-media":"","overlay-type":"","overlay-color":"","overlay-opacity":"","overlay-gradient":""}},"ast-content-background-meta":{"desktop":{"background-color":"var(--ast-global-color-5)","background-image":"","background-repeat":"repeat","background-position":"center center","background-size":"auto","background-attachment":"scroll","background-type":"","background-media":"","overlay-type":"","overlay-color":"","overlay-opacity":"","overlay-gradient":""},"tablet":{"background-color":"var(--ast-global-color-5)","background-image":"","background-repeat":"repeat","background-position":"center center","background-size":"auto","background-attachment":"scroll","background-type":"","background-media":"","overlay-type":"","overlay-color":"","overlay-opacity":"","overlay-gradient":""},"mobile":{"background-color":"var(--ast-global-color-5)","background-image":"","background-repeat":"repeat","background-position":"center center","background-size":"auto","background-attachment":"scroll","background-type":"","background-media":"","overlay-type":"","overlay-color":"","overlay-opacity":"","overlay-gradient":""}},"iawp_total_views":4},"product_brand":[],"product_cat":[211,642],"product_tag":[],"class_list":{"0":"post-16128","1":"product","2":"type-product","3":"status-publish","4":"has-post-thumbnail","6":"product_cat-hdmi","7":"product_cat-hdmi-adapters","8":"desktop-align-left","9":"tablet-align-left","10":"mobile-align-left","12":"first","13":"instock","14":"shipping-taxable","15":"purchasable","16":"product-type-simple"},"acf":[],"_links":{"self":[{"href":"https:\/\/www.fjpremium.com\/pt\/wp-json\/wp\/v2\/product\/16128","targetHints":{"allow":["GET"]}}],"collection":[{"href":"https:\/\/www.fjpremium.com\/pt\/wp-json\/wp\/v2\/product"}],"about":[{"href":"https:\/\/www.fjpremium.com\/pt\/wp-json\/wp\/v2\/types\/product"}],"wp:featuredmedia":[{"embeddable":true,"href":"https:\/\/www.fjpremium.com\/pt\/wp-json\/wp\/v2\/media\/16141"}],"wp:attachment":[{"href":"https:\/\/www.fjpremium.com\/pt\/wp-json\/wp\/v2\/media?parent=16128"}],"wp:term":[{"taxonomy":"product_brand","embeddable":true,"href":"https:\/\/www.fjpremium.com\/pt\/wp-json\/wp\/v2\/product_brand?post=16128"},{"taxonomy":"product_cat","embeddable":true,"href":"https:\/\/www.fjpremium.com\/pt\/wp-json\/wp\/v2\/product_cat?post=16128"},{"taxonomy":"product_tag","embeddable":true,"href":"https:\/\/www.fjpremium.com\/pt\/wp-json\/wp\/v2\/product_tag?post=16128"}],"curies":[{"name":"wp","href":"https:\/\/api.w.org\/{rel}","templated":true}]}}