{"id":16127,"date":"2020-09-09T10:41:05","date_gmt":"2020-09-09T02:41:05","guid":{"rendered":"https:\/\/www.fjpremium.com\/?post_type=product&#038;p=16127"},"modified":"2023-12-14T13:45:52","modified_gmt":"2023-12-14T05:45:52","slug":"hdmi-male-to-female-extension-coupler","status":"publish","type":"product","link":"https:\/\/www.fjpremium.com\/pt\/product\/hdmi-male-to-female-extension-coupler\/","title":{"rendered":"Adaptador HDMI de \u00e2ngulo reto Conector macho de 19 pinos para conetor f\u00eamea Acoplador adaptador extensor"},"content":{"rendered":"<p>Especialmente concebido para espa\u00e7os com cantos apertados ou espa\u00e7o limitado na parede, o nosso adaptador HDMI de \u00e2ngulo reto garante que nunca ter\u00e1 de comprometer a integridade dos seus cabos HDMI.<\/p>\n<p>\u00c9 uma garantia de que os seus cabos HDMI n\u00e3o se dobrar\u00e3o excessivamente, protegendo o cabo e as portas do seu valioso equipamento.<\/p>\n<p>Al\u00e9m disso, equipado com um conetor HDMI macho-f\u00eamea banhado a ouro de 90 graus, promete um desempenho \u00f3timo, suportando resolu\u00e7\u00f5es at\u00e9 4Kx2K.<\/p>\n<p>As suas especifica\u00e7\u00f5es:<\/p>\n<ul>\n<li>Conector 1: HDMI macho<\/li>\n<li>Conector 2: HDMI f\u00eamea<\/li>\n<li>Caixa: Moldagem de pl\u00e1stico<\/li>\n<\/ul>\n<p>Quer esteja a utilizar um TV Stick, uma Xbox, uma PS4 ou uma Nintendo Switch, este adaptador aumenta o seu alcance sem problemas.<\/p>\n<p>Pode mergulhar na versatilidade com v\u00e1rias op\u00e7\u00f5es, rectas, inclinadas em v\u00e1rias direc\u00e7\u00f5es, rotativas e com ou sem parafusos. Em conclus\u00e3o, contacte-nos hoje mesmo e invista nele.<\/p>","protected":false},"excerpt":{"rendered":"<p>Desbloqueie um mundo de conetividade sem restri\u00e7\u00f5es com o adaptador HDMI de \u00e2ngulo reto da Farsince, com suporte at\u00e9 4Kx2K, perfeito para espa\u00e7os apertados.<\/p>","protected":false},"featured_media":24062,"template":"","meta":{"_acf_changed":false,"_seopress_robots_primary_cat":"","_seopress_titles_title":"Best Right Angle HDMI Adapter %%sep%% %%sitetitle%%","_seopress_titles_desc":"","_seopress_robots_index":"","site-sidebar-layout":"default","site-content-layout":"default","ast-site-content-layout":"default","site-content-style":"default","site-sidebar-style":"default","ast-global-header-display":"","ast-banner-title-visibility":"","ast-main-header-display":"","ast-hfb-above-header-display":"","ast-hfb-below-header-display":"","ast-hfb-mobile-header-display":"","site-post-title":"","ast-breadcrumbs-content":"","ast-featured-img":"","footer-sml-layout":"","ast-disable-related-posts":"","theme-transparent-header-meta":"default","adv-header-id-meta":"","stick-header-meta":"","header-above-stick-meta":"","header-main-stick-meta":"","header-below-stick-meta":"","astra-migrate-meta-layouts":"set","ast-page-background-enabled":"default","ast-page-background-meta":{"desktop":{"background-color":"","background-image":"","background-repeat":"repeat","background-position":"center center","background-size":"auto","background-attachment":"scroll","background-type":"","background-media":"","overlay-type":"","overlay-color":"","overlay-opacity":"","overlay-gradient":""},"tablet":{"background-color":"","background-image":"","background-repeat":"repeat","background-position":"center center","background-size":"auto","background-attachment":"scroll","background-type":"","background-media":"","overlay-type":"","overlay-color":"","overlay-opacity":"","overlay-gradient":""},"mobile":{"background-color":"","background-image":"","background-repeat":"repeat","background-position":"center center","background-size":"auto","background-attachment":"scroll","background-type":"","background-media":"","overlay-type":"","overlay-color":"","overlay-opacity":"","overlay-gradient":""}},"ast-content-background-meta":{"desktop":{"background-color":"var(--ast-global-color-5)","background-image":"","background-repeat":"repeat","background-position":"center center","background-size":"auto","background-attachment":"scroll","background-type":"","background-media":"","overlay-type":"","overlay-color":"","overlay-opacity":"","overlay-gradient":""},"tablet":{"background-color":"var(--ast-global-color-5)","background-image":"","background-repeat":"repeat","background-position":"center center","background-size":"auto","background-attachment":"scroll","background-type":"","background-media":"","overlay-type":"","overlay-color":"","overlay-opacity":"","overlay-gradient":""},"mobile":{"background-color":"var(--ast-global-color-5)","background-image":"","background-repeat":"repeat","background-position":"center center","background-size":"auto","background-attachment":"scroll","background-type":"","background-media":"","overlay-type":"","overlay-color":"","overlay-opacity":"","overlay-gradient":""}},"iawp_total_views":5},"product_brand":[],"product_cat":[211,642],"product_tag":[],"class_list":{"0":"post-16127","1":"product","2":"type-product","3":"status-publish","4":"has-post-thumbnail","6":"product_cat-hdmi","7":"product_cat-hdmi-adapters","8":"desktop-align-left","9":"tablet-align-left","10":"mobile-align-left","12":"first","13":"instock","14":"shipping-taxable","15":"purchasable","16":"product-type-simple"},"acf":[],"_links":{"self":[{"href":"https:\/\/www.fjpremium.com\/pt\/wp-json\/wp\/v2\/product\/16127","targetHints":{"allow":["GET"]}}],"collection":[{"href":"https:\/\/www.fjpremium.com\/pt\/wp-json\/wp\/v2\/product"}],"about":[{"href":"https:\/\/www.fjpremium.com\/pt\/wp-json\/wp\/v2\/types\/product"}],"wp:featuredmedia":[{"embeddable":true,"href":"https:\/\/www.fjpremium.com\/pt\/wp-json\/wp\/v2\/media\/24062"}],"wp:attachment":[{"href":"https:\/\/www.fjpremium.com\/pt\/wp-json\/wp\/v2\/media?parent=16127"}],"wp:term":[{"taxonomy":"product_brand","embeddable":true,"href":"https:\/\/www.fjpremium.com\/pt\/wp-json\/wp\/v2\/product_brand?post=16127"},{"taxonomy":"product_cat","embeddable":true,"href":"https:\/\/www.fjpremium.com\/pt\/wp-json\/wp\/v2\/product_cat?post=16127"},{"taxonomy":"product_tag","embeddable":true,"href":"https:\/\/www.fjpremium.com\/pt\/wp-json\/wp\/v2\/product_tag?post=16127"}],"curies":[{"name":"wp","href":"https:\/\/api.w.org\/{rel}","templated":true}]}}