{"id":16119,"date":"2020-09-09T10:39:05","date_gmt":"2020-09-09T02:39:05","guid":{"rendered":"https:\/\/www.fjpremium.com\/?post_type=product&#038;p=16119"},"modified":"2023-12-14T13:45:53","modified_gmt":"2023-12-14T05:45:53","slug":"hdmi-female-to-female-coupler","status":"publish","type":"product","link":"https:\/\/www.fjpremium.com\/pt\/product\/hdmi-female-to-female-coupler\/","title":{"rendered":"Acoplador adaptador de extens\u00e3o de conetor HDMI de 19 pinos com \u00f3timo pre\u00e7o para TV"},"content":{"rendered":"<p>Com um pre\u00e7o atrativo, este conetor tem tudo o que precisa para ligar dispositivos como leitores Blu-ray, Fire TV ou consolas de jogos a ecr\u00e3s e receptores.<\/p>\n<p>Com um conetor banhado a ouro, garante a integridade e a qualidade da sua transmiss\u00e3o, mesmo com resolu\u00e7\u00f5es at\u00e9 4Kx2K.<\/p>\n<p>As suas especifica\u00e7\u00f5es:<\/p>\n<ul>\n<li>Conector 1: HDMI f\u00eamea<\/li>\n<li>Conector 2: HDMI f\u00eamea<\/li>\n<li>Caixa: Moldagem de pl\u00e1stico<\/li>\n<\/ul>\n<p>Al\u00e9m disso, adaptada \u00e0s suas necessidades, est\u00e1 dispon\u00edvel em v\u00e1rias configura\u00e7\u00f5es, quer seja direita, inclinada em diferentes direc\u00e7\u00f5es, rotativa ou com parafusos opcionais.<\/p>\n<p>Em resumo, contacte-nos hoje e encomende o conetor HDMI de 19 pinos.<\/p>","protected":false},"excerpt":{"rendered":"<p>Entre num mundo onde a extens\u00e3o \u00e9 f\u00e1cil com o conetor HDMI de 19 pinos da Farsince, que promete um suporte 4Kx2K sem falhas, diversas configura\u00e7\u00f5es e um pre\u00e7o imbat\u00edvel.<\/p>","protected":false},"featured_media":16120,"template":"","meta":{"_acf_changed":false,"_seopress_robots_primary_cat":"","_seopress_titles_title":"19 Pin HDMI Connector Extender Adapter Coupler %%sep%% %%sitetitle%%","_seopress_titles_desc":"Step into a world where extension is effortless with the Farsince 19 pin HDMI connector, promising flawless 4Kx2K support and unbeatable pricing.","_seopress_robots_index":"","site-sidebar-layout":"default","site-content-layout":"default","ast-site-content-layout":"default","site-content-style":"default","site-sidebar-style":"default","ast-global-header-display":"","ast-banner-title-visibility":"","ast-main-header-display":"","ast-hfb-above-header-display":"","ast-hfb-below-header-display":"","ast-hfb-mobile-header-display":"","site-post-title":"","ast-breadcrumbs-content":"","ast-featured-img":"","footer-sml-layout":"","ast-disable-related-posts":"","theme-transparent-header-meta":"default","adv-header-id-meta":"","stick-header-meta":"","header-above-stick-meta":"","header-main-stick-meta":"","header-below-stick-meta":"","astra-migrate-meta-layouts":"set","ast-page-background-enabled":"default","ast-page-background-meta":{"desktop":{"background-color":"","background-image":"","background-repeat":"repeat","background-position":"center center","background-size":"auto","background-attachment":"scroll","background-type":"","background-media":"","overlay-type":"","overlay-color":"","overlay-opacity":"","overlay-gradient":""},"tablet":{"background-color":"","background-image":"","background-repeat":"repeat","background-position":"center center","background-size":"auto","background-attachment":"scroll","background-type":"","background-media":"","overlay-type":"","overlay-color":"","overlay-opacity":"","overlay-gradient":""},"mobile":{"background-color":"","background-image":"","background-repeat":"repeat","background-position":"center center","background-size":"auto","background-attachment":"scroll","background-type":"","background-media":"","overlay-type":"","overlay-color":"","overlay-opacity":"","overlay-gradient":""}},"ast-content-background-meta":{"desktop":{"background-color":"var(--ast-global-color-5)","background-image":"","background-repeat":"repeat","background-position":"center center","background-size":"auto","background-attachment":"scroll","background-type":"","background-media":"","overlay-type":"","overlay-color":"","overlay-opacity":"","overlay-gradient":""},"tablet":{"background-color":"var(--ast-global-color-5)","background-image":"","background-repeat":"repeat","background-position":"center center","background-size":"auto","background-attachment":"scroll","background-type":"","background-media":"","overlay-type":"","overlay-color":"","overlay-opacity":"","overlay-gradient":""},"mobile":{"background-color":"var(--ast-global-color-5)","background-image":"","background-repeat":"repeat","background-position":"center center","background-size":"auto","background-attachment":"scroll","background-type":"","background-media":"","overlay-type":"","overlay-color":"","overlay-opacity":"","overlay-gradient":""}},"iawp_total_views":13},"product_brand":[],"product_cat":[211,642],"product_tag":[],"class_list":{"0":"post-16119","1":"product","2":"type-product","3":"status-publish","4":"has-post-thumbnail","6":"product_cat-hdmi","7":"product_cat-hdmi-adapters","8":"desktop-align-left","9":"tablet-align-left","10":"mobile-align-left","12":"first","13":"instock","14":"shipping-taxable","15":"purchasable","16":"product-type-simple"},"acf":[],"_links":{"self":[{"href":"https:\/\/www.fjpremium.com\/pt\/wp-json\/wp\/v2\/product\/16119","targetHints":{"allow":["GET"]}}],"collection":[{"href":"https:\/\/www.fjpremium.com\/pt\/wp-json\/wp\/v2\/product"}],"about":[{"href":"https:\/\/www.fjpremium.com\/pt\/wp-json\/wp\/v2\/types\/product"}],"wp:featuredmedia":[{"embeddable":true,"href":"https:\/\/www.fjpremium.com\/pt\/wp-json\/wp\/v2\/media\/16120"}],"wp:attachment":[{"href":"https:\/\/www.fjpremium.com\/pt\/wp-json\/wp\/v2\/media?parent=16119"}],"wp:term":[{"taxonomy":"product_brand","embeddable":true,"href":"https:\/\/www.fjpremium.com\/pt\/wp-json\/wp\/v2\/product_brand?post=16119"},{"taxonomy":"product_cat","embeddable":true,"href":"https:\/\/www.fjpremium.com\/pt\/wp-json\/wp\/v2\/product_cat?post=16119"},{"taxonomy":"product_tag","embeddable":true,"href":"https:\/\/www.fjpremium.com\/pt\/wp-json\/wp\/v2\/product_tag?post=16119"}],"curies":[{"name":"wp","href":"https:\/\/api.w.org\/{rel}","templated":true}]}}